{"id":7612,"date":"2018-02-16T13:13:00","date_gmt":"2018-02-16T12:13:00","guid":{"rendered":"https:\/\/solida.com.es\/aviso-legal-2\/"},"modified":"2025-07-01T10:30:28","modified_gmt":"2025-07-01T08:30:28","slug":"aviso-legal-2","status":"publish","type":"page","link":"https:\/\/solida.com.es\/pt-br\/aviso-legal-2\/","title":{"rendered":"Aviso Legal"},"content":{"rendered":"<section class=\"l-section wpb_row height_medium\"><div class=\"l-section-h i-cf\"><div class=\"g-cols vc_row via_flex valign_top type_default stacking_default\"><div class=\"vc_col-sm-12 wpb_column vc_column_container\"><div class=\"vc_column-inner\"><div class=\"wpb_wrapper\"><div class=\"wpb_text_column\"><div class=\"wpb_wrapper\"><h1>Aviso legal<\/h1>\n<p class=\"titular\">Dados de identifica\u00e7\u00e3o<\/p>\n<table style=\"width: 50%;\">\n<tbody>\n<tr>\n<th colspan=\"2\">PROPRIET\u00c1RIO DO SITE<\/th>\n<\/tr>\n<tr>\n<td>DENOMINA\u00c7\u00c3O SOCIAL<\/td>\n<td>S\u00d3LIDA ENERG\u00cdAS RENOVABLES S.L.<\/td>\n<\/tr>\n<tr>\n<td>CPF\/CNPJ<\/td>\n<td>B85294437<\/td>\n<\/tr>\n<tr>\n<td>DOMIC\u00ccLIO SOCIAL<\/td>\n<td>C\/ Musgo 2, 1.\u00ba, Planta C, Edif. Europa II, 28023 Madrid.<\/td>\n<\/tr>\n<tr>\n<td>CONTATO<\/td>\n<td>Telefone: 914855316<br \/>\nE-mail: dpo@solida.com<\/td>\n<\/tr>\n<tr>\n<td>DADOS DE REGISTRO NO REGISTRO COMERCIAL<\/td>\n<td>Tomo 25099, Libro 0, Folio 46, Secci\u00f3n 8, Hoja M-452067d.<\/td>\n<\/tr>\n<\/tbody>\n<\/table>\n<p class=\"titular\">Links<\/p>\n<p class=\"parrafo\">Caso este site possa conter links para outros portais ou sites n\u00e3o gerenciados pela S\u00d3LIDA, esta empresa declara que n\u00e3o tem controle sobre esses sites e n\u00e3o \u00e9 respons\u00e1vel por seu conte\u00fado. Os links que este site pode conter s\u00e3o oferecidos apenas como refer\u00eancias informativas, sem qualquer tipo de avalia\u00e7\u00e3o dos conte\u00fados, propriet\u00e1rios, servi\u00e7os ou produtos oferecidos neles.<\/p>\n<p class=\"parrafo\">Em qualquer caso, a S\u00d3LIDA fica exonerada de toda responsabilidade em rela\u00e7\u00e3o aos servi\u00e7os prestados por esses terceiros no que diz respeito a quaisquer reclama\u00e7\u00f5es de qualquer natureza e a\u00e7\u00f5es judiciais que possam ser movidas em rela\u00e7\u00e3o aos mesmos.<\/p>\n<p class=\"titular\">Lei aplic\u00e1vel<\/p>\n<p class=\"parrafo\">A rela\u00e7\u00e3o entre a SOLIDA e o Usu\u00e1rio ser\u00e1 regida pela legisla\u00e7\u00e3o espanhola. Para a resolu\u00e7\u00e3o de qualquer discrep\u00e2ncia que possa surgir entre a S\u00d3LIDA e o Usu\u00e1rio, ambas as partes, com ren\u00fancia expressa a qualquer outro foro que lhes possa corresponder, submetem-se \u00e0 jurisdi\u00e7\u00e3o dos Juizados e Tribunais da cidade de Madri.<\/p>\n<\/div><\/div><\/div><\/div><\/div><\/div><\/div><\/section>\n","protected":false},"excerpt":{"rendered":"Aviso legal Dados de identifica\u00e7\u00e3o PROPRIET\u00c1RIO DO SITE DENOMINA\u00c7\u00c3O SOCIAL S\u00d3LIDA ENERG\u00cdAS RENOVABLES S.L. CPF\/CNPJ B85294437 DOMIC\u00ccLIO SOCIAL C\/ Musgo 2, 1.\u00ba, Planta C, Edif. Europa II, 28023 Madrid. CONTATO Telefone: 914855316 E-mail: dpo@solida.com DADOS DE REGISTRO NO REGISTRO COMERCIAL Tomo 25099, Libro 0, Folio 46, Secci\u00f3n 8, Hoja M-452067d. Links Caso este site possa...","protected":false},"author":3,"featured_media":3906,"parent":0,"menu_order":0,"comment_status":"closed","ping_status":"closed","template":"","meta":{"footnotes":""},"class_list":["post-7612","page","type-page","status-publish","has-post-thumbnail","hentry"],"yoast_head":"<!-- This site is optimized with the Yoast SEO plugin v27.4 - https:\/\/yoast.com\/product\/yoast-seo-wordpress\/ -->\n<title>Aviso Legal - S\u00f3lida<\/title>\n<meta name=\"robots\" content=\"index, follow, max-snippet:-1, max-image-preview:large, max-video-preview:-1\" \/>\n<link rel=\"canonical\" href=\"https:\/\/solida.com.es\/pt-br\/aviso-legal-2\/\" \/>\n<meta property=\"og:locale\" content=\"pt_BR\" \/>\n<meta property=\"og:type\" content=\"article\" \/>\n<meta property=\"og:title\" content=\"Aviso Legal - S\u00f3lida\" \/>\n<meta property=\"og:url\" content=\"https:\/\/solida.com.es\/pt-br\/aviso-legal-2\/\" \/>\n<meta property=\"og:site_name\" content=\"S\u00f3lida\" \/>\n<meta property=\"article:modified_time\" content=\"2025-07-01T08:30:28+00:00\" \/>\n<meta property=\"og:image\" content=\"https:\/\/solida.com.es\/wp-content\/uploads\/2017\/06\/header-post-infra.jpg\" \/>\n\t<meta property=\"og:image:width\" content=\"2000\" \/>\n\t<meta property=\"og:image:height\" content=\"225\" \/>\n\t<meta property=\"og:image:type\" content=\"image\/jpeg\" \/>\n<meta name=\"twitter:card\" content=\"summary_large_image\" \/>\n<meta name=\"twitter:label1\" content=\"Est. tempo de leitura\" \/>\n\t<meta name=\"twitter:data1\" content=\"2 minutos\" \/>\n<script type=\"application\/ld+json\" class=\"yoast-schema-graph\">{\"@context\":\"https:\\\/\\\/schema.org\",\"@graph\":[{\"@type\":\"WebPage\",\"@id\":\"https:\\\/\\\/solida.com.es\\\/pt-br\\\/aviso-legal-2\\\/\",\"url\":\"https:\\\/\\\/solida.com.es\\\/pt-br\\\/aviso-legal-2\\\/\",\"name\":\"Aviso Legal - S\u00f3lida\",\"isPartOf\":{\"@id\":\"https:\\\/\\\/solida.com.es\\\/pt-br\\\/#website\"},\"primaryImageOfPage\":{\"@id\":\"https:\\\/\\\/solida.com.es\\\/pt-br\\\/aviso-legal-2\\\/#primaryimage\"},\"image\":{\"@id\":\"https:\\\/\\\/solida.com.es\\\/pt-br\\\/aviso-legal-2\\\/#primaryimage\"},\"thumbnailUrl\":\"https:\\\/\\\/solida.com.es\\\/wp-content\\\/uploads\\\/2017\\\/06\\\/header-post-infra.jpg\",\"datePublished\":\"2018-02-16T12:13:00+00:00\",\"dateModified\":\"2025-07-01T08:30:28+00:00\",\"breadcrumb\":{\"@id\":\"https:\\\/\\\/solida.com.es\\\/pt-br\\\/aviso-legal-2\\\/#breadcrumb\"},\"inLanguage\":\"pt-BR\",\"potentialAction\":[{\"@type\":\"ReadAction\",\"target\":[\"https:\\\/\\\/solida.com.es\\\/pt-br\\\/aviso-legal-2\\\/\"]}]},{\"@type\":\"ImageObject\",\"inLanguage\":\"pt-BR\",\"@id\":\"https:\\\/\\\/solida.com.es\\\/pt-br\\\/aviso-legal-2\\\/#primaryimage\",\"url\":\"https:\\\/\\\/solida.com.es\\\/wp-content\\\/uploads\\\/2017\\\/06\\\/header-post-infra.jpg\",\"contentUrl\":\"https:\\\/\\\/solida.com.es\\\/wp-content\\\/uploads\\\/2017\\\/06\\\/header-post-infra.jpg\",\"width\":2000,\"height\":225},{\"@type\":\"BreadcrumbList\",\"@id\":\"https:\\\/\\\/solida.com.es\\\/pt-br\\\/aviso-legal-2\\\/#breadcrumb\",\"itemListElement\":[{\"@type\":\"ListItem\",\"position\":1,\"name\":\"Portada\",\"item\":\"https:\\\/\\\/solida.com.es\\\/pt-br\\\/\"},{\"@type\":\"ListItem\",\"position\":2,\"name\":\"Aviso Legal\"}]},{\"@type\":\"WebSite\",\"@id\":\"https:\\\/\\\/solida.com.es\\\/pt-br\\\/#website\",\"url\":\"https:\\\/\\\/solida.com.es\\\/pt-br\\\/\",\"name\":\"S\u00f3lida\",\"description\":\"Ingeniera especializada en renovables\",\"potentialAction\":[{\"@type\":\"SearchAction\",\"target\":{\"@type\":\"EntryPoint\",\"urlTemplate\":\"https:\\\/\\\/solida.com.es\\\/pt-br\\\/?s={search_term_string}\"},\"query-input\":{\"@type\":\"PropertyValueSpecification\",\"valueRequired\":true,\"valueName\":\"search_term_string\"}}],\"inLanguage\":\"pt-BR\"}]}<\/script>\n<!-- \/ Yoast SEO plugin. -->","yoast_head_json":{"title":"Aviso Legal - S\u00f3lida","robots":{"index":"index","follow":"follow","max-snippet":"max-snippet:-1","max-image-preview":"max-image-preview:large","max-video-preview":"max-video-preview:-1"},"canonical":"https:\/\/solida.com.es\/pt-br\/aviso-legal-2\/","og_locale":"pt_BR","og_type":"article","og_title":"Aviso Legal - S\u00f3lida","og_url":"https:\/\/solida.com.es\/pt-br\/aviso-legal-2\/","og_site_name":"S\u00f3lida","article_modified_time":"2025-07-01T08:30:28+00:00","og_image":[{"width":2000,"height":225,"url":"https:\/\/solida.com.es\/wp-content\/uploads\/2017\/06\/header-post-infra.jpg","type":"image\/jpeg"}],"twitter_card":"summary_large_image","twitter_misc":{"Est. tempo de leitura":"2 minutos"},"schema":{"@context":"https:\/\/schema.org","@graph":[{"@type":"WebPage","@id":"https:\/\/solida.com.es\/pt-br\/aviso-legal-2\/","url":"https:\/\/solida.com.es\/pt-br\/aviso-legal-2\/","name":"Aviso Legal - S\u00f3lida","isPartOf":{"@id":"https:\/\/solida.com.es\/pt-br\/#website"},"primaryImageOfPage":{"@id":"https:\/\/solida.com.es\/pt-br\/aviso-legal-2\/#primaryimage"},"image":{"@id":"https:\/\/solida.com.es\/pt-br\/aviso-legal-2\/#primaryimage"},"thumbnailUrl":"https:\/\/solida.com.es\/wp-content\/uploads\/2017\/06\/header-post-infra.jpg","datePublished":"2018-02-16T12:13:00+00:00","dateModified":"2025-07-01T08:30:28+00:00","breadcrumb":{"@id":"https:\/\/solida.com.es\/pt-br\/aviso-legal-2\/#breadcrumb"},"inLanguage":"pt-BR","potentialAction":[{"@type":"ReadAction","target":["https:\/\/solida.com.es\/pt-br\/aviso-legal-2\/"]}]},{"@type":"ImageObject","inLanguage":"pt-BR","@id":"https:\/\/solida.com.es\/pt-br\/aviso-legal-2\/#primaryimage","url":"https:\/\/solida.com.es\/wp-content\/uploads\/2017\/06\/header-post-infra.jpg","contentUrl":"https:\/\/solida.com.es\/wp-content\/uploads\/2017\/06\/header-post-infra.jpg","width":2000,"height":225},{"@type":"BreadcrumbList","@id":"https:\/\/solida.com.es\/pt-br\/aviso-legal-2\/#breadcrumb","itemListElement":[{"@type":"ListItem","position":1,"name":"Portada","item":"https:\/\/solida.com.es\/pt-br\/"},{"@type":"ListItem","position":2,"name":"Aviso Legal"}]},{"@type":"WebSite","@id":"https:\/\/solida.com.es\/pt-br\/#website","url":"https:\/\/solida.com.es\/pt-br\/","name":"S\u00f3lida","description":"Ingeniera especializada en renovables","potentialAction":[{"@type":"SearchAction","target":{"@type":"EntryPoint","urlTemplate":"https:\/\/solida.com.es\/pt-br\/?s={search_term_string}"},"query-input":{"@type":"PropertyValueSpecification","valueRequired":true,"valueName":"search_term_string"}}],"inLanguage":"pt-BR"}]}},"_links":{"self":[{"href":"https:\/\/solida.com.es\/pt-br\/wp-json\/wp\/v2\/pages\/7612","targetHints":{"allow":["GET"]}}],"collection":[{"href":"https:\/\/solida.com.es\/pt-br\/wp-json\/wp\/v2\/pages"}],"about":[{"href":"https:\/\/solida.com.es\/pt-br\/wp-json\/wp\/v2\/types\/page"}],"author":[{"embeddable":true,"href":"https:\/\/solida.com.es\/pt-br\/wp-json\/wp\/v2\/users\/3"}],"replies":[{"embeddable":true,"href":"https:\/\/solida.com.es\/pt-br\/wp-json\/wp\/v2\/comments?post=7612"}],"version-history":[{"count":2,"href":"https:\/\/solida.com.es\/pt-br\/wp-json\/wp\/v2\/pages\/7612\/revisions"}],"predecessor-version":[{"id":9217,"href":"https:\/\/solida.com.es\/pt-br\/wp-json\/wp\/v2\/pages\/7612\/revisions\/9217"}],"wp:featuredmedia":[{"embeddable":true,"href":"https:\/\/solida.com.es\/pt-br\/wp-json\/wp\/v2\/media\/3906"}],"wp:attachment":[{"href":"https:\/\/solida.com.es\/pt-br\/wp-json\/wp\/v2\/media?parent=7612"}],"curies":[{"name":"wp","href":"https:\/\/api.w.org\/{rel}","templated":true}]}}