{"id":7611,"date":"2018-06-20T13:14:30","date_gmt":"2018-06-20T11:14:30","guid":{"rendered":"https:\/\/solida.com.es\/qualidade-meio-ambiente-e-saude-e-seguranca\/"},"modified":"2018-06-20T13:14:30","modified_gmt":"2018-06-20T11:14:30","slug":"qualidade-meio-ambiente-e-saude-e-seguranca","status":"publish","type":"page","link":"https:\/\/solida.com.es\/pt-br\/qualidade-meio-ambiente-e-saude-e-seguranca\/","title":{"rendered":"Qualidade, meio ambiente e sa\u00fade e seguran\u00e7a"},"content":{"rendered":"<h1>Pol\u00edtica de qualidade, meio ambiente e sa\u00fade e seguran\u00e7a<\/h1>\n<p>A <strong>S\u00d3LIDA ENERG\u00cdAS RENOVABLES<\/strong> \u00e9 uma empresa independente, fundada em 2007, que fornece servi\u00e7os de alto valor agregado no setor de energia renov\u00e1vel. Nosso objetivo futuro \u00e9 alcan\u00e7ar uma posi\u00e7\u00e3o de lideran\u00e7a no campo de &#8220;Servi\u00e7os de engenharia e consultoria em usinas de gera\u00e7\u00e3o de energia e redes el\u00e9tricas. Gerenciamento e supervis\u00e3o de locais de usinas de energia renov\u00e1vel&#8221;.<\/p>\n<p>Com esse objetivo em mente, nossa filosofia \u00e9 oferecer servi\u00e7os com os mais altos n\u00edveis de qualidade, prote\u00e7\u00e3o ambiental, sa\u00fade e seguran\u00e7a no trabalho, incorporando, como valores diferenciais, a capacidade de resposta, a alta qualifica\u00e7\u00e3o de nossos profissionais, a capacidade e a compet\u00eancia t\u00e9cnica por meio da incorpora\u00e7\u00e3o de equipamentos e infraestrutura de primeira linha, o que nos torna uma organiza\u00e7\u00e3o que incorpora os valores de uma grande empresa que gerencia seus recursos de forma eficaz e eficiente.<\/p>\n<p>Para alcan\u00e7ar os objetivos estabelecidos, a Diretoria se compromete a dedicar todo o seu potencial econ\u00f4mico, tecnol\u00f3gico e humano a essa tarefa, de modo que a organiza\u00e7\u00e3o da empresa, sua pol\u00edtica de investimentos, o desenvolvimento de novos m\u00e9todos e os recursos humanos estejam orientados principalmente para a satisfa\u00e7\u00e3o das necessidades de nossos grupos de interesse e sujeitos \u00e0s diretrizes estabelecidas pela Diretoria da <strong>SOLIDA ENERG\u00cdAS RENOVABLES, S.L.<\/strong><\/p>\n<p>Nossos compromissos s\u00e3o:<\/p>\n<ul class=\"lista2-chevron\" style=\"list-style-type: none;\">\n<li>Para atender plenamente \u00e0s n<strong>ecessidades de nossos clientes e de outras partes interessadas<\/strong>, precisamos do envolvimento total de funcion\u00e1rios e fornecedores.<\/li>\n<li><strong>Cria\u00e7\u00e3o e manuten\u00e7\u00e3o de uma cultura de Qualidade e Prote\u00e7\u00e3o Ambiental<\/strong>, incluindo a preven\u00e7\u00e3o da polui\u00e7\u00e3o e outros compromissos espec\u00edficos relevantes para o contexto da organiza\u00e7\u00e3o, que \u00e9 adotada por todos os funcion\u00e1rios e forma a base de nossa atividade.<\/li>\n<li><strong>Proporcionar condi\u00e7\u00f5es de trabalho seguras e saud\u00e1veis<\/strong> para a preven\u00e7\u00e3o de les\u00f5es e danos \u00e0 sa\u00fade relacionados ao trabalho.<\/li>\n<li><strong>Eliminar perigos e reduzir riscos<\/strong> \u00e0 sa\u00fade e \u00e0 seguran\u00e7a no trabalho.<\/li>\n<li><strong>Direcionar nossos esfor\u00e7os para a melhoria cont\u00ednua<\/strong> de nosso sistema de gest\u00e3o da qualidade, ambiental e de SST, melhorando o desempenho, a qualidade de nossos servi\u00e7os e a efici\u00eancia de nossos processos, de modo que a <strong>capacidade de rea\u00e7\u00e3o<\/strong> e <strong>adaptabilidade<\/strong> da <strong>S\u00d3LIDA ENERG\u00cdAS RENOVABLES<\/strong>supere as expectativas do mercado.<\/li>\n<li><strong>Consulta e participa\u00e7\u00e3o dos trabalhadores<\/strong> e, quando houver, dos representantes dos trabalhadores.<\/li>\n<li><strong>Cumprir com todos os requisitos legais e outros.<\/strong><\/li>\n<li><strong>Servir como quadro de refer\u00eancia para o estabelecimento de Objetivos de Qualidade, Ambientais e de Sa\u00fade e Seguran\u00e7a.<\/strong><\/li>\n<li><strong>Garantir aos funcion\u00e1rios o n\u00edvel de treinamento, motiva\u00e7\u00e3o e meios t\u00e9cnicos necess\u00e1rios<\/strong> para o desenvolvimento eficiente de suas atividades.<\/li>\n<\/ul>\n<p>Esta pol\u00edtica adequada \u00e0 nossa organiza\u00e7\u00e3o \u00e9 comunicada e compreendida pelo pessoal, havendo um compromisso de sua parte de envolvimento e comprometimento com a Gest\u00e3o da Qualidade, do Meio Ambiente e da Sa\u00fade e Seguran\u00e7a.<\/p>\n<p>A Dire\u00e7\u00e3o da S<strong>\u00d3LIDA ENERG\u00cdAS RENOVABLES<\/strong> revisar\u00e1 e atualizar\u00e1 esta pol\u00edtica periodicamente atrav\u00e9s de um processo de melhoria cont\u00ednua.<\/p>\n<p>&nbsp;<\/p>\n<p>Janeiro 2023<\/p>\n","protected":false},"excerpt":{"rendered":"<p>Pol\u00edtica de qualidade, meio ambiente e sa\u00fade e seguran\u00e7a A S\u00d3LIDA ENERG\u00cdAS RENOVABLES \u00e9 uma empresa independente, fundada em 2007, que fornece servi\u00e7os de alto valor agregado no setor de energia renov\u00e1vel. Nosso objetivo futuro \u00e9 alcan\u00e7ar uma posi\u00e7\u00e3o de lideran\u00e7a no campo de &#8220;Servi\u00e7os de engenharia e consultoria em usinas de gera\u00e7\u00e3o de energia&#8230;<\/p>\n","protected":false},"author":3,"featured_media":3906,"parent":0,"menu_order":0,"comment_status":"closed","ping_status":"closed","template":"","meta":{"footnotes":""},"class_list":["post-7611","page","type-page","status-publish","has-post-thumbnail","hentry"],"yoast_head":"<!-- This site is optimized with the Yoast SEO plugin v27.6 - https:\/\/yoast.com\/product\/yoast-seo-wordpress\/ -->\n<title>Qualidade, meio ambiente e sa\u00fade e seguran\u00e7a - S\u00f3lida<\/title>\n<meta name=\"robots\" content=\"index, follow, max-snippet:-1, max-image-preview:large, max-video-preview:-1\" \/>\n<link rel=\"canonical\" href=\"https:\/\/solida.com.es\/pt-br\/qualidade-meio-ambiente-e-saude-e-seguranca\/\" \/>\n<meta property=\"og:locale\" content=\"pt_BR\" \/>\n<meta property=\"og:type\" content=\"article\" \/>\n<meta property=\"og:title\" content=\"Qualidade, meio ambiente e sa\u00fade e seguran\u00e7a - S\u00f3lida\" \/>\n<meta property=\"og:description\" content=\"Pol\u00edtica de qualidade, meio ambiente e sa\u00fade e seguran\u00e7a A S\u00d3LIDA ENERG\u00cdAS RENOVABLES \u00e9 uma empresa independente, fundada em 2007, que fornece servi\u00e7os de alto valor agregado no setor de energia renov\u00e1vel. Nosso objetivo futuro \u00e9 alcan\u00e7ar uma posi\u00e7\u00e3o de lideran\u00e7a no campo de &#8220;Servi\u00e7os de engenharia e consultoria em usinas de gera\u00e7\u00e3o de energia...\" \/>\n<meta property=\"og:url\" content=\"https:\/\/solida.com.es\/pt-br\/qualidade-meio-ambiente-e-saude-e-seguranca\/\" \/>\n<meta property=\"og:site_name\" content=\"S\u00f3lida\" \/>\n<meta name=\"twitter:card\" content=\"summary_large_image\" \/>\n<meta name=\"twitter:label1\" content=\"Est. tempo de leitura\" \/>\n\t<meta name=\"twitter:data1\" content=\"3 minutos\" \/>\n<script type=\"application\/ld+json\" class=\"yoast-schema-graph\">{\"@context\":\"https:\\\/\\\/schema.org\",\"@graph\":[{\"@type\":\"WebPage\",\"@id\":\"https:\\\/\\\/solida.com.es\\\/pt-br\\\/qualidade-meio-ambiente-e-saude-e-seguranca\\\/\",\"url\":\"https:\\\/\\\/solida.com.es\\\/pt-br\\\/qualidade-meio-ambiente-e-saude-e-seguranca\\\/\",\"name\":\"Qualidade, meio ambiente e sa\u00fade e seguran\u00e7a - S\u00f3lida\",\"isPartOf\":{\"@id\":\"https:\\\/\\\/solida.com.es\\\/pt-br\\\/#website\"},\"primaryImageOfPage\":{\"@id\":\"https:\\\/\\\/solida.com.es\\\/pt-br\\\/qualidade-meio-ambiente-e-saude-e-seguranca\\\/#primaryimage\"},\"image\":{\"@id\":\"https:\\\/\\\/solida.com.es\\\/pt-br\\\/qualidade-meio-ambiente-e-saude-e-seguranca\\\/#primaryimage\"},\"thumbnailUrl\":\"https:\\\/\\\/solida.com.es\\\/wp-content\\\/uploads\\\/2017\\\/06\\\/header-post-infra.jpg\",\"datePublished\":\"2018-06-20T11:14:30+00:00\",\"breadcrumb\":{\"@id\":\"https:\\\/\\\/solida.com.es\\\/pt-br\\\/qualidade-meio-ambiente-e-saude-e-seguranca\\\/#breadcrumb\"},\"inLanguage\":\"pt-BR\",\"potentialAction\":[{\"@type\":\"ReadAction\",\"target\":[\"https:\\\/\\\/solida.com.es\\\/pt-br\\\/qualidade-meio-ambiente-e-saude-e-seguranca\\\/\"]}]},{\"@type\":\"ImageObject\",\"inLanguage\":\"pt-BR\",\"@id\":\"https:\\\/\\\/solida.com.es\\\/pt-br\\\/qualidade-meio-ambiente-e-saude-e-seguranca\\\/#primaryimage\",\"url\":\"https:\\\/\\\/solida.com.es\\\/wp-content\\\/uploads\\\/2017\\\/06\\\/header-post-infra.jpg\",\"contentUrl\":\"https:\\\/\\\/solida.com.es\\\/wp-content\\\/uploads\\\/2017\\\/06\\\/header-post-infra.jpg\",\"width\":2000,\"height\":225},{\"@type\":\"BreadcrumbList\",\"@id\":\"https:\\\/\\\/solida.com.es\\\/pt-br\\\/qualidade-meio-ambiente-e-saude-e-seguranca\\\/#breadcrumb\",\"itemListElement\":[{\"@type\":\"ListItem\",\"position\":1,\"name\":\"Portada\",\"item\":\"https:\\\/\\\/solida.com.es\\\/pt-br\\\/\"},{\"@type\":\"ListItem\",\"position\":2,\"name\":\"Qualidade, meio ambiente e sa\u00fade e seguran\u00e7a\"}]},{\"@type\":\"WebSite\",\"@id\":\"https:\\\/\\\/solida.com.es\\\/pt-br\\\/#website\",\"url\":\"https:\\\/\\\/solida.com.es\\\/pt-br\\\/\",\"name\":\"S\u00f3lida\",\"description\":\"Ingeniera especializada en renovables\",\"potentialAction\":[{\"@type\":\"SearchAction\",\"target\":{\"@type\":\"EntryPoint\",\"urlTemplate\":\"https:\\\/\\\/solida.com.es\\\/pt-br\\\/?s={search_term_string}\"},\"query-input\":{\"@type\":\"PropertyValueSpecification\",\"valueRequired\":true,\"valueName\":\"search_term_string\"}}],\"inLanguage\":\"pt-BR\"}]}<\/script>\n<!-- \/ Yoast SEO plugin. -->","yoast_head_json":{"title":"Qualidade, meio ambiente e sa\u00fade e seguran\u00e7a - S\u00f3lida","robots":{"index":"index","follow":"follow","max-snippet":"max-snippet:-1","max-image-preview":"max-image-preview:large","max-video-preview":"max-video-preview:-1"},"canonical":"https:\/\/solida.com.es\/pt-br\/qualidade-meio-ambiente-e-saude-e-seguranca\/","og_locale":"pt_BR","og_type":"article","og_title":"Qualidade, meio ambiente e sa\u00fade e seguran\u00e7a - S\u00f3lida","og_description":"Pol\u00edtica de qualidade, meio ambiente e sa\u00fade e seguran\u00e7a A S\u00d3LIDA ENERG\u00cdAS RENOVABLES \u00e9 uma empresa independente, fundada em 2007, que fornece servi\u00e7os de alto valor agregado no setor de energia renov\u00e1vel. Nosso objetivo futuro \u00e9 alcan\u00e7ar uma posi\u00e7\u00e3o de lideran\u00e7a no campo de &#8220;Servi\u00e7os de engenharia e consultoria em usinas de gera\u00e7\u00e3o de energia...","og_url":"https:\/\/solida.com.es\/pt-br\/qualidade-meio-ambiente-e-saude-e-seguranca\/","og_site_name":"S\u00f3lida","twitter_card":"summary_large_image","twitter_misc":{"Est. tempo de leitura":"3 minutos"},"schema":{"@context":"https:\/\/schema.org","@graph":[{"@type":"WebPage","@id":"https:\/\/solida.com.es\/pt-br\/qualidade-meio-ambiente-e-saude-e-seguranca\/","url":"https:\/\/solida.com.es\/pt-br\/qualidade-meio-ambiente-e-saude-e-seguranca\/","name":"Qualidade, meio ambiente e sa\u00fade e seguran\u00e7a - S\u00f3lida","isPartOf":{"@id":"https:\/\/solida.com.es\/pt-br\/#website"},"primaryImageOfPage":{"@id":"https:\/\/solida.com.es\/pt-br\/qualidade-meio-ambiente-e-saude-e-seguranca\/#primaryimage"},"image":{"@id":"https:\/\/solida.com.es\/pt-br\/qualidade-meio-ambiente-e-saude-e-seguranca\/#primaryimage"},"thumbnailUrl":"https:\/\/solida.com.es\/wp-content\/uploads\/2017\/06\/header-post-infra.jpg","datePublished":"2018-06-20T11:14:30+00:00","breadcrumb":{"@id":"https:\/\/solida.com.es\/pt-br\/qualidade-meio-ambiente-e-saude-e-seguranca\/#breadcrumb"},"inLanguage":"pt-BR","potentialAction":[{"@type":"ReadAction","target":["https:\/\/solida.com.es\/pt-br\/qualidade-meio-ambiente-e-saude-e-seguranca\/"]}]},{"@type":"ImageObject","inLanguage":"pt-BR","@id":"https:\/\/solida.com.es\/pt-br\/qualidade-meio-ambiente-e-saude-e-seguranca\/#primaryimage","url":"https:\/\/solida.com.es\/wp-content\/uploads\/2017\/06\/header-post-infra.jpg","contentUrl":"https:\/\/solida.com.es\/wp-content\/uploads\/2017\/06\/header-post-infra.jpg","width":2000,"height":225},{"@type":"BreadcrumbList","@id":"https:\/\/solida.com.es\/pt-br\/qualidade-meio-ambiente-e-saude-e-seguranca\/#breadcrumb","itemListElement":[{"@type":"ListItem","position":1,"name":"Portada","item":"https:\/\/solida.com.es\/pt-br\/"},{"@type":"ListItem","position":2,"name":"Qualidade, meio ambiente e sa\u00fade e seguran\u00e7a"}]},{"@type":"WebSite","@id":"https:\/\/solida.com.es\/pt-br\/#website","url":"https:\/\/solida.com.es\/pt-br\/","name":"S\u00f3lida","description":"Ingeniera especializada en renovables","potentialAction":[{"@type":"SearchAction","target":{"@type":"EntryPoint","urlTemplate":"https:\/\/solida.com.es\/pt-br\/?s={search_term_string}"},"query-input":{"@type":"PropertyValueSpecification","valueRequired":true,"valueName":"search_term_string"}}],"inLanguage":"pt-BR"}]}},"_links":{"self":[{"href":"https:\/\/solida.com.es\/pt-br\/wp-json\/wp\/v2\/pages\/7611","targetHints":{"allow":["GET"]}}],"collection":[{"href":"https:\/\/solida.com.es\/pt-br\/wp-json\/wp\/v2\/pages"}],"about":[{"href":"https:\/\/solida.com.es\/pt-br\/wp-json\/wp\/v2\/types\/page"}],"author":[{"embeddable":true,"href":"https:\/\/solida.com.es\/pt-br\/wp-json\/wp\/v2\/users\/3"}],"replies":[{"embeddable":true,"href":"https:\/\/solida.com.es\/pt-br\/wp-json\/wp\/v2\/comments?post=7611"}],"version-history":[{"count":0,"href":"https:\/\/solida.com.es\/pt-br\/wp-json\/wp\/v2\/pages\/7611\/revisions"}],"wp:featuredmedia":[{"embeddable":true,"href":"https:\/\/solida.com.es\/pt-br\/wp-json\/wp\/v2\/media\/3906"}],"wp:attachment":[{"href":"https:\/\/solida.com.es\/pt-br\/wp-json\/wp\/v2\/media?parent=7611"}],"curies":[{"name":"wp","href":"https:\/\/api.w.org\/{rel}","templated":true}]}}