{"id":7555,"date":"2018-02-16T13:12:34","date_gmt":"2018-02-16T12:12:34","guid":{"rendered":"https:\/\/solida.com.es\/politica-de-cookies-2\/"},"modified":"2023-09-06T13:47:08","modified_gmt":"2023-09-06T11:47:08","slug":"politica-de-cookies-2","status":"publish","type":"page","link":"https:\/\/solida.com.es\/pt-br\/politica-de-cookies-2\/","title":{"rendered":"Pol\u00edtica de Cookies"},"content":{"rendered":"<h1>Pol\u00edtica de cookies<\/h1>\n<h2>O que s\u00e3o cookies?<\/h2>\n<p class=\"parrafo\">O Site da <b> S\u00d3LIDA ENERG\u00cdAS RENOVABLES S.L. <\/b>(doravante \u201cSite\u201d) utiliza Cookies. Os cookies s\u00e3o arquivos enviados a um navegador por meio de um servidor web para registrar as atividades do Usu\u00e1rio em um determinado site. O primeiro objetivo dos Cookies \u00e9 proporcionar ao usu\u00e1rio um acesso mais r\u00e1pido aos servi\u00e7os selecionados. Al\u00e9m disso, os Cookies personalizam os servi\u00e7os oferecidos pelo Site, facilitando e oferecendo a cada usu\u00e1rio informa\u00e7\u00f5es que sejam do seu interesse ou que possam ser do seu interesse, com base na utiliza\u00e7\u00e3o que fazem dos Servi\u00e7os.<\/p>\n<p class=\"parrafo\">O Site utiliza Cookies para personalizar e facilitar ao m\u00e1ximo a navega\u00e7\u00e3o do usu\u00e1rio. Os cookies est\u00e3o associados apenas a um usu\u00e1rio an\u00f4nimo e seu computador, mas n\u00e3o fornecem refer\u00eancias que permitam deduzir os dados pessoais do usu\u00e1rio. O usu\u00e1rio pode configurar seu navegador para notificar e rejeitar a instala\u00e7\u00e3o de Cookies enviados pelo Site, sem que isso afete a capacidade do usu\u00e1rio de acessar os conte\u00fados do referido site. No entanto, gostar\u00edamos de salientar que, em qualquer caso, o desempenho do site pode diminuir.<\/p>\n<p class=\"parrafo\">O Google Analytics usa &#8220;cookies&#8221;, que s\u00e3o arquivos de texto colocados no seu computador, para ajudar o site a analisar como os usu\u00e1rios usam o site. O Google Analytics usa &#8220;cookies&#8221;, que s\u00e3o arquivos de texto colocados no seu computador, para ajudar o site a analisar como os usu\u00e1rios usam o site. As informa\u00e7\u00f5es geradas pelo cookie sobre seu uso do site (inclusive seu endere\u00e7o IP) ser\u00e3o transmitidas e armazenadas pelo Google em servidores nos Estados Unidos.  O Google usar\u00e1 essas informa\u00e7\u00f5es em nosso nome com a finalidade de rastrear seu uso do site, compilar relat\u00f3rios sobre a atividade do site para os operadores do site e fornecer outros servi\u00e7os relacionados \u00e0 atividade do site e ao uso da Internet.<\/p>\n<p class=\"parrafo\">Os usu\u00e1rios registrados, que se registram ou fazem login, poder\u00e3o se beneficiar de servi\u00e7os mais personalizados e direcionados, gra\u00e7as \u00e0 combina\u00e7\u00e3o dos dados armazenados nos cookies com os dados pessoais usados no momento do registro. Esses usu\u00e1rios autorizam expressamente o uso dessas informa\u00e7\u00f5es para os fins acima mencionados, sem preju\u00edzo de seu direito de recusar ou desativar o uso de cookies.<\/p>\n<p class=\"parrafo\">Da mesma forma, a Web poder\u00e1 conhecer todos os servi\u00e7os solicitados pelos usu\u00e1rios, para que possa fornecer ou oferecer informa\u00e7\u00f5es adequadas aos gostos e prefer\u00eancias de cada usu\u00e1rio.<\/p>\n<p class=\"titular\">Que tipos de cookies existem?<\/p>\n<p class=\"parrafo\">Os cookies, em fun\u00e7\u00e3o de sua <b>perman\u00eancia<\/b>, podem ser divididos em:<\/p>\n<table style=\"width: 75%;\">\n<tbody>\n<tr>\n<th>Cookies de sess\u00e3o<\/th>\n<td>Expiram quando o usu\u00e1rio fecha o navegador.<\/td>\n<\/tr>\n<tr>\n<th>Cookies persistentes<\/th>\n<td>Expiram em fun\u00e7\u00e3o de quando se cumpra a finalidade para a qual servem (por exemplo, para que o usu\u00e1rio permane\u00e7a identificado nos Servi\u00e7os) ou quando s\u00e3o exclu\u00eddos manualmente.<\/td>\n<\/tr>\n<\/tbody>\n<\/table>\n<p>Em fun\u00e7\u00e3o de seu <b>Propriet\u00e1rio<\/b>, podem ser divididos em:<\/p>\n<table style=\"width: 75%;\">\n<tbody>\n<tr>\n<th>Cookies pr\u00f3prios<\/th>\n<td>S\u00e3o aqueles que s\u00e3o enviados ao equipamento terminal do usu\u00e1rio a partir de um computador ou dom\u00ednio administrado pelo pr\u00f3prio editor e do qual \u00e9 prestado o servi\u00e7o solicitado pelo usu\u00e1rio.<\/td>\n<\/tr>\n<tr>\n<th>Cookies de terceiros<\/th>\n<td>S\u00e3o aqueles que s\u00e3o enviados ao equipamento terminal do usu\u00e1rio a partir de um computador ou dom\u00ednio que n\u00e3o \u00e9 gerenciado pelo editor, mas por outra entidade que processa os dados obtidos por meio de cookies.<\/td>\n<\/tr>\n<\/tbody>\n<\/table>\n<p>Al\u00e9m disto, em fun\u00e7\u00e3o de seu <b>Objetivo<\/b>, os cookies podem ser classificados da seguinte forma:<\/p>\n<table style=\"width: 75%;\">\n<tbody>\n<tr>\n<th>Cookies de rendimento<\/th>\n<td>Este tipo de Cookie lembra suas prefer\u00eancias para as ferramentas encontradas nos servi\u00e7os, para que n\u00e3o precise reconfigurar o servi\u00e7o cada vez que visita. Como exemplo, esta tipologia inclui:<br \/>\n\u2022 Ajustes de volume de reprodutores de v\u00eddeo ou som.<br \/>\n\u2022 As velocidades de transmiss\u00e3o de v\u00eddeo compat\u00edveis com o seu navegador.<\/td>\n<\/tr>\n<tr>\n<th>Cookies de<br \/>\nGeo-localiza\u00e7\u00e3o<\/th>\n<td>Esses cookies s\u00e3o usados para averiguar em que pa\u00eds se encontra quando um servi\u00e7o \u00e9 solicitado Este Cookie \u00e9 totalmente an\u00f4nimo e \u00e9 usado apenas para ajudar a orientar o conte\u00fado at\u00e9 sua localiza\u00e7\u00e3o.<\/td>\n<\/tr>\n<tr>\n<th>Cookies de registro<\/th>\n<td>Cookies de registro Os Cookies de Registo s\u00e3o gerados assim que o utilizador se regista ou posteriormente abre a sua sess\u00e3o, e s\u00e3o utilizados para o identificar nos servi\u00e7os com os seguintes objetivos:<br \/>\n\u2022 Manter o usu\u00e1rio identificado de tal forma que, caso feche um servi\u00e7o, o navegador ou o computador e em outra hora ou outro dia volte a entrar no referido servi\u00e7o, permanecer\u00e1 identificado, facilitando assim sua navega\u00e7\u00e3o sem ter que se identificar novamente. Esta funcionalidade pode ser suprimida se o usu\u00e1rio pressionar a funcionalidade \u201cfechar sess\u00e3o\u201d, para que este Cookie seja eliminado e na pr\u00f3xima vez que o usu\u00e1rio entrar no servi\u00e7o, ter\u00e1 que fazer o login para ser identificado.<br \/>\n\u2022 Comprovar que se o usu\u00e1rio est\u00e1 autorizado a acessar determinados servi\u00e7os, por exemplo, para participar de um concurso.<\/td>\n<\/tr>\n<tr>\n<th>Cookies anal\u00edticos<\/th>\n<td>Cada vez que um Usu\u00e1rio visita um servi\u00e7o, uma ferramenta de um fornecedor externo gera um Cookie anal\u00edtico no computador do usu\u00e1rio. Cada vez que um Usu\u00e1rio visita um servi\u00e7o, uma ferramenta de um fornecedor externo gera um Cookie anal\u00edtico no computador do usu\u00e1rio. Este Cookie, que s\u00f3 \u00e9 gerado durante a visita, ser\u00e1 utilizado em futuras visitas aos Servi\u00e7os do Site para identificar anonimamente o visitante. Os principais objetivos perseguidos s\u00e3o:<br \/>\n\u2022 Permitir a identifica\u00e7\u00e3o an\u00f4nima de usu\u00e1rios navegando atrav\u00e9s do \u201cCookie\u201d (identifica navegadores e dispositivos, n\u00e3o pessoas) e, portanto, a contagem aproximada do n\u00famero de visitantes e sua tend\u00eancia ao longo do tempo.<br \/>\n\u2022 Identificar anonimamente o conte\u00fado mais visitado e, portanto, o mais atraente para os usu\u00e1rios.<br \/>\n\u2022 Saber se o usu\u00e1rio que est\u00e1 acessando \u00e9 novo ou repete visita.<br \/>\nImportante: A menos que o usu\u00e1rio decida se cadastrar em um servi\u00e7o do Site, o \u201cCookie\u201d nunca ser\u00e1 associado a nenhum dado pessoal que possa identific\u00e1-lo. Estes cookies ser\u00e3o utilizados apenas para fins estat\u00edsticos que ajudem a otimizar a experi\u00eancia do usu\u00e1rio no site.<\/td>\n<\/tr>\n<tr>\n<th>Cookies de publicidade comportamental<\/th>\n<td>Este tipo de \u201cCookies\u201d permite ampliar as informa\u00e7\u00f5es dos an\u00fancios apresentados a cada utilizador an\u00f3nimo nos Servi\u00e7os do Site. Entre outros, a dura\u00e7\u00e3o ou frequ\u00eancia de exibi\u00e7\u00e3o das posi\u00e7\u00f5es publicit\u00e1rias, a intera\u00e7\u00e3o com as mesmas, ou os padr\u00f5es de navega\u00e7\u00e3o e\/ou compartilhamentos de usu\u00e1rios s\u00e3o armazenados, pois ajudam a formar um perfil de interesse publicit\u00e1rio. Desta forma, permitem oferecer publicidade relacionada aos interesses do usu\u00e1rio.<\/td>\n<\/tr>\n<tr>\n<th>Cookies publicit\u00e1rios de terceiros<\/th>\n<td>Al\u00e9m da publicidade gerenciada pelo Site em seus Servi\u00e7os, o Site oferece a seus anunciantes a op\u00e7\u00e3o de veicular an\u00fancios por meio de terceiros (\u201cAdServers\u201d). Desta forma, estes terceiros podem armazenar Cookies enviados desde os Servi\u00e7os do Site a partir dos navegadores dos Usu\u00e1rios, bem como acessar os dados que neles est\u00e3o armazenados.<\/td>\n<\/tr>\n<\/tbody>\n<\/table>\n<p class=\"titular\">Que cookies utilizamos?<\/p>\n<p>Cookies de terceiros<\/p>\n<table style=\"width: 75%;\">\n<tbody>\n<tr>\n<th>Nome<\/th>\n<th>Tipo<\/th>\n<th>Dom\u00ednio<\/th>\n<th>Vencimento<\/th>\n<th>Fun\u00e7\u00e3o<\/th>\n<th>Link opt-out<\/th>\n<\/tr>\n<tr>\n<td><b>_utma<\/b><\/td>\n<td>Anal\u00edtica<\/td>\n<td>.solida.com.es<\/td>\n<td>2 anos<\/td>\n<td>Coleta dados sobre o n\u00famero de vezes que um usu\u00e1rio visitou o site, bem como as datas da primeira e da mais recente visita. Usado pelo Google Analytics.<\/td>\n<td><a href=\"https:\/\/chrome.google.com\/webstore\/detail\/google-analytics-opt-out\/fllaojicojecljbmefodhfapmkghcbnh?hl=es\">Link opt-out <\/a><\/td>\n<\/tr>\n<tr>\n<td><b>_utmb<\/b><\/td>\n<td>Anal\u00edtica<\/td>\n<td>.solida.com.es<\/td>\n<td>1 d\u00eda<\/td>\n<td>Ele registra um carimbo de data\/hora com a hora exata em que o usu\u00e1rio acessa o site. Usado pelo Google Analytics para calcular a dura\u00e7\u00e3o de uma visita a um site.<\/td>\n<td><a href=\"https:\/\/chrome.google.com\/webstore\/detail\/google-analytics-opt-out\/fllaojicojecljbmefodhfapmkghcbnh?hl=es\">Link opt-out <\/a><\/td>\n<\/tr>\n<tr>\n<td><b>_utmc<\/b><\/td>\n<td>Anal\u00edtica<\/td>\n<td>.solida.com.es<\/td>\n<td>Sess\u00e3o<\/td>\n<td>Ele registra um carimbo de data\/hora com a hora exata em que o usu\u00e1rio sai do site. Usado pelo Google Analytics para calcular a dura\u00e7\u00e3o de uma visita a um site.<\/td>\n<td><a href=\"https:\/\/chrome.google.com\/webstore\/detail\/google-analytics-opt-out\/fllaojicojecljbmefodhfapmkghcbnh?hl=es\">Link opt-out <\/a><\/td>\n<\/tr>\n<tr>\n<td><b>_utmt<\/b><\/td>\n<td>Anal\u00edtica<\/td>\n<td>.solida.com.es<\/td>\n<td>1 dia<\/td>\n<td>Usado para acelerar a velocidade das solicita\u00e7\u00f5es do servidor.<\/td>\n<td><a href=\"https:\/\/chrome.google.com\/webstore\/detail\/google-analytics-opt-out\/fllaojicojecljbmefodhfapmkghcbnh?hl=es\">Link opt-out <\/a><\/td>\n<\/tr>\n<tr>\n<td><b>_utmv<\/b><\/td>\n<td>Anal\u00edtica<\/td>\n<td>.solida.com.es<\/td>\n<td>2 anos<\/td>\n<td>Usado para armazenar dados de vari\u00e1veis personalizadas no n\u00edvel do visitante.<\/td>\n<td><a href=\"https:\/\/chrome.google.com\/webstore\/detail\/google-analytics-opt-out\/fllaojicojecljbmefodhfapmkghcbnh?hl=es\">Link opt-out <\/a><\/td>\n<\/tr>\n<tr>\n<td><b>_utmz<\/b><\/td>\n<td>Anal\u00edtica<\/td>\n<td>.solida.com.es<\/td>\n<td>6 meses<\/td>\n<td>Ele coleta dados sobre a origem do usu\u00e1rio, qual mecanismo de pesquisa foi usado, qual link foi clicado e qual termo de pesquisa foi usado. Usado pelo Google Analytics.<\/td>\n<td><a href=\"https:\/\/chrome.google.com\/webstore\/detail\/google-analytics-opt-out\/fllaojicojecljbmefodhfapmkghcbnh?hl=es\">Link opt-out <\/a><\/td>\n<\/tr>\n<tr>\n<td><b>_ga<\/b><\/td>\n<td>Anal\u00edtica<\/td>\n<td>.solida.com.es<\/td>\n<td>2 anos<\/td>\n<td>Ele registra um ID exclusivo que \u00e9 usado para gerar dados estat\u00edsticos sobre como o visitante usa o site. Usado pelo Google Analytics.<\/td>\n<td><a href=\"https:\/\/chrome.google.com\/webstore\/detail\/google-analytics-opt-out\/fllaojicojecljbmefodhfapmkghcbnh?hl=es\">Link opt-out <\/a><\/td>\n<\/tr>\n<tr>\n<td><b>_gat<\/b><\/td>\n<td>Anal\u00edtica<\/td>\n<td>.solida.com.es<\/td>\n<td>1 d\u00eda<\/td>\n<td>Usado pelo Google Analytics para monitorar as taxas de solicita\u00e7\u00e3o.<\/td>\n<td><a href=\"https:\/\/chrome.google.com\/webstore\/detail\/google-analytics-opt-out\/fllaojicojecljbmefodhfapmkghcbnh?hl=es\">Link opt-out <\/a><\/td>\n<\/tr>\n<tr>\n<td><b>_gid<\/b><\/td>\n<td>Anal\u00edtica<\/td>\n<td>.solida.com.es<\/td>\n<td>1 d\u00eda<\/td>\n<td>Ele registra um ID exclusivo que \u00e9 usado para gerar dados estat\u00edsticos sobre como o visitante usa o site.<\/td>\n<td><a href=\"https:\/\/chrome.google.com\/webstore\/detail\/google-analytics-opt-out\/fllaojicojecljbmefodhfapmkghcbnh?hl=es\">Link opt-out <\/a><\/td>\n<\/tr>\n<\/tbody>\n<\/table>\n<p class=\"titular\">Como desabilitar os Cookies?<\/p>\n<p class=\"parrafo\">Normalmente \u00e9 poss\u00edvel parar de aceitar os cookies do navegador ou parar de aceitar cookies de um Servi\u00e7o espec\u00edfico.<\/p>\n<p>Todos os navegadores modernos permitem alterar as configura\u00e7\u00f5es de Cookies. Essas configura\u00e7\u00f5es geralmente s\u00e3o encontradas nas \u201cop\u00e7\u00f5es\u201d ou \u201cprefer\u00eancias\u201d do menu do seu navegador. Da mesma forma, pode configurar seu navegador ou gerenciador de e-mail, bem como instalar add-ons gratuitos para evitar que Web Bugs sejam baixados ao abrir um e-mail.<\/p>\n<p>O Site oferece orienta\u00e7\u00e3o ao Usu\u00e1rio sobre as etapas de acesso ao menu de configura\u00e7\u00f5es de cookies e, quando apropriado, a navega\u00e7\u00e3o privada em cada um dos principais navegadores:<\/p>\n<ul>\n<li><a title=\"Gerenciamento de cookies em Mozilla Firefox\" href=\"https:\/\/support.mozilla.org\/es\/kb\/habilitar-y-deshabilitar-cookies-sitios-web-rastrear-preferencias\" target=\"_blank\" rel=\"noopener\"> Gerenciamento de cookies em Mozilla Firefox <\/a><\/li>\n<li><a title=\"Gerenciamento de cookies em Chrome\" href=\"https:\/\/support.google.com\/chrome\/answer\/95647?hl=es\" target=\"_blank\" rel=\"noopener\"> Gerenciamento de cookies em Chrome <\/a><\/li>\n<li><a title=\"Gerenciamento de cookies em Intenet Explorer\" href=\"http:\/\/windows.microsoft.com\/es-es\/internet-explorer\/delete-manage-cookies\" target=\"_blank\" rel=\"noopener\"> Gerenciamento de cookies em Intenet Explorer <\/a><\/li>\n<li><a title=\"Gerenciamento de cookies em Safari\" href=\"https:\/\/support.apple.com\/kb\/PH19214?locale=es_ES&amp;viewlocale=es_ES\" target=\"_blank\" rel=\"noopener\"> Gerenciamento de cookies em Safari <\/a><\/li>\n<li><a title=\"Gerenciamento de cookies em Opera\" href=\"http:\/\/help.opera.com\/Windows\/11.50\/es-ES\/cookies.html\" target=\"_blank\" rel=\"noopener\"> Gerenciamento de cookies em Opera <\/a><\/li>\n<\/ul>\n<p class=\"titular\">Pode haver modifica\u00e7\u00f5es na Pol\u00edtica de Cookies?<\/p>\n<p class=\"parrafo\">O site pode modificar esta Pol\u00edtica de Cookies em fun\u00e7\u00e3o dos requisitos legislativos e regulamentares, ou para adaptar a referida pol\u00edtica \u00e0s instru\u00e7\u00f5es da Autoridade Nacional de Prote\u00e7\u00e3o de Dados (ANPD), por isto se aconselha aos usu\u00e1rios que visitem periodicamente.<\/p>\n<p class=\"parrafo\">Quando ocorrerem mudan\u00e7as significativas nesta Pol\u00edtica de Cookies, os usu\u00e1rios ser\u00e3o notificados pelo site ou por e-mail aos usu\u00e1rios registrados.<\/p>\n","protected":false},"excerpt":{"rendered":"<p>Pol\u00edtica de cookies O que s\u00e3o cookies? O Site da S\u00d3LIDA ENERG\u00cdAS RENOVABLES S.L. (doravante \u201cSite\u201d) utiliza Cookies. Os cookies s\u00e3o arquivos enviados a um navegador por meio de um servidor web para registrar as atividades do Usu\u00e1rio em um determinado site. O primeiro objetivo dos Cookies \u00e9 proporcionar ao usu\u00e1rio um acesso mais r\u00e1pido&#8230;<\/p>\n","protected":false},"author":3,"featured_media":3906,"parent":0,"menu_order":0,"comment_status":"closed","ping_status":"closed","template":"","meta":{"footnotes":""},"class_list":["post-7555","page","type-page","status-publish","has-post-thumbnail","hentry"],"yoast_head":"<!-- This site is optimized with the Yoast SEO plugin v27.6 - https:\/\/yoast.com\/product\/yoast-seo-wordpress\/ -->\n<title>Pol\u00edtica de Cookies - S\u00f3lida<\/title>\n<meta name=\"robots\" content=\"index, follow, max-snippet:-1, max-image-preview:large, max-video-preview:-1\" \/>\n<link rel=\"canonical\" href=\"https:\/\/solida.com.es\/pt-br\/politica-de-cookies-2\/\" \/>\n<meta property=\"og:locale\" content=\"pt_BR\" \/>\n<meta property=\"og:type\" content=\"article\" \/>\n<meta property=\"og:title\" content=\"Pol\u00edtica de Cookies - S\u00f3lida\" \/>\n<meta property=\"og:description\" content=\"Pol\u00edtica de cookies O que s\u00e3o cookies? O Site da S\u00d3LIDA ENERG\u00cdAS RENOVABLES S.L. (doravante \u201cSite\u201d) utiliza Cookies. Os cookies s\u00e3o arquivos enviados a um navegador por meio de um servidor web para registrar as atividades do Usu\u00e1rio em um determinado site. O primeiro objetivo dos Cookies \u00e9 proporcionar ao usu\u00e1rio um acesso mais r\u00e1pido...\" \/>\n<meta property=\"og:url\" content=\"https:\/\/solida.com.es\/pt-br\/politica-de-cookies-2\/\" \/>\n<meta property=\"og:site_name\" content=\"S\u00f3lida\" \/>\n<meta property=\"article:modified_time\" content=\"2023-09-06T11:47:08+00:00\" \/>\n<meta property=\"og:image\" content=\"https:\/\/solida.com.es\/wp-content\/uploads\/2017\/06\/header-post-infra.jpg\" \/>\n\t<meta property=\"og:image:width\" content=\"2000\" \/>\n\t<meta property=\"og:image:height\" content=\"225\" \/>\n\t<meta property=\"og:image:type\" content=\"image\/jpeg\" \/>\n<meta name=\"twitter:card\" content=\"summary_large_image\" \/>\n<meta name=\"twitter:label1\" content=\"Est. tempo de leitura\" \/>\n\t<meta name=\"twitter:data1\" content=\"9 minutos\" \/>\n<script type=\"application\/ld+json\" class=\"yoast-schema-graph\">{\"@context\":\"https:\\\/\\\/schema.org\",\"@graph\":[{\"@type\":\"WebPage\",\"@id\":\"https:\\\/\\\/solida.com.es\\\/pt-br\\\/politica-de-cookies-2\\\/\",\"url\":\"https:\\\/\\\/solida.com.es\\\/pt-br\\\/politica-de-cookies-2\\\/\",\"name\":\"Pol\u00edtica de Cookies - S\u00f3lida\",\"isPartOf\":{\"@id\":\"https:\\\/\\\/solida.com.es\\\/pt-br\\\/#website\"},\"primaryImageOfPage\":{\"@id\":\"https:\\\/\\\/solida.com.es\\\/pt-br\\\/politica-de-cookies-2\\\/#primaryimage\"},\"image\":{\"@id\":\"https:\\\/\\\/solida.com.es\\\/pt-br\\\/politica-de-cookies-2\\\/#primaryimage\"},\"thumbnailUrl\":\"https:\\\/\\\/solida.com.es\\\/wp-content\\\/uploads\\\/2017\\\/06\\\/header-post-infra.jpg\",\"datePublished\":\"2018-02-16T12:12:34+00:00\",\"dateModified\":\"2023-09-06T11:47:08+00:00\",\"breadcrumb\":{\"@id\":\"https:\\\/\\\/solida.com.es\\\/pt-br\\\/politica-de-cookies-2\\\/#breadcrumb\"},\"inLanguage\":\"pt-BR\",\"potentialAction\":[{\"@type\":\"ReadAction\",\"target\":[\"https:\\\/\\\/solida.com.es\\\/pt-br\\\/politica-de-cookies-2\\\/\"]}]},{\"@type\":\"ImageObject\",\"inLanguage\":\"pt-BR\",\"@id\":\"https:\\\/\\\/solida.com.es\\\/pt-br\\\/politica-de-cookies-2\\\/#primaryimage\",\"url\":\"https:\\\/\\\/solida.com.es\\\/wp-content\\\/uploads\\\/2017\\\/06\\\/header-post-infra.jpg\",\"contentUrl\":\"https:\\\/\\\/solida.com.es\\\/wp-content\\\/uploads\\\/2017\\\/06\\\/header-post-infra.jpg\",\"width\":2000,\"height\":225},{\"@type\":\"BreadcrumbList\",\"@id\":\"https:\\\/\\\/solida.com.es\\\/pt-br\\\/politica-de-cookies-2\\\/#breadcrumb\",\"itemListElement\":[{\"@type\":\"ListItem\",\"position\":1,\"name\":\"Portada\",\"item\":\"https:\\\/\\\/solida.com.es\\\/pt-br\\\/\"},{\"@type\":\"ListItem\",\"position\":2,\"name\":\"Pol\u00edtica de Cookies\"}]},{\"@type\":\"WebSite\",\"@id\":\"https:\\\/\\\/solida.com.es\\\/pt-br\\\/#website\",\"url\":\"https:\\\/\\\/solida.com.es\\\/pt-br\\\/\",\"name\":\"S\u00f3lida\",\"description\":\"Ingeniera especializada en renovables\",\"potentialAction\":[{\"@type\":\"SearchAction\",\"target\":{\"@type\":\"EntryPoint\",\"urlTemplate\":\"https:\\\/\\\/solida.com.es\\\/pt-br\\\/?s={search_term_string}\"},\"query-input\":{\"@type\":\"PropertyValueSpecification\",\"valueRequired\":true,\"valueName\":\"search_term_string\"}}],\"inLanguage\":\"pt-BR\"}]}<\/script>\n<!-- \/ Yoast SEO plugin. -->","yoast_head_json":{"title":"Pol\u00edtica de Cookies - S\u00f3lida","robots":{"index":"index","follow":"follow","max-snippet":"max-snippet:-1","max-image-preview":"max-image-preview:large","max-video-preview":"max-video-preview:-1"},"canonical":"https:\/\/solida.com.es\/pt-br\/politica-de-cookies-2\/","og_locale":"pt_BR","og_type":"article","og_title":"Pol\u00edtica de Cookies - S\u00f3lida","og_description":"Pol\u00edtica de cookies O que s\u00e3o cookies? O Site da S\u00d3LIDA ENERG\u00cdAS RENOVABLES S.L. (doravante \u201cSite\u201d) utiliza Cookies. Os cookies s\u00e3o arquivos enviados a um navegador por meio de um servidor web para registrar as atividades do Usu\u00e1rio em um determinado site. O primeiro objetivo dos Cookies \u00e9 proporcionar ao usu\u00e1rio um acesso mais r\u00e1pido...","og_url":"https:\/\/solida.com.es\/pt-br\/politica-de-cookies-2\/","og_site_name":"S\u00f3lida","article_modified_time":"2023-09-06T11:47:08+00:00","og_image":[{"width":2000,"height":225,"url":"https:\/\/solida.com.es\/wp-content\/uploads\/2017\/06\/header-post-infra.jpg","type":"image\/jpeg"}],"twitter_card":"summary_large_image","twitter_misc":{"Est. tempo de leitura":"9 minutos"},"schema":{"@context":"https:\/\/schema.org","@graph":[{"@type":"WebPage","@id":"https:\/\/solida.com.es\/pt-br\/politica-de-cookies-2\/","url":"https:\/\/solida.com.es\/pt-br\/politica-de-cookies-2\/","name":"Pol\u00edtica de Cookies - S\u00f3lida","isPartOf":{"@id":"https:\/\/solida.com.es\/pt-br\/#website"},"primaryImageOfPage":{"@id":"https:\/\/solida.com.es\/pt-br\/politica-de-cookies-2\/#primaryimage"},"image":{"@id":"https:\/\/solida.com.es\/pt-br\/politica-de-cookies-2\/#primaryimage"},"thumbnailUrl":"https:\/\/solida.com.es\/wp-content\/uploads\/2017\/06\/header-post-infra.jpg","datePublished":"2018-02-16T12:12:34+00:00","dateModified":"2023-09-06T11:47:08+00:00","breadcrumb":{"@id":"https:\/\/solida.com.es\/pt-br\/politica-de-cookies-2\/#breadcrumb"},"inLanguage":"pt-BR","potentialAction":[{"@type":"ReadAction","target":["https:\/\/solida.com.es\/pt-br\/politica-de-cookies-2\/"]}]},{"@type":"ImageObject","inLanguage":"pt-BR","@id":"https:\/\/solida.com.es\/pt-br\/politica-de-cookies-2\/#primaryimage","url":"https:\/\/solida.com.es\/wp-content\/uploads\/2017\/06\/header-post-infra.jpg","contentUrl":"https:\/\/solida.com.es\/wp-content\/uploads\/2017\/06\/header-post-infra.jpg","width":2000,"height":225},{"@type":"BreadcrumbList","@id":"https:\/\/solida.com.es\/pt-br\/politica-de-cookies-2\/#breadcrumb","itemListElement":[{"@type":"ListItem","position":1,"name":"Portada","item":"https:\/\/solida.com.es\/pt-br\/"},{"@type":"ListItem","position":2,"name":"Pol\u00edtica de Cookies"}]},{"@type":"WebSite","@id":"https:\/\/solida.com.es\/pt-br\/#website","url":"https:\/\/solida.com.es\/pt-br\/","name":"S\u00f3lida","description":"Ingeniera especializada en renovables","potentialAction":[{"@type":"SearchAction","target":{"@type":"EntryPoint","urlTemplate":"https:\/\/solida.com.es\/pt-br\/?s={search_term_string}"},"query-input":{"@type":"PropertyValueSpecification","valueRequired":true,"valueName":"search_term_string"}}],"inLanguage":"pt-BR"}]}},"_links":{"self":[{"href":"https:\/\/solida.com.es\/pt-br\/wp-json\/wp\/v2\/pages\/7555","targetHints":{"allow":["GET"]}}],"collection":[{"href":"https:\/\/solida.com.es\/pt-br\/wp-json\/wp\/v2\/pages"}],"about":[{"href":"https:\/\/solida.com.es\/pt-br\/wp-json\/wp\/v2\/types\/page"}],"author":[{"embeddable":true,"href":"https:\/\/solida.com.es\/pt-br\/wp-json\/wp\/v2\/users\/3"}],"replies":[{"embeddable":true,"href":"https:\/\/solida.com.es\/pt-br\/wp-json\/wp\/v2\/comments?post=7555"}],"version-history":[{"count":0,"href":"https:\/\/solida.com.es\/pt-br\/wp-json\/wp\/v2\/pages\/7555\/revisions"}],"wp:featuredmedia":[{"embeddable":true,"href":"https:\/\/solida.com.es\/pt-br\/wp-json\/wp\/v2\/media\/3906"}],"wp:attachment":[{"href":"https:\/\/solida.com.es\/pt-br\/wp-json\/wp\/v2\/media?parent=7555"}],"curies":[{"name":"wp","href":"https:\/\/api.w.org\/{rel}","templated":true}]}}