{"id":7552,"date":"2021-03-25T16:57:01","date_gmt":"2021-03-25T15:57:01","guid":{"rendered":"https:\/\/solida.com.es\/politica-de-privacidade\/"},"modified":"2025-07-01T11:31:51","modified_gmt":"2025-07-01T09:31:51","slug":"politica-de-privacidade","status":"publish","type":"page","link":"https:\/\/solida.com.es\/pt-br\/politica-de-privacidade\/","title":{"rendered":"Pol\u00edtica de privacidade"},"content":{"rendered":"<section class=\"l-section wpb_row height_medium\"><div class=\"l-section-h i-cf\"><div class=\"g-cols vc_row via_flex valign_top type_default stacking_default\"><div class=\"vc_col-sm-12 wpb_column vc_column_container\"><div class=\"vc_column-inner\"><div class=\"wpb_wrapper\"><div class=\"wpb_text_column\"><div class=\"wpb_wrapper\"><h1>Pol\u00edtica de privacidade<\/h1>\n<p class=\"parrafo\">Seguindo os princ\u00edpios da legalidade, lealdade e transpar\u00eancia, colocamos a sua disposi\u00e7\u00e3o a presente Pol\u00edtica de Privacidade:<\/p>\n<p class=\"titular\">Quem \u00e9 o Controlador pelo tratamento de seus dados?<\/p>\n<table style=\"width: 50%;\">\n<tbody>\n<tr>\n<th>CONTROLADOR<\/th>\n<td>S\u00d3LIDA ENERG\u00cdAS RENOVABLES S.L.<\/td>\n<\/tr>\n<tr>\n<th>CPF<\/th>\n<td>B85294437<\/td>\n<\/tr>\n<tr>\n<th>DOMIC\u00cdLIO SOCIAL<\/th>\n<td>C\/ Musgo 2, 1.\u00ba, Planta C, Edif. Europa II, 28023 Madrid<\/td>\n<\/tr>\n<tr>\n<th>CONTATO<\/th>\n<td>Email: dpo@solida.com.es<br \/>\nTelefone: 914855316<\/td>\n<\/tr>\n<\/tbody>\n<\/table>\n<p class=\"titular\">Com que finalidade tratamos seus dados pessoais?<\/p>\n<p class=\"parrafo\">Na <b>S\u00d3LIDA ENERG\u00cdAS RENOVABLES S.L,<\/b> dependendo da categoria de interessado em quest\u00e3o, tratamos as informa\u00e7\u00f5es que nos fornece com as seguintes finalidades:<\/p>\n<p><b>FORNECEDORES<\/b>Gerenciar a rela\u00e7\u00e3o comercial e\/ou profissional.<b>CANDIDATOS<\/b>Gerenciar o processo de se\u00e7\u00e3o de funcion\u00e1rios.<b>USU\u00c1RIOS WEB<\/b>Gerencie a an\u00e1lise de seus dados de navega\u00e7\u00e3o.<\/p>\n<table style=\"width: 70%;\">\n<tbody>\n<tr>\n<th>TITULARES<\/th>\n<th>TITULARES FINALIDADES DO TRATAMIENTO<\/th>\n<\/tr>\n<tr>\n<td style=\"width: 25%;\"><b>POTENCIAIS CLIENTES<\/b><\/td>\n<td>Gerenciar a potencial rela\u00e7\u00e3o comercial e\/ou profissional, gerenciar o envio da informa\u00e7\u00e3o solicitada e\/ou resolver as d\u00favidas levantadas, informar ofertas de nossos servi\u00e7os e\/ou produtos do seu interesse.<\/td>\n<\/tr>\n<tr>\n<td style=\"width: 25%;\"><b>CLIENTES<\/b><\/td>\n<td>Gerenciar a rela\u00e7\u00e3o comercial e\/ou profissional, informar ofertas de nossos servi\u00e7os e\/ou produtos do seu interesse.<\/td>\n<\/tr>\n<\/tbody>\n<\/table>\n<p class=\"titular\">Qual \u00e9 a legitimidade para o tratamento de seus dados?<\/p>\n<p class=\"parrafo\">A base jur\u00eddica para o tratamento de dados pessoais, dependendo da categoria do interesse em quest\u00e3o, pode ser:<\/p>\n<p><b>FORNECEDORES<\/b>Art. 7, V da LGPD: celebra\u00e7\u00e3o de contrato do qual o interessado seja parte.<b>CANDIDATOS<\/b>CANDIDATOS Art. 7, I da LGPD: consentimento do pr\u00f3prio titular.<b>USU\u00c1RIOS WEB<\/b>Art. 7, I da LGPD: consentimento do pr\u00f3prio titular.<\/p>\n<table style=\"width: 70%;\">\n<tbody>\n<tr>\n<th>TITULARES<\/th>\n<th>BASE LEGAL<\/th>\n<\/tr>\n<tr>\n<td><b>POTENCIAIS CLIENTES<\/b><\/td>\n<td>Art. 7, V da LGPD: aplica\u00e7\u00e3o, a pedido do interessado, de medidas pr\u00e9-contratuais (or\u00e7amentos, folhas de pedido, ofertas de servi\u00e7os&#8230;).<br \/>\nArt. 7, IX da LGPD: Interesse leg\u00edtimo (enviar as informa\u00e7\u00f5es solicitadas, responder \u00e0s d\u00favidas levantadas &#8230;).<br \/>\nArt. 7, I da LGPD: consentimento do titular (informar a oferta de nossos servi\u00e7os e\/ou produtos).<\/td>\n<\/tr>\n<tr>\n<td style=\"width: 25%;\"><b>CLIENTES<\/b><\/td>\n<td>Art. 7, V da LGPD: celebra\u00e7\u00e3o de contrato do qual o interessado seja parte.<\/td>\n<\/tr>\n<\/tbody>\n<\/table>\n<p class=\"parrafo\">Os dados que solicitamos s\u00e3o adequados e estritamente necess\u00e1rios e em nenhum caso \u00e9 obrigado a fornec\u00ea-los, mas a sua falta de comunica\u00e7\u00e3o pode afetar a finalidade do servi\u00e7o ou a impossibilidade de fornec\u00ea-lo.<\/p>\n<p class=\"titular\">Por quanto tempo vamos manter seus dados pessoais?<\/p>\n<p class=\"parrafo\">Os seus dados ser\u00e3o guardados pelo tempo m\u00ednimo necess\u00e1rio para a correta presta\u00e7\u00e3o do servi\u00e7o oferecido, bem como para o cumprimento das responsabilidades que da\u00ed possam advir e de qualquer outro requisito legal.<\/p>\n<p class=\"titular\">A quais destinat\u00e1rios seus dados ser\u00e3o comunicados?<\/p>\n<p class=\"parrafo\"><b>A S\u00d3LIDA ENERG\u00cdAS RENOVABLES S.L,<\/b>para uma correta presta\u00e7\u00e3o de servi\u00e7os, pode comunicar seus dados para:<br \/>\nEmpresas de courier<\/p>\n<p class=\"parrafo\">Ademais, informamos que determinados dados, em virtude dos regulamentos atuais ou da rela\u00e7\u00e3o contratual que mantenha com <b>S\u00d3LIDA ENERG\u00cdAS RENOVABLES S.L<\/b>., podem ser comunicados a:<\/p>\n<ul style=\"font-family: Helvetica;\">\n<li>Bancos e institui\u00e7\u00f5es financeiras para cobran\u00e7a de servi\u00e7os contratados e\/ou produtos adquiridos.<\/li>\n<li>Administra\u00e7\u00f5es p\u00fablicas competentes nos setores da atividade da <b>S\u00d3LIDA ENERG\u00cdAS RENOVABLES S.L.,<\/b> quando estabelecidos pela legisla\u00e7\u00e3o vigente.<\/li>\n<\/ul>\n<p class=\"titular\">Quais s\u00e3o seus direitos ao nos fornecer seus dados?<\/p>\n<p class=\"parrafo\">Os direitos de prote\u00e7\u00e3o de dados que os interessados podem exercer, quando aplic\u00e1veis, s\u00e3o:<\/p>\n<ul>\n<li>Confirma\u00e7\u00e3o da exist\u00eancia de tratamento e acesso aos dados;<\/li>\n<li>Corre\u00e7\u00e3o de dados incompletos, inexatos ou desatualizados.<\/li>\n<li>Anonimiza\u00e7\u00e3o, bloqueio ou elimina\u00e7\u00e3o de dados desnecess\u00e1rios, excessivos ou tratados em desconformidade com o disposto na LGPD;<\/li>\n<li>Portabilidade dos dados a outro fornecedor de servi\u00e7o ou produto, mediante requisi\u00e7\u00e3o expressa, de acordo com a regulamenta\u00e7\u00e3o da autoridade;<\/li>\n<li>Elimina\u00e7\u00e3o dos dados pessoais tratados com o consentimento do titular, exceto nas hip\u00f3teses previstas no art. 16 da LGPD;<\/li>\n<li>Informa\u00e7\u00e3o das entidades p\u00fablicas e privadas com as quais o controlador realizou uso compartilhado de dados;<\/li>\n<li>Informa\u00e7\u00e3o sobre a possibilidade de n\u00e3o fornecer consentimento e sobre as consequ\u00eancias da negativa;<\/li>\n<li>Revoga\u00e7\u00e3o do consentimento, nos termos do \u00a7 5\u00ba do art. 8\u00ba da LGPD;<\/li>\n<li>Solicitar a revis\u00e3o de decis\u00f5es tomadas unicamente com base em tratamento automatizado de dados pessoais que afetem seus interesses, inclu\u00eddas as decis\u00f5es destinadas a definir o seu perfil pessoal, profissional, de consumo e de cr\u00e9dito ou os aspectos de sua personalidade.<\/li>\n<li><\/li>\n<\/ul>\n<p class=\"parrafo\">Os titulares dos dados pessoais obtidos podem exercer os seus direitos de prote\u00e7\u00e3o dos dados pessoais, enviando uma comunica\u00e7\u00e3o escrita para a sede da S\u00f3lida Energ\u00edas Renovables S.L. ou para o e-mail fornecido para tal efeito, solida@solida.com.es<\/p>\n<p class=\"titular\">Posso revogar o consentimento?<\/p>\n<p class=\"parrafo\">Existe a possibilidade e o direito de retirar o consentimento para qualquer finalidade espec\u00edfica concedida no momento, sem afetar a legalidade do tratamento com base na anu\u00eancia pr\u00e9via \u00e0 sua retirada.<\/p>\n<p class=\"titular\">Onde posso reclamar se considerar que meus dados n\u00e3o est\u00e3o sendo tratados corretamente?<\/p>\n<p class=\"parrafo\">Se algum interessado considerar que os seus dados n\u00e3o s\u00e3o tratados corretamente pela S\u00f3lida Energ\u00edas Renovables S.L. ou que os pedidos de exerc\u00edcio de direitos n\u00e3o foram atendidos de forma satisfat\u00f3ria, pode apresentar uma reclama\u00e7\u00e3o junto da Autoridade Nacional de Prote\u00e7\u00e3o de Dados (ANPD).<\/p>\n<p class=\"titular\">Seguran\u00e7a e atualiza\u00e7\u00e3o de seus dados pessoais<\/p>\n<p class=\"parrafo\">A fim de salvaguardar a seguran\u00e7a dos seus dados pessoais, informamos que se adoptou todas as medidas t\u00e9cnicas e organizacionais necess\u00e1rias para garantir a seguran\u00e7a dos dados pessoais fornecidos. Tudo para evitar sua altera\u00e7\u00e3o, perda e\/ou tratamento ou acesso n\u00e3o autorizado, conforme exigido pela regulamenta\u00e7\u00e3o, embora n\u00e3o exista seguran\u00e7a absoluta.<br \/>\n\u00c9 importante que, para que possamos manter seus dados pessoais atualizados, informe-nos sempre que houver alguma altera\u00e7\u00e3o nos mesmos.<\/p>\n<p class=\"titular\">Confidencialidade<\/p>\n<p class=\"parrafo\"><b>S\u00d3LIDA ENERG\u00cdAS RENOVABLES S.L.<\/b>informa que os dados foram tratados com o m\u00e1ximo cuidado e confidencialidade por todos os funcion\u00e1rios envolvidos em qualquer das fases do tratamento. N\u00e3o cederemos ou comunicaremos a nenhum terceiro os seus dados, exceto nos casos previstos por lei, ou salvo que o titular nos autorize especificamente<\/p>\n<\/div><\/div><\/div><\/div><\/div><\/div><\/div><\/section>\n","protected":false},"excerpt":{"rendered":"Pol\u00edtica de privacidade Seguindo os princ\u00edpios da legalidade, lealdade e transpar\u00eancia, colocamos a sua disposi\u00e7\u00e3o a presente Pol\u00edtica de Privacidade: Quem \u00e9 o Controlador pelo tratamento de seus dados? CONTROLADOR S\u00d3LIDA ENERG\u00cdAS RENOVABLES S.L. CPF B85294437 DOMIC\u00cdLIO SOCIAL C\/ Musgo 2, 1.\u00ba, Planta C, Edif. Europa II, 28023 Madrid CONTATO Email: dpo@solida.com.es Telefone: 914855316 Com...","protected":false},"author":3,"featured_media":3906,"parent":0,"menu_order":0,"comment_status":"closed","ping_status":"closed","template":"","meta":{"footnotes":""},"class_list":["post-7552","page","type-page","status-publish","has-post-thumbnail","hentry"],"yoast_head":"<!-- This site is optimized with the Yoast SEO plugin v27.4 - https:\/\/yoast.com\/product\/yoast-seo-wordpress\/ -->\n<title>Pol\u00edtica de privacidade - S\u00f3lida<\/title>\n<meta name=\"robots\" content=\"index, follow, max-snippet:-1, max-image-preview:large, max-video-preview:-1\" \/>\n<link rel=\"canonical\" href=\"https:\/\/solida.com.es\/pt-br\/politica-de-privacidade\/\" \/>\n<meta property=\"og:locale\" content=\"pt_BR\" \/>\n<meta property=\"og:type\" content=\"article\" \/>\n<meta property=\"og:title\" content=\"Pol\u00edtica de privacidade - S\u00f3lida\" \/>\n<meta property=\"og:url\" content=\"https:\/\/solida.com.es\/pt-br\/politica-de-privacidade\/\" \/>\n<meta property=\"og:site_name\" content=\"S\u00f3lida\" \/>\n<meta property=\"article:modified_time\" content=\"2025-07-01T09:31:51+00:00\" \/>\n<meta property=\"og:image\" content=\"https:\/\/solida.com.es\/wp-content\/uploads\/2017\/06\/header-post-infra.jpg\" \/>\n\t<meta property=\"og:image:width\" content=\"2000\" \/>\n\t<meta property=\"og:image:height\" content=\"225\" \/>\n\t<meta property=\"og:image:type\" content=\"image\/jpeg\" \/>\n<meta name=\"twitter:card\" content=\"summary_large_image\" \/>\n<meta name=\"twitter:label1\" content=\"Est. tempo de leitura\" \/>\n\t<meta name=\"twitter:data1\" content=\"5 minutos\" \/>\n<script type=\"application\/ld+json\" class=\"yoast-schema-graph\">{\"@context\":\"https:\\\/\\\/schema.org\",\"@graph\":[{\"@type\":\"WebPage\",\"@id\":\"https:\\\/\\\/solida.com.es\\\/pt-br\\\/politica-de-privacidade\\\/\",\"url\":\"https:\\\/\\\/solida.com.es\\\/pt-br\\\/politica-de-privacidade\\\/\",\"name\":\"Pol\u00edtica de privacidade - S\u00f3lida\",\"isPartOf\":{\"@id\":\"https:\\\/\\\/solida.com.es\\\/pt-br\\\/#website\"},\"primaryImageOfPage\":{\"@id\":\"https:\\\/\\\/solida.com.es\\\/pt-br\\\/politica-de-privacidade\\\/#primaryimage\"},\"image\":{\"@id\":\"https:\\\/\\\/solida.com.es\\\/pt-br\\\/politica-de-privacidade\\\/#primaryimage\"},\"thumbnailUrl\":\"https:\\\/\\\/solida.com.es\\\/wp-content\\\/uploads\\\/2017\\\/06\\\/header-post-infra.jpg\",\"datePublished\":\"2021-03-25T15:57:01+00:00\",\"dateModified\":\"2025-07-01T09:31:51+00:00\",\"breadcrumb\":{\"@id\":\"https:\\\/\\\/solida.com.es\\\/pt-br\\\/politica-de-privacidade\\\/#breadcrumb\"},\"inLanguage\":\"pt-BR\",\"potentialAction\":[{\"@type\":\"ReadAction\",\"target\":[\"https:\\\/\\\/solida.com.es\\\/pt-br\\\/politica-de-privacidade\\\/\"]}]},{\"@type\":\"ImageObject\",\"inLanguage\":\"pt-BR\",\"@id\":\"https:\\\/\\\/solida.com.es\\\/pt-br\\\/politica-de-privacidade\\\/#primaryimage\",\"url\":\"https:\\\/\\\/solida.com.es\\\/wp-content\\\/uploads\\\/2017\\\/06\\\/header-post-infra.jpg\",\"contentUrl\":\"https:\\\/\\\/solida.com.es\\\/wp-content\\\/uploads\\\/2017\\\/06\\\/header-post-infra.jpg\",\"width\":2000,\"height\":225},{\"@type\":\"BreadcrumbList\",\"@id\":\"https:\\\/\\\/solida.com.es\\\/pt-br\\\/politica-de-privacidade\\\/#breadcrumb\",\"itemListElement\":[{\"@type\":\"ListItem\",\"position\":1,\"name\":\"Portada\",\"item\":\"https:\\\/\\\/solida.com.es\\\/pt-br\\\/\"},{\"@type\":\"ListItem\",\"position\":2,\"name\":\"Pol\u00edtica de privacidade\"}]},{\"@type\":\"WebSite\",\"@id\":\"https:\\\/\\\/solida.com.es\\\/pt-br\\\/#website\",\"url\":\"https:\\\/\\\/solida.com.es\\\/pt-br\\\/\",\"name\":\"S\u00f3lida\",\"description\":\"Ingeniera especializada en renovables\",\"potentialAction\":[{\"@type\":\"SearchAction\",\"target\":{\"@type\":\"EntryPoint\",\"urlTemplate\":\"https:\\\/\\\/solida.com.es\\\/pt-br\\\/?s={search_term_string}\"},\"query-input\":{\"@type\":\"PropertyValueSpecification\",\"valueRequired\":true,\"valueName\":\"search_term_string\"}}],\"inLanguage\":\"pt-BR\"}]}<\/script>\n<!-- \/ Yoast SEO plugin. -->","yoast_head_json":{"title":"Pol\u00edtica de privacidade - S\u00f3lida","robots":{"index":"index","follow":"follow","max-snippet":"max-snippet:-1","max-image-preview":"max-image-preview:large","max-video-preview":"max-video-preview:-1"},"canonical":"https:\/\/solida.com.es\/pt-br\/politica-de-privacidade\/","og_locale":"pt_BR","og_type":"article","og_title":"Pol\u00edtica de privacidade - S\u00f3lida","og_url":"https:\/\/solida.com.es\/pt-br\/politica-de-privacidade\/","og_site_name":"S\u00f3lida","article_modified_time":"2025-07-01T09:31:51+00:00","og_image":[{"width":2000,"height":225,"url":"https:\/\/solida.com.es\/wp-content\/uploads\/2017\/06\/header-post-infra.jpg","type":"image\/jpeg"}],"twitter_card":"summary_large_image","twitter_misc":{"Est. tempo de leitura":"5 minutos"},"schema":{"@context":"https:\/\/schema.org","@graph":[{"@type":"WebPage","@id":"https:\/\/solida.com.es\/pt-br\/politica-de-privacidade\/","url":"https:\/\/solida.com.es\/pt-br\/politica-de-privacidade\/","name":"Pol\u00edtica de privacidade - S\u00f3lida","isPartOf":{"@id":"https:\/\/solida.com.es\/pt-br\/#website"},"primaryImageOfPage":{"@id":"https:\/\/solida.com.es\/pt-br\/politica-de-privacidade\/#primaryimage"},"image":{"@id":"https:\/\/solida.com.es\/pt-br\/politica-de-privacidade\/#primaryimage"},"thumbnailUrl":"https:\/\/solida.com.es\/wp-content\/uploads\/2017\/06\/header-post-infra.jpg","datePublished":"2021-03-25T15:57:01+00:00","dateModified":"2025-07-01T09:31:51+00:00","breadcrumb":{"@id":"https:\/\/solida.com.es\/pt-br\/politica-de-privacidade\/#breadcrumb"},"inLanguage":"pt-BR","potentialAction":[{"@type":"ReadAction","target":["https:\/\/solida.com.es\/pt-br\/politica-de-privacidade\/"]}]},{"@type":"ImageObject","inLanguage":"pt-BR","@id":"https:\/\/solida.com.es\/pt-br\/politica-de-privacidade\/#primaryimage","url":"https:\/\/solida.com.es\/wp-content\/uploads\/2017\/06\/header-post-infra.jpg","contentUrl":"https:\/\/solida.com.es\/wp-content\/uploads\/2017\/06\/header-post-infra.jpg","width":2000,"height":225},{"@type":"BreadcrumbList","@id":"https:\/\/solida.com.es\/pt-br\/politica-de-privacidade\/#breadcrumb","itemListElement":[{"@type":"ListItem","position":1,"name":"Portada","item":"https:\/\/solida.com.es\/pt-br\/"},{"@type":"ListItem","position":2,"name":"Pol\u00edtica de privacidade"}]},{"@type":"WebSite","@id":"https:\/\/solida.com.es\/pt-br\/#website","url":"https:\/\/solida.com.es\/pt-br\/","name":"S\u00f3lida","description":"Ingeniera especializada en renovables","potentialAction":[{"@type":"SearchAction","target":{"@type":"EntryPoint","urlTemplate":"https:\/\/solida.com.es\/pt-br\/?s={search_term_string}"},"query-input":{"@type":"PropertyValueSpecification","valueRequired":true,"valueName":"search_term_string"}}],"inLanguage":"pt-BR"}]}},"_links":{"self":[{"href":"https:\/\/solida.com.es\/pt-br\/wp-json\/wp\/v2\/pages\/7552","targetHints":{"allow":["GET"]}}],"collection":[{"href":"https:\/\/solida.com.es\/pt-br\/wp-json\/wp\/v2\/pages"}],"about":[{"href":"https:\/\/solida.com.es\/pt-br\/wp-json\/wp\/v2\/types\/page"}],"author":[{"embeddable":true,"href":"https:\/\/solida.com.es\/pt-br\/wp-json\/wp\/v2\/users\/3"}],"replies":[{"embeddable":true,"href":"https:\/\/solida.com.es\/pt-br\/wp-json\/wp\/v2\/comments?post=7552"}],"version-history":[{"count":1,"href":"https:\/\/solida.com.es\/pt-br\/wp-json\/wp\/v2\/pages\/7552\/revisions"}],"predecessor-version":[{"id":9220,"href":"https:\/\/solida.com.es\/pt-br\/wp-json\/wp\/v2\/pages\/7552\/revisions\/9220"}],"wp:featuredmedia":[{"embeddable":true,"href":"https:\/\/solida.com.es\/pt-br\/wp-json\/wp\/v2\/media\/3906"}],"wp:attachment":[{"href":"https:\/\/solida.com.es\/pt-br\/wp-json\/wp\/v2\/media?parent=7552"}],"curies":[{"name":"wp","href":"https:\/\/api.w.org\/{rel}","templated":true}]}}