{"id":7370,"date":"2022-03-14T10:54:08","date_gmt":"2022-03-14T09:54:08","guid":{"rendered":"https:\/\/solida.com.es\/inovacao\/"},"modified":"2023-09-04T09:55:22","modified_gmt":"2023-09-04T07:55:22","slug":"inovacao","status":"publish","type":"page","link":"https:\/\/solida.com.es\/pt-br\/inovacao\/","title":{"rendered":"Inova\u00e7\u00e3o"},"content":{"rendered":"<section class=\"l-section wpb_row us_custom_b6abe598 height_auto full_height valign_bottom\"><div class=\"l-section-h i-cf\"><div class=\"g-cols vc_row via_flex valign_bottom type_default stacking_default\"><div class=\"vc_col-sm-8 wpb_column vc_column_container\"><div class=\"vc_column-inner\"><div class=\"wpb_wrapper\"><div class=\"wpb_text_column us_custom_6df4bc3a has_text_color\"><div class=\"wpb_wrapper\"><h1>Inova\u00e7\u00e3o<\/h1>\n<\/div><\/div><div class=\"w-separator size_custom with_line width_default thick_1 style_solid color_secondary align_left\" style=\"height:4rem\"><div class=\"w-separator-h\"><\/div><\/div><\/div><\/div><\/div><div class=\"vc_col-sm-4 wpb_column vc_column_container\"><div class=\"vc_column-inner\"><div class=\"wpb_wrapper\"><\/div><\/div><\/div><\/div><\/div><\/section><section class=\"l-section wpb_row us_custom_148476d5 height_auto width_full\"><div class=\"l-section-h i-cf\"><div class=\"g-cols vc_row via_flex valign_top type_default stacking_default\"><div class=\"vc_col-sm-12 wpb_column vc_column_container\"><div class=\"vc_column-inner\"><div class=\"wpb_wrapper\"><div class=\"g-cols wpb_row via_flex valign_top type_default stacking_default\"><div class=\"vc_col-sm-12 wpb_column vc_column_container\"><div class=\"vc_column-inner\"><div class=\"wpb_wrapper\"><div class=\"wpb_text_column us_custom_9b352e22\"><div class=\"wpb_wrapper\"><p style=\"text-align: center;\">A S\u00d3LIDA tem uma clara voca\u00e7\u00e3o tecnol\u00f3gica desde sua cria\u00e7\u00e3o. <strong><br \/>\nInova\u00e7\u00e3o, digitaliza\u00e7\u00e3o e automa\u00e7\u00e3o de processos fazem parte da nossa cultura.<\/strong><\/p>\n<\/div><\/div><\/div><\/div><\/div><\/div><\/div><\/div><\/div><\/div><\/div><\/section><section class=\"l-section wpb_row us_custom_a7764d34 height_auto\"><div class=\"l-section-h i-cf\"><div class=\"g-cols vc_row via_flex valign_top type_default stacking_default\"><div class=\"vc_col-sm-12 wpb_column vc_column_container\"><div class=\"vc_column-inner\"><div class=\"wpb_wrapper\"><div class=\"g-cols wpb_row via_flex valign_middle type_default stacking_default\"><div class=\"vc_col-sm-4 wpb_column vc_column_container has_bg_color stretched\"><div class=\"vc_column-inner us_custom_4c0c7e91\"><div class=\"wpb_wrapper\"><div class=\"w-separator size_custom with_line width_default thick_2 style_solid color_primary align_center\" style=\"height:2rem\"><div class=\"w-separator-h\"><\/div><\/div><div class=\"wpb_text_column\"><div class=\"wpb_wrapper\"><p><strong>A equipe de desenvolvimento convive com os engenheiros da S\u00d3LIDA.<\/strong><\/p>\n<p>Desta forma, <strong>somos capazes de desenvolver ferramentas digitais verticais exclusivas <\/strong> para engenharia especializada em renov\u00e1veis.<\/p>\n<\/div><\/div><\/div><\/div><\/div><div class=\"vc_col-sm-8 wpb_column vc_column_container\"><div class=\"vc_column-inner us_custom_f12c6d05\"><div class=\"wpb_wrapper\"><div class=\"wpb_text_column\"><div class=\"wpb_wrapper\"><p>Implementamos uma <strong>metodologia de trabalho associada \u00e0 vanguarda tecnol\u00f3gica <\/strong> e s\u00f3 assim podemos encontrar as solu\u00e7\u00f5es em cada projeto, em cada mercado, cada vez melhor adaptadas.<\/p>\n<p>Nosso <strong>Equipe de P&amp;D composta por engenheiros, matem\u00e1ticos e f\u00edsicos<\/strong> dominar as linguagens Python, Java e C#, entre outras, usa a metodologia SCRUM e <strong>\u00e9 permanentemente dedicado ao desenvolvimento de novas ferramentas <\/strong> que fornecem solu\u00e7\u00f5es tecnol\u00f3gicas para problemas complexos, que nos permitem otimizar nossos processos de engenharia e <strong>que fornecem projetos de plantas mais eficientes.<\/strong><\/p>\n<\/div><\/div><div class=\"wpb_text_column us_custom_7d031573 has_text_color\"><div class=\"wpb_wrapper\"><p><strong>Inovamos por defini\u00e7\u00e3o, pois desenvolvemos ferramentas que n\u00e3o existem anteriormente no mercado.<\/strong><\/p>\n<\/div><\/div><div class=\"wpb_text_column\"><div class=\"wpb_wrapper\"><p>Inovamos por defini\u00e7\u00e3o, pois desenvolvemos ferramentas que n\u00e3o existem anteriormente no mercado.<\/p>\n<p>O trabalho cotidiano de cada um dos departamentos e qualquer que seja a posi\u00e7\u00e3o hier\u00e1rquica, \u00e9 atravessado por essa cultura de inova\u00e7\u00e3o inerente \u00e0 empresa.<\/p>\n<\/div><\/div><\/div><\/div><\/div><\/div><\/div><\/div><\/div><\/div><\/div><\/section><section class=\"l-section wpb_row us_custom_4f726e1a height_auto with_shape\"><div class=\"l-section-shape type_curve pos_top\" style=\"height:5vh;color:\"><svg xmlns=\"http:\/\/www.w3.org\/2000\/svg\" viewBox=\"0 0 64 8\" preserveAspectRatio=\"none\" width=\"100%\" height=\"100%\">\r\n\t<path fill=\"currentColor\" d=\"M64 8 L64 0 Q32 15.8 0 0 L0 8 Z\"\/>\r\n<\/svg><\/div><div class=\"l-section-h i-cf\"><div class=\"g-cols vc_row via_flex valign_top type_default stacking_default\"><div class=\"vc_col-sm-12 wpb_column vc_column_container\"><div class=\"vc_column-inner\"><div class=\"wpb_wrapper\"><\/div><\/div><\/div><\/div><\/div><\/section><section class=\"l-section wpb_row us_custom_84850846 height_auto\"><div class=\"l-section-h i-cf\"><div class=\"g-cols vc_row via_flex valign_top type_default stacking_default\"><div class=\"vc_col-sm-12 wpb_column vc_column_container\"><div class=\"vc_column-inner\"><div class=\"wpb_wrapper\"><div class=\"g-cols wpb_row via_flex valign_top type_default stacking_default\"><div class=\"vc_col-sm-12 wpb_column vc_column_container\"><div class=\"vc_column-inner\"><div class=\"wpb_wrapper\"><div class=\"wpb_text_column\"><div class=\"wpb_wrapper\"><p style=\"text-align: center;\"><strong>Temos muitas hist\u00f3rias de sucesso nas \u00e1reas de inova\u00e7\u00e3o e digitaliza\u00e7\u00e3o,<\/strong> que possibilitaram posicionar a S\u00d3LIDA na vanguarda tecnol\u00f3gica dos projetos das usinas de gera\u00e7\u00e3o de energia el\u00e9trica com energias renov\u00e1veis. Algumas das hist\u00f3rias de sucesso s\u00e3o:<\/p>\n<\/div><\/div><\/div><\/div><\/div><\/div><div class=\"g-cols wpb_row us_custom_6d149020 via_flex valign_top type_default stacking_default\"><div class=\"vc_col-sm-4 wpb_column vc_column_container\"><div class=\"vc_column-inner\"><div class=\"wpb_wrapper\"><div class=\"w-vwrapper us_custom_68905004 align_none valign_top\"><div class=\"w-hwrapper valign_top align_none\" style=\"--hwrapper-gap:0.5rem\"><div class=\"w-image us_custom_9b171c0a has_height align_none\"><div class=\"w-image-h\"><img data-recalc-dims=\"1\" decoding=\"async\" width=\"135\" height=\"135\" src=\"https:\/\/i0.wp.com\/solida.com.es\/wp-content\/uploads\/2022\/03\/Termosolar_negativo.png?resize=135%2C135&#038;ssl=1\" class=\"attachment-full size-full\" alt=\"\" loading=\"lazy\" \/><\/div><\/div><div class=\"w-image us_custom_9b171c0a has_height align_none\"><div class=\"w-image-h\"><img data-recalc-dims=\"1\" decoding=\"async\" width=\"135\" height=\"136\" src=\"https:\/\/i0.wp.com\/solida.com.es\/wp-content\/uploads\/2022\/02\/fotovoltaica.png?resize=135%2C136&#038;ssl=1\" class=\"attachment-full size-full\" alt=\"\" loading=\"lazy\" \/><\/div><\/div><\/div><h5 class=\"w-text us_custom_eef828d2 has_text_color\"><span class=\"w-text-h\"><span class=\"w-text-value\">Modelo propriet\u00e1rio de Ray Tracing<br \/>\n(Ray Tracing)<\/span><\/span><\/h5><\/div><\/div><\/div><\/div><div class=\"vc_col-sm-4 wpb_column vc_column_container\"><div class=\"vc_column-inner\"><div class=\"wpb_wrapper\"><div class=\"w-vwrapper us_custom_68905004 align_none valign_top\"><div class=\"w-hwrapper valign_top align_none\" style=\"--hwrapper-gap:0.5rem\"><div class=\"w-image us_custom_9b171c0a has_height align_none\"><div class=\"w-image-h\"><img data-recalc-dims=\"1\" decoding=\"async\" width=\"135\" height=\"135\" src=\"https:\/\/i0.wp.com\/solida.com.es\/wp-content\/uploads\/2022\/03\/Termosolar_negativo.png?resize=135%2C135&#038;ssl=1\" class=\"attachment-full size-full\" alt=\"\" loading=\"lazy\" \/><\/div><\/div><div class=\"w-image us_custom_9b171c0a has_height align_none\"><div class=\"w-image-h\"><img data-recalc-dims=\"1\" decoding=\"async\" width=\"135\" height=\"136\" src=\"https:\/\/i0.wp.com\/solida.com.es\/wp-content\/uploads\/2022\/02\/fotovoltaica.png?resize=135%2C136&#038;ssl=1\" class=\"attachment-full size-full\" alt=\"\" loading=\"lazy\" \/><\/div><\/div><\/div><h5 class=\"w-text us_custom_eef828d2 has_text_color\"><span class=\"w-text-h\"><span class=\"w-text-value\">Modelo propriet\u00e1rio para a hibridiza\u00e7\u00e3o de usinas fotovoltaicas e termel\u00e9tricas solares.<\/span><\/span><\/h5><\/div><\/div><\/div><\/div><div class=\"vc_col-sm-4 wpb_column vc_column_container\"><div class=\"vc_column-inner\"><div class=\"wpb_wrapper\"><div class=\"w-vwrapper us_custom_68905004 align_none valign_top\"><div class=\"w-hwrapper valign_top align_none\" style=\"--hwrapper-gap:0.5rem\"><div class=\"w-image us_custom_9b171c0a has_height align_none\"><div class=\"w-image-h\"><img data-recalc-dims=\"1\" decoding=\"async\" width=\"135\" height=\"136\" src=\"https:\/\/i0.wp.com\/solida.com.es\/wp-content\/uploads\/2022\/02\/fotovoltaica.png?resize=135%2C136&#038;ssl=1\" class=\"attachment-full size-full\" alt=\"\" loading=\"lazy\" \/><\/div><\/div><\/div><h5 class=\"w-text us_custom_eef828d2 has_text_color\"><span class=\"w-text-h\"><span class=\"w-text-value\">Ferramenta para otimiza\u00e7\u00e3o do terraplenagem em plantas fotovoltaicas.<\/span><\/span><\/h5><\/div><\/div><\/div><\/div><\/div><div class=\"g-cols wpb_row us_custom_808fe2e0 via_flex valign_top type_default stacking_default\"><div class=\"vc_col-sm-4 wpb_column vc_column_container\"><div class=\"vc_column-inner\"><div class=\"wpb_wrapper\"><div class=\"w-vwrapper us_custom_68905004 align_none valign_top\"><div class=\"w-hwrapper valign_top align_none\" style=\"--hwrapper-gap:0.5rem\"><div class=\"w-image us_custom_9b171c0a has_height align_none\"><div class=\"w-image-h\"><img data-recalc-dims=\"1\" decoding=\"async\" width=\"135\" height=\"135\" src=\"https:\/\/i0.wp.com\/solida.com.es\/wp-content\/uploads\/2022\/03\/Termosolar_negativo.png?resize=135%2C135&#038;ssl=1\" class=\"attachment-full size-full\" alt=\"\" loading=\"lazy\" \/><\/div><\/div><\/div><h5 class=\"w-text us_custom_eef828d2 has_text_color\"><span class=\"w-text-h\"><span class=\"w-text-value\">Modelo propriet\u00e1rio para a simula\u00e7\u00e3o detalhada de plantas CSP em centrais de coletores cilindro-parab\u00f3licos e torre central.<\/span><\/span><\/h5><\/div><\/div><\/div><\/div><div class=\"vc_col-sm-4 wpb_column vc_column_container\"><div class=\"vc_column-inner\"><div class=\"wpb_wrapper\"><div class=\"w-vwrapper us_custom_68905004 align_none valign_top\"><div class=\"w-hwrapper valign_top align_none\" style=\"--hwrapper-gap:0.5rem\"><div class=\"w-image us_custom_9b171c0a has_height align_none\"><div class=\"w-image-h\"><img data-recalc-dims=\"1\" decoding=\"async\" width=\"135\" height=\"135\" src=\"https:\/\/i0.wp.com\/solida.com.es\/wp-content\/uploads\/2022\/03\/Termosolar_negativo.png?resize=135%2C135&#038;ssl=1\" class=\"attachment-full size-full\" alt=\"\" loading=\"lazy\" \/><\/div><\/div><\/div><h5 class=\"w-text us_custom_eef828d2 has_text_color\"><span class=\"w-text-h\"><span class=\"w-text-value\">Ferramenta de Business Intelligence para gest\u00e3o de plantas CSP.<\/span><\/span><\/h5><\/div><\/div><\/div><\/div><div class=\"vc_col-sm-4 wpb_column vc_column_container\"><div class=\"vc_column-inner\"><div class=\"wpb_wrapper\"><div class=\"w-vwrapper us_custom_68905004 align_none valign_top\"><div class=\"w-hwrapper valign_top align_none\" style=\"--hwrapper-gap:0.5rem\"><div class=\"w-image us_custom_9b171c0a has_height align_none\"><div class=\"w-image-h\"><img data-recalc-dims=\"1\" decoding=\"async\" width=\"135\" height=\"135\" src=\"https:\/\/i0.wp.com\/solida.com.es\/wp-content\/uploads\/2022\/04\/eolica-ok.png?resize=135%2C135&#038;ssl=1\" class=\"attachment-full size-full\" alt=\"\" loading=\"lazy\" \/><\/div><\/div><\/div><h5 class=\"w-text us_custom_eef828d2 has_text_color\"><span class=\"w-text-h\"><span class=\"w-text-value\">Ferramenta para o c\u00e1lculo de sombras em parques e\u00f3licos (shadow flicker).<\/span><\/span><\/h5><\/div><\/div><\/div><\/div><\/div><div class=\"g-cols wpb_row us_custom_11d53807 via_flex valign_top type_default stacking_default\"><div class=\"vc_col-sm-4 wpb_column vc_column_container\"><div class=\"vc_column-inner us_custom_5cd26a65\"><div class=\"wpb_wrapper\"><div class=\"w-vwrapper us_custom_68905004 align_none valign_top\"><div class=\"w-hwrapper valign_top align_none\" style=\"--hwrapper-gap:0.5rem\"><div class=\"w-image us_custom_9b171c0a has_height align_none\"><div class=\"w-image-h\"><img data-recalc-dims=\"1\" decoding=\"async\" width=\"135\" height=\"135\" src=\"https:\/\/i0.wp.com\/solida.com.es\/wp-content\/uploads\/2022\/03\/Termosolar_negativo.png?resize=135%2C135&#038;ssl=1\" class=\"attachment-full size-full\" alt=\"\" loading=\"lazy\" \/><\/div><\/div><div class=\"w-image us_custom_9b171c0a has_height align_none\"><div class=\"w-image-h\"><img data-recalc-dims=\"1\" decoding=\"async\" width=\"135\" height=\"136\" src=\"https:\/\/i0.wp.com\/solida.com.es\/wp-content\/uploads\/2022\/02\/almacenamiento.png?resize=135%2C136&#038;ssl=1\" class=\"attachment-full size-full\" alt=\"\" loading=\"lazy\" \/><\/div><\/div><\/div><h5 class=\"w-text us_custom_eef828d2 has_text_color\"><span class=\"w-text-h\"><span class=\"w-text-value\">Modelo propriet\u00e1rio para implementa\u00e7\u00e3o de estrat\u00e9gias de despacho sob medida para capturar o melhor pre\u00e7o do mercado quando o armazenamento estiver dispon\u00edvel.<\/span><\/span><\/h5><\/div><\/div><\/div><\/div><div class=\"vc_col-sm-4 wpb_column vc_column_container\"><div class=\"vc_column-inner us_custom_5cd26a65\"><div class=\"wpb_wrapper\"><div class=\"w-vwrapper us_custom_68905004 align_none valign_top\"><div class=\"w-hwrapper valign_top align_none\" style=\"--hwrapper-gap:0.5rem\"><div class=\"w-image us_custom_9b171c0a has_height align_none\"><div class=\"w-image-h\"><img data-recalc-dims=\"1\" decoding=\"async\" width=\"135\" height=\"136\" src=\"https:\/\/i0.wp.com\/solida.com.es\/wp-content\/uploads\/2022\/02\/fotovoltaica.png?resize=135%2C136&#038;ssl=1\" class=\"attachment-full size-full\" alt=\"\" loading=\"lazy\" \/><\/div><\/div><\/div><h5 class=\"w-text us_custom_eef828d2 has_text_color\"><span class=\"w-text-h\"><span class=\"w-text-value\">Ferramenta para estudos de capacidade e otimiza\u00e7\u00e3o da implementa\u00e7\u00e3o de trackers fotovoltaicos em topografias complexas.<\/span><\/span><\/h5><\/div><\/div><\/div><\/div><div class=\"vc_col-sm-4 wpb_column vc_column_container\"><div class=\"vc_column-inner us_custom_5cd26a65\"><div class=\"wpb_wrapper\"><\/div><\/div><\/div><\/div><div class=\"g-cols wpb_row us_custom_d7ca92c0 via_flex valign_top type_default stacking_default\"><div class=\"vc_col-sm-3 wpb_column vc_column_container\"><div class=\"vc_column-inner us_custom_eb849559\"><div class=\"wpb_wrapper\"><\/div><\/div><\/div><div class=\"vc_col-sm-6 wpb_column vc_column_container\"><div class=\"vc_column-inner\"><div class=\"wpb_wrapper\"><div class=\"w-image align_center\"><div class=\"w-image-h\"><img data-recalc-dims=\"1\" decoding=\"async\" width=\"1140\" height=\"791\" src=\"https:\/\/i0.wp.com\/solida.com.es\/wp-content\/uploads\/2022\/04\/bombilla.png?resize=1140%2C791&#038;ssl=1\" class=\"attachment-full size-full\" alt=\"\" loading=\"lazy\" srcset=\"https:\/\/i0.wp.com\/solida.com.es\/wp-content\/uploads\/2022\/04\/bombilla.png?w=1184&amp;ssl=1 1184w, https:\/\/i0.wp.com\/solida.com.es\/wp-content\/uploads\/2022\/04\/bombilla.png?resize=300%2C208&amp;ssl=1 300w, https:\/\/i0.wp.com\/solida.com.es\/wp-content\/uploads\/2022\/04\/bombilla.png?resize=1024%2C711&amp;ssl=1 1024w, https:\/\/i0.wp.com\/solida.com.es\/wp-content\/uploads\/2022\/04\/bombilla.png?resize=576%2C400&amp;ssl=1 576w\" sizes=\"auto, (max-width: 1140px) 100vw, 1140px\" \/><\/div><\/div><\/div><\/div><\/div><div class=\"vc_col-sm-3 wpb_column vc_column_container\"><div class=\"vc_column-inner\"><div class=\"wpb_wrapper\"><\/div><\/div><\/div><\/div><div class=\"g-cols wpb_row us_custom_1930c0fd via_flex valign_top type_default stacking_default\"><div class=\"vc_col-sm-6 wpb_column vc_column_container\"><div class=\"vc_column-inner\"><div class=\"wpb_wrapper\"><\/div><\/div><\/div><div class=\"vc_col-sm-6 wpb_column vc_column_container\"><div class=\"vc_column-inner\"><div class=\"wpb_wrapper\"><\/div><\/div><\/div><\/div><\/div><\/div><\/div><\/div><\/div><\/section><section class=\"l-section wpb_row us_custom_da4080f2 height_auto\"><div class=\"l-section-h i-cf\"><div class=\"g-cols vc_row via_flex valign_middle type_default stacking_default\"><div class=\"vc_col-sm-12 wpb_column vc_column_container\"><div class=\"vc_column-inner\"><div class=\"wpb_wrapper\"><div class=\"g-cols wpb_row us_custom_ec9218fc via_flex valign_middle type_default stacking_default\"><div class=\"vc_col-sm-12 wpb_column vc_column_container\"><div class=\"vc_column-inner us_custom_b56fd83a\"><div class=\"wpb_wrapper\"><div class=\"w-hwrapper valign_middle align_none\"><div class=\"w-btn-wrapper align_left\"><a class=\"w-btn us-btn-style_8 us_custom_ddf4769f\" title=\"Gestao da Constru\u00e7\u00e3o\" href=\"https:\/\/solida.com.es\/pt-br\/gestao-da-construcao\/\"><span class=\"w-btn-label\">&lt; Ir a Gest. Constru\u00e7ao<\/span><\/a><\/div><div class=\"w-btn-wrapper align_right\"><a class=\"w-btn us-btn-style_8 us_custom_8a807db1\" title=\"Engenharia\" href=\"https:\/\/solida.com.es\/pt-br\/engenharia\/\"><span class=\"w-btn-label\">Ir a Engenharia &gt;<\/span><\/a><\/div><\/div><\/div><\/div><\/div><\/div><\/div><\/div><\/div><\/div><\/div><\/section>\n","protected":false},"excerpt":{"rendered":"Inova\u00e7\u00e3o A S\u00d3LIDA tem uma clara voca\u00e7\u00e3o tecnol\u00f3gica desde sua cria\u00e7\u00e3o. Inova\u00e7\u00e3o, digitaliza\u00e7\u00e3o e automa\u00e7\u00e3o de processos fazem parte da nossa cultura. A equipe de desenvolvimento convive com os engenheiros da S\u00d3LIDA. Desta forma, somos capazes de desenvolver ferramentas digitais verticais exclusivas para engenharia especializada em renov\u00e1veis. Implementamos uma metodologia de trabalho associada \u00e0 vanguarda...","protected":false},"author":3,"featured_media":0,"parent":0,"menu_order":0,"comment_status":"closed","ping_status":"closed","template":"","meta":{"footnotes":""},"class_list":["post-7370","page","type-page","status-publish","hentry"],"yoast_head":"<!-- This site is optimized with the Yoast SEO plugin v27.6 - https:\/\/yoast.com\/product\/yoast-seo-wordpress\/ -->\n<title>Inova\u00e7\u00e3o - S\u00f3lida<\/title>\n<meta name=\"robots\" content=\"index, follow, max-snippet:-1, max-image-preview:large, max-video-preview:-1\" \/>\n<link rel=\"canonical\" href=\"https:\/\/solida.com.es\/pt-br\/inovacao\/\" \/>\n<meta property=\"og:locale\" content=\"pt_BR\" \/>\n<meta property=\"og:type\" content=\"article\" \/>\n<meta property=\"og:title\" content=\"Inova\u00e7\u00e3o - S\u00f3lida\" \/>\n<meta property=\"og:url\" content=\"https:\/\/solida.com.es\/pt-br\/inovacao\/\" \/>\n<meta property=\"og:site_name\" content=\"S\u00f3lida\" \/>\n<meta property=\"article:modified_time\" content=\"2023-09-04T07:55:22+00:00\" \/>\n<meta name=\"twitter:card\" content=\"summary_large_image\" \/>\n<meta name=\"twitter:label1\" content=\"Est. tempo de leitura\" \/>\n\t<meta name=\"twitter:data1\" content=\"3 minutos\" \/>\n<script type=\"application\/ld+json\" class=\"yoast-schema-graph\">{\"@context\":\"https:\\\/\\\/schema.org\",\"@graph\":[{\"@type\":\"WebPage\",\"@id\":\"https:\\\/\\\/solida.com.es\\\/pt-br\\\/inovacao\\\/\",\"url\":\"https:\\\/\\\/solida.com.es\\\/pt-br\\\/inovacao\\\/\",\"name\":\"Inova\u00e7\u00e3o - S\u00f3lida\",\"isPartOf\":{\"@id\":\"https:\\\/\\\/solida.com.es\\\/pt-br\\\/#website\"},\"datePublished\":\"2022-03-14T09:54:08+00:00\",\"dateModified\":\"2023-09-04T07:55:22+00:00\",\"breadcrumb\":{\"@id\":\"https:\\\/\\\/solida.com.es\\\/pt-br\\\/inovacao\\\/#breadcrumb\"},\"inLanguage\":\"pt-BR\",\"potentialAction\":[{\"@type\":\"ReadAction\",\"target\":[\"https:\\\/\\\/solida.com.es\\\/pt-br\\\/inovacao\\\/\"]}]},{\"@type\":\"BreadcrumbList\",\"@id\":\"https:\\\/\\\/solida.com.es\\\/pt-br\\\/inovacao\\\/#breadcrumb\",\"itemListElement\":[{\"@type\":\"ListItem\",\"position\":1,\"name\":\"Portada\",\"item\":\"https:\\\/\\\/solida.com.es\\\/pt-br\\\/\"},{\"@type\":\"ListItem\",\"position\":2,\"name\":\"Inova\u00e7\u00e3o\"}]},{\"@type\":\"WebSite\",\"@id\":\"https:\\\/\\\/solida.com.es\\\/pt-br\\\/#website\",\"url\":\"https:\\\/\\\/solida.com.es\\\/pt-br\\\/\",\"name\":\"S\u00f3lida\",\"description\":\"Ingeniera especializada en renovables\",\"potentialAction\":[{\"@type\":\"SearchAction\",\"target\":{\"@type\":\"EntryPoint\",\"urlTemplate\":\"https:\\\/\\\/solida.com.es\\\/pt-br\\\/?s={search_term_string}\"},\"query-input\":{\"@type\":\"PropertyValueSpecification\",\"valueRequired\":true,\"valueName\":\"search_term_string\"}}],\"inLanguage\":\"pt-BR\"}]}<\/script>\n<!-- \/ Yoast SEO plugin. -->","yoast_head_json":{"title":"Inova\u00e7\u00e3o - S\u00f3lida","robots":{"index":"index","follow":"follow","max-snippet":"max-snippet:-1","max-image-preview":"max-image-preview:large","max-video-preview":"max-video-preview:-1"},"canonical":"https:\/\/solida.com.es\/pt-br\/inovacao\/","og_locale":"pt_BR","og_type":"article","og_title":"Inova\u00e7\u00e3o - S\u00f3lida","og_url":"https:\/\/solida.com.es\/pt-br\/inovacao\/","og_site_name":"S\u00f3lida","article_modified_time":"2023-09-04T07:55:22+00:00","twitter_card":"summary_large_image","twitter_misc":{"Est. tempo de leitura":"3 minutos"},"schema":{"@context":"https:\/\/schema.org","@graph":[{"@type":"WebPage","@id":"https:\/\/solida.com.es\/pt-br\/inovacao\/","url":"https:\/\/solida.com.es\/pt-br\/inovacao\/","name":"Inova\u00e7\u00e3o - S\u00f3lida","isPartOf":{"@id":"https:\/\/solida.com.es\/pt-br\/#website"},"datePublished":"2022-03-14T09:54:08+00:00","dateModified":"2023-09-04T07:55:22+00:00","breadcrumb":{"@id":"https:\/\/solida.com.es\/pt-br\/inovacao\/#breadcrumb"},"inLanguage":"pt-BR","potentialAction":[{"@type":"ReadAction","target":["https:\/\/solida.com.es\/pt-br\/inovacao\/"]}]},{"@type":"BreadcrumbList","@id":"https:\/\/solida.com.es\/pt-br\/inovacao\/#breadcrumb","itemListElement":[{"@type":"ListItem","position":1,"name":"Portada","item":"https:\/\/solida.com.es\/pt-br\/"},{"@type":"ListItem","position":2,"name":"Inova\u00e7\u00e3o"}]},{"@type":"WebSite","@id":"https:\/\/solida.com.es\/pt-br\/#website","url":"https:\/\/solida.com.es\/pt-br\/","name":"S\u00f3lida","description":"Ingeniera especializada en renovables","potentialAction":[{"@type":"SearchAction","target":{"@type":"EntryPoint","urlTemplate":"https:\/\/solida.com.es\/pt-br\/?s={search_term_string}"},"query-input":{"@type":"PropertyValueSpecification","valueRequired":true,"valueName":"search_term_string"}}],"inLanguage":"pt-BR"}]}},"_links":{"self":[{"href":"https:\/\/solida.com.es\/pt-br\/wp-json\/wp\/v2\/pages\/7370","targetHints":{"allow":["GET"]}}],"collection":[{"href":"https:\/\/solida.com.es\/pt-br\/wp-json\/wp\/v2\/pages"}],"about":[{"href":"https:\/\/solida.com.es\/pt-br\/wp-json\/wp\/v2\/types\/page"}],"author":[{"embeddable":true,"href":"https:\/\/solida.com.es\/pt-br\/wp-json\/wp\/v2\/users\/3"}],"replies":[{"embeddable":true,"href":"https:\/\/solida.com.es\/pt-br\/wp-json\/wp\/v2\/comments?post=7370"}],"version-history":[{"count":0,"href":"https:\/\/solida.com.es\/pt-br\/wp-json\/wp\/v2\/pages\/7370\/revisions"}],"wp:attachment":[{"href":"https:\/\/solida.com.es\/pt-br\/wp-json\/wp\/v2\/media?parent=7370"}],"curies":[{"name":"wp","href":"https:\/\/api.w.org\/{rel}","templated":true}]}}