{"id":7358,"date":"2022-03-15T14:19:05","date_gmt":"2022-03-15T13:19:05","guid":{"rendered":"https:\/\/solida.com.es\/contato\/"},"modified":"2024-04-19T10:37:51","modified_gmt":"2024-04-19T08:37:51","slug":"contato","status":"publish","type":"page","link":"https:\/\/solida.com.es\/pt-br\/contato\/","title":{"rendered":"Contato"},"content":{"rendered":"<section class=\"l-section wpb_row us_custom_9bb51516 height_auto full_height valign_bottom\"><div class=\"l-section-overlay\" style=\"background:linear-gradient(85deg,rgba(0,0,0,0.70),rgba(0,0,0,0.00))\"><\/div><div class=\"l-section-h i-cf\"><div class=\"g-cols vc_row via_flex valign_top type_default stacking_default\"><div class=\"vc_col-sm-8 wpb_column vc_column_container\"><div class=\"vc_column-inner\"><div class=\"wpb_wrapper\"><div class=\"wpb_text_column us_custom_836f727b has_text_color\"><div class=\"wpb_wrapper\"><h1>Contato<\/h1>\n<\/div><\/div><div class=\"w-separator size_custom with_line width_default thick_1 style_solid color_secondary align_center\" style=\"height:4rem\"><div class=\"w-separator-h\"><\/div><\/div><\/div><\/div><\/div><div class=\"vc_col-sm-4 wpb_column vc_column_container\"><div class=\"vc_column-inner\"><div class=\"wpb_wrapper\"><\/div><\/div><\/div><\/div><\/div><\/section><section class=\"l-section wpb_row us_custom_e636d1cd height_auto\"><div class=\"l-section-h i-cf\"><div class=\"g-cols vc_row via_flex valign_top type_default stacking_default\"><div class=\"vc_col-sm-12 wpb_column vc_column_container\"><div class=\"vc_column-inner\"><div class=\"wpb_wrapper\"><div class=\"g-cols wpb_row us_custom_9d1e26d6 via_flex valign_top type_default stacking_default\"><div class=\"vc_col-sm-12 wpb_column vc_column_container\"><div class=\"vc_column-inner\"><div class=\"wpb_wrapper\"><div class=\"wpb_text_column us_custom_9b352e22\"><div class=\"wpb_wrapper\"><p style=\"text-align: center;\">Estamos \u00e0 sua disposi\u00e7\u00e3o.<\/p>\n<\/div><\/div><div class=\"wpb_text_column us_custom_3fb903b4\"><div class=\"wpb_wrapper\"><p style=\"text-align: center;\">Como podemos ajud\u00e1-lo?<\/p>\n<\/div><\/div><\/div><\/div><\/div><\/div><\/div><\/div><\/div><\/div><\/div><\/section><section class=\"l-section wpb_row us_custom_98131f98 height_medium width_full\"><div class=\"l-section-h i-cf\"><div class=\"g-cols vc_row via_flex valign_top type_default stacking_default\" style=\"--additional-gap:2rem;\"><div class=\"vc_col-sm-6 vc_col-lg-3 vc_col-md-3 wpb_column vc_column_container\"><div class=\"vc_column-inner\"><div class=\"wpb_wrapper\"><div class=\"g-cols wpb_row via_flex valign_top type_default stacking_default\" style=\"--additional-gap:2rem;\"><div class=\"vc_col-sm-12 wpb_column vc_column_container has_bg_color\"><div class=\"vc_column-inner us_custom_44273fb3\"><div class=\"wpb_wrapper\"><div class=\"w-vwrapper us_custom_7dd14cac align_none valign_top\"><div class=\"wpb_text_column us_custom_f3bd5403 has_text_color\"><div class=\"wpb_wrapper\"><p>Sou um cliente<\/p>\n<\/div><\/div><\/div><div class=\"w-separator size_custom\" style=\"height:2rem\"><\/div><div class=\"w-vwrapper us_custom_7dd14cac align_none valign_top\"><div class=\"wpb_text_column us_custom_287b0fdb has_text_color\"><div class=\"wpb_wrapper\"><p>Entre em contato com a equipe de desenvolvimento de neg\u00f3cios.<\/p>\n<\/div><\/div><\/div><div class=\"w-separator size_custom\" style=\"height:2rem\"><\/div><div class=\"w-vwrapper us_custom_7dd14cac align_none valign_bottom\" style=\"--vwrapper-gap:0.2rem\"><div class=\"w-iconbox us_custom_6171786e has_text_color iconpos_left style_default color_custom align_left no_text\"><a href=\"tel:+34914855316\" class=\"w-iconbox-link\" aria-label=\"+34 914 855 316\"><div class=\"w-iconbox-icon\" style=\"font-size:0.8rem;--icon-color:#fff;\"><i class=\"far fa-phone\"><\/i><\/div><\/a><div class=\"w-iconbox-meta\"><p class=\"w-iconbox-title\"><a href=\"tel:+34914855316\" class=\"w-iconbox-link\" aria-label=\"+34 914 855 316\">+34 914 855 316<\/a><\/p><\/div><\/div><div class=\"w-iconbox us_custom_4ee6ecdb has_text_color iconpos_left style_default color_custom align_left no_text\"><a href=\"mailto:solida@solida.com.es\" class=\"w-iconbox-link\" aria-label=\"comercial@solida.com.es\"><div class=\"w-iconbox-icon\" style=\"font-size:0.8rem;--icon-color:#fff;\"><i class=\"far fa-envelope\"><\/i><\/div><\/a><div class=\"w-iconbox-meta\"><p class=\"w-iconbox-title\"><a href=\"mailto:solida@solida.com.es\" class=\"w-iconbox-link\" aria-label=\"comercial@solida.com.es\">comercial@solida.com.es<\/a><\/p><\/div><\/div><\/div><\/div><\/div><\/div><\/div><\/div><\/div><\/div><div class=\"vc_col-sm-6 vc_col-lg-3 vc_col-md-3 wpb_column vc_column_container\"><div class=\"vc_column-inner\"><div class=\"wpb_wrapper\"><div class=\"g-cols wpb_row via_flex valign_top type_default stacking_default\" style=\"--additional-gap:2rem;\"><div class=\"vc_col-sm-12 wpb_column vc_column_container has_bg_color\"><div class=\"vc_column-inner us_custom_44273fb3\"><div class=\"wpb_wrapper\"><div class=\"w-vwrapper us_custom_7dd14cac align_none valign_top\"><div class=\"wpb_text_column us_custom_f3bd5403 has_text_color\"><div class=\"wpb_wrapper\"><p>Eu sou um fornecedor.<\/p>\n<\/div><\/div><\/div><div class=\"w-separator size_custom\" style=\"height:2rem\"><\/div><div class=\"w-vwrapper us_custom_7dd14cac align_none valign_top\"><div class=\"wpb_text_column us_custom_287b0fdb has_text_color\"><div class=\"wpb_wrapper\"><p>Entre em contato com a equipe de compras.<\/p>\n<\/div><\/div><\/div><div class=\"w-separator size_custom\" style=\"height:2rem\"><\/div><div class=\"w-vwrapper us_custom_7dd14cac align_none valign_bottom\"><div class=\"w-iconbox us_custom_4ee6ecdb has_text_color iconpos_left style_default color_custom align_left no_text\"><a href=\"mailto:solida@solida.com.es\" class=\"w-iconbox-link\" aria-label=\"solida@solida.com.es\"><div class=\"w-iconbox-icon\" style=\"font-size:0.8rem;--icon-color:#fff;\"><i class=\"far fa-envelope\"><\/i><\/div><\/a><div class=\"w-iconbox-meta\"><p class=\"w-iconbox-title\"><a href=\"mailto:solida@solida.com.es\" class=\"w-iconbox-link\" aria-label=\"solida@solida.com.es\">solida@solida.com.es<\/a><\/p><\/div><\/div><\/div><\/div><\/div><\/div><\/div><\/div><\/div><\/div><div class=\"vc_col-sm-6 vc_col-lg-3 vc_col-md-3 wpb_column vc_column_container\"><div class=\"vc_column-inner\"><div class=\"wpb_wrapper\"><div class=\"g-cols wpb_row via_flex valign_top type_default stacking_default\" style=\"--additional-gap:2rem;\"><div class=\"vc_col-sm-12 wpb_column vc_column_container has_bg_color\"><div class=\"vc_column-inner us_custom_44273fb3\"><div class=\"wpb_wrapper\"><div class=\"w-vwrapper us_custom_7dd14cac align_none valign_top\"><div class=\"wpb_text_column us_custom_f3bd5403 has_text_color\"><div class=\"wpb_wrapper\"><p>Quero trabalhar na S\u00f3lida<\/p>\n<\/div><\/div><\/div><div class=\"w-separator size_custom\" style=\"height:2rem\"><\/div><div class=\"w-vwrapper us_custom_7dd14cac align_none valign_top\"><div class=\"wpb_text_column us_custom_287b0fdb has_text_color\"><div class=\"wpb_wrapper\"><p>Envie meu curr\u00edculo para a equipe de RH.<\/p>\n<\/div><\/div><\/div><div class=\"w-separator size_custom\" style=\"height:2rem\"><\/div><div class=\"w-vwrapper us_custom_7dd14cac align_none valign_bottom\"><div class=\"w-iconbox us_custom_4ee6ecdb has_text_color iconpos_left style_default color_custom align_left no_text\"><a href=\"mailto:rrhh@solida.com.es\" class=\"w-iconbox-link\" aria-label=\"rrhh@solida.com.es\"><div class=\"w-iconbox-icon\" style=\"font-size:0.8rem;--icon-color:#fff;\"><i class=\"far fa-envelope\"><\/i><\/div><\/a><div class=\"w-iconbox-meta\"><p class=\"w-iconbox-title\"><a href=\"mailto:rrhh@solida.com.es\" class=\"w-iconbox-link\" aria-label=\"rrhh@solida.com.es\">rrhh@solida.com.es<\/a><\/p><\/div><\/div><\/div><\/div><\/div><\/div><\/div><\/div><\/div><\/div><div class=\"vc_col-sm-6 vc_col-lg-3 vc_col-md-3 wpb_column vc_column_container\"><div class=\"vc_column-inner\"><div class=\"wpb_wrapper\"><div class=\"g-cols wpb_row via_flex valign_top type_default stacking_default\" style=\"--additional-gap:2rem;\"><div class=\"vc_col-sm-12 wpb_column vc_column_container has_bg_color\"><div class=\"vc_column-inner us_custom_44273fb3\"><div class=\"wpb_wrapper\"><div class=\"w-vwrapper us_custom_7dd14cac align_none valign_top\"><div class=\"wpb_text_column us_custom_f3bd5403 has_text_color\"><div class=\"wpb_wrapper\"><p>Outras consultas<\/p>\n<\/div><\/div><\/div><div class=\"w-separator size_custom\" style=\"height:2rem\"><\/div><div class=\"w-vwrapper us_custom_7dd14cac align_none valign_top\"><\/div><div class=\"w-separator size_custom\" style=\"height:2rem\"><\/div><div class=\"w-vwrapper us_custom_7dd14cac align_none valign_bottom\"><div class=\"w-iconbox us_custom_4ee6ecdb has_text_color iconpos_left style_default color_custom align_left no_text\"><a href=\"mailto:solida@solida.com.es\" class=\"w-iconbox-link\" aria-label=\"solida@solida.com.es\"><div class=\"w-iconbox-icon\" style=\"font-size:0.8rem;--icon-color:#fff;\"><i class=\"far fa-envelope\"><\/i><\/div><\/a><div class=\"w-iconbox-meta\"><p class=\"w-iconbox-title\"><a href=\"mailto:solida@solida.com.es\" class=\"w-iconbox-link\" aria-label=\"solida@solida.com.es\">solida@solida.com.es<\/a><\/p><\/div><\/div><\/div><\/div><\/div><\/div><\/div><\/div><\/div><\/div><\/div><\/div><\/section><section class=\"l-section wpb_row us_custom_a8c917e3 height_auto\"><div class=\"l-section-h i-cf\"><div class=\"g-cols vc_row via_flex valign_top type_default stacking_default\"><div class=\"vc_col-sm-12 wpb_column vc_column_container\"><div class=\"vc_column-inner\"><div class=\"wpb_wrapper\"><div class=\"g-cols wpb_row us_custom_a8c917e3 via_flex valign_top type_default stacking_default\"><div class=\"vc_col-sm-12 wpb_column vc_column_container\"><div class=\"vc_column-inner\"><div class=\"wpb_wrapper\"><div class=\"wpb_text_column us_custom_9b352e22\"><div class=\"wpb_wrapper\"><p style=\"text-align: center;\">Trabalhamos em mais de 50 pa\u00edses.<br \/>\n<strong>Temos escrit\u00f3rios na Espanha, Brasil, Chile, It\u00e1lia, e Portugal e presen\u00e7a local na Rep\u00fablica Dominicana, Col\u00f4mbia e Peru.<\/strong><\/p>\n<\/div><\/div><\/div><\/div><\/div><\/div><div class=\"g-cols wpb_row us_custom_a8c917e3 via_flex valign_top type_default stacking_default\"><div class=\"vc_col-sm-12 wpb_column vc_column_container\"><div class=\"vc_column-inner\"><div class=\"wpb_wrapper\"><div class=\"wpb_text_column us_custom_e9eee4ad\"><div class=\"wpb_wrapper\"><p style=\"text-align: center;\">Entre em contato conosco.<\/p>\n<\/div><\/div>\n<div class=\"wpcf7 no-js\" id=\"wpcf7-f7513-o1\" lang=\"es-ES\" dir=\"ltr\" data-wpcf7-id=\"7513\">\n<div class=\"screen-reader-response\"><p role=\"status\" aria-live=\"polite\" aria-atomic=\"true\"><\/p> <ul><\/ul><\/div>\n<form action=\"\/pt-br\/wp-json\/wp\/v2\/pages\/7358#wpcf7-f7513-o1\" method=\"post\" class=\"wpcf7-form init wpcf7-acceptance-as-validation\" aria-label=\"Formulario de contacto\" novalidate=\"novalidate\" data-status=\"init\">\n<fieldset class=\"hidden-fields-container\"><input type=\"hidden\" name=\"_wpcf7\" value=\"7513\" \/><input type=\"hidden\" name=\"_wpcf7_version\" value=\"6.1.5\" \/><input type=\"hidden\" name=\"_wpcf7_locale\" value=\"es_ES\" \/><input type=\"hidden\" name=\"_wpcf7_unit_tag\" value=\"wpcf7-f7513-o1\" \/><input type=\"hidden\" name=\"_wpcf7_container_post\" value=\"0\" \/><input type=\"hidden\" name=\"_wpcf7_posted_data_hash\" value=\"\" \/><input type=\"hidden\" name=\"_wpcf7_recaptcha_response\" value=\"\" \/>\n<\/fieldset>\n<p><label> Nome*<br \/>\n<span class=\"wpcf7-form-control-wrap\" data-name=\"your-name\"><input size=\"40\" maxlength=\"400\" class=\"wpcf7-form-control wpcf7-text wpcf7-validates-as-required\" aria-required=\"true\" aria-invalid=\"false\" value=\"\" type=\"text\" name=\"your-name\" \/><\/span> <\/label>\n<\/p>\n<p><label> Email*<br \/>\n<span class=\"wpcf7-form-control-wrap\" data-name=\"your-email\"><input size=\"40\" maxlength=\"400\" class=\"wpcf7-form-control wpcf7-email wpcf7-validates-as-required wpcf7-text wpcf7-validates-as-email\" aria-required=\"true\" aria-invalid=\"false\" value=\"\" type=\"email\" name=\"your-email\" \/><\/span> <\/label>\n<\/p>\n<p><label> Empresa*<br \/>\n<span class=\"wpcf7-form-control-wrap\" data-name=\"empresa\"><input size=\"40\" maxlength=\"400\" class=\"wpcf7-form-control wpcf7-text wpcf7-validates-as-required\" aria-required=\"true\" aria-invalid=\"false\" value=\"\" type=\"text\" name=\"empresa\" \/><\/span> <\/label>\n<\/p>\n<p><label> Mensagem*<br \/>\n<span class=\"wpcf7-form-control-wrap\" data-name=\"your-message\"><textarea cols=\"40\" rows=\"10\" maxlength=\"2000\" class=\"wpcf7-form-control wpcf7-textarea\" aria-invalid=\"false\" name=\"your-message\"><\/textarea><\/span> <\/label>\n<\/p>\n<p style=\"font-size:10px\"><b>INFORMA\u00c7\u00d5ES B\u00c1SICAS SOBRE PROTE\u00c7\u00c3O DE DADOS<\/b><b>Controller<\/b>: S\u00f3lida Energ\u00edas Renovables S.L.\/ B85294437 \/ C. Musgo 2, 1\u00ba C; Edif. Europa II, 28023 Madrid. \/ solida@solida.com.es \/ (+34) 914 855 316 ; 911 726 282 | <b>Main Purpose:<\/b> Manage the commercial\/professional relationship. Manage the commercial\/professional relationship. To attend the consultations or the information that it requests to us. <b>Rights<\/b>: Access, Rectification, Erasure, Object, Restriction of processing, Data portability, not to be subject to a decision based solely on automated processing. <b>Additional Information:<\/b> Additional and detailed information about our Privacy Policy can be found at <a href=\"\/politica-de-privacidad\" target=\"_blank\">this link.<\/a>\n<\/p>\n<p><label class=\"politica-contacto\"><br \/>\n<span class=\"wpcf7-form-control-wrap\" data-name=\"accept-this-1\"><span class=\"wpcf7-form-control wpcf7-acceptance\"><span class=\"wpcf7-list-item\"><input type=\"checkbox\" name=\"accept-this-1\" value=\"1\" aria-invalid=\"false\" \/><\/span><\/span><\/span> I declare that I have understood the information provided and consent to the processing of my personal data. <a href=\"\/politica-de-privacidad\" target=\"_blank\">Privacy Policy<\/a> <\/label>\n<\/p>\n<p class=\"cont_btn\"><input class=\"wpcf7-form-control wpcf7-submit has-spinner btn_contacta\" type=\"submit\" value=\"Enviar\" \/>\n<\/p><div class=\"wpcf7-response-output\" aria-hidden=\"true\"><\/div>\n<\/form>\n<\/div>\n<\/div><\/div><\/div><\/div><\/div><\/div><\/div><\/div><\/div><\/section><section class=\"l-section wpb_row us_custom_04443154 height_auto with_img with_shape\"><div class=\"l-section-img\" role=\"img\" aria-label=\"Imagem\" data-img-width=\"2560\" data-img-height=\"1700\" style=\"background-image: url(https:\/\/solida.com.es\/wp-content\/uploads\/2022\/03\/contacto-2-scaled.jpg);background-position: top center;background-repeat: no-repeat;\"><\/div><div class=\"l-section-shape type_curve pos_top\" style=\"height:5vh;\"><svg xmlns=\"http:\/\/www.w3.org\/2000\/svg\" viewBox=\"0 0 64 8\" preserveAspectRatio=\"none\" width=\"100%\" height=\"100%\">\r\n\t<path fill=\"currentColor\" d=\"M64 8 L64 0 Q32 15.8 0 0 L0 8 Z\"\/>\r\n<\/svg><\/div><div class=\"l-section-h i-cf\"><div class=\"g-cols vc_row via_flex valign_bottom type_default stacking_default\"><div class=\"vc_col-sm-12 wpb_column vc_column_container\"><div class=\"vc_column-inner\"><div class=\"wpb_wrapper\"><\/div><\/div><\/div><\/div><\/div><\/section>\n","protected":false},"excerpt":{"rendered":"Contato Estamos \u00e0 sua disposi\u00e7\u00e3o. Como podemos ajud\u00e1-lo? Sou um cliente Entre em contato com a equipe de desenvolvimento de neg\u00f3cios. +34 914 855 316comercial@solida.com.esEu sou um fornecedor. Entre em contato com a equipe de compras. solida@solida.com.esQuero trabalhar na S\u00f3lida Envie meu curr\u00edculo para a equipe de RH. rrhh@solida.com.esOutras consultas solida@solida.com.esTrabalhamos em mais de 50...","protected":false},"author":3,"featured_media":4351,"parent":0,"menu_order":0,"comment_status":"closed","ping_status":"closed","template":"","meta":{"footnotes":""},"class_list":["post-7358","page","type-page","status-publish","has-post-thumbnail","hentry"],"yoast_head":"<!-- This site is optimized with the Yoast SEO plugin v27.4 - https:\/\/yoast.com\/product\/yoast-seo-wordpress\/ -->\n<title>Contato - S\u00f3lida<\/title>\n<meta name=\"robots\" content=\"index, follow, max-snippet:-1, max-image-preview:large, max-video-preview:-1\" \/>\n<link rel=\"canonical\" href=\"https:\/\/solida.com.es\/pt-br\/contato\/\" \/>\n<meta property=\"og:locale\" content=\"pt_BR\" \/>\n<meta property=\"og:type\" content=\"article\" \/>\n<meta property=\"og:title\" content=\"Contato - S\u00f3lida\" \/>\n<meta property=\"og:url\" content=\"https:\/\/solida.com.es\/pt-br\/contato\/\" \/>\n<meta property=\"og:site_name\" content=\"S\u00f3lida\" \/>\n<meta property=\"article:modified_time\" content=\"2024-04-19T08:37:51+00:00\" \/>\n<meta property=\"og:image\" content=\"https:\/\/solida.com.es\/wp-content\/uploads\/2022\/05\/quienes-somos-2.jpg\" \/>\n\t<meta property=\"og:image:width\" content=\"2150\" \/>\n\t<meta property=\"og:image:height\" content=\"1030\" \/>\n\t<meta property=\"og:image:type\" content=\"image\/jpeg\" \/>\n<meta name=\"twitter:card\" content=\"summary_large_image\" \/>\n<meta name=\"twitter:label1\" content=\"Est. tempo de leitura\" \/>\n\t<meta name=\"twitter:data1\" content=\"2 minutos\" \/>\n<script type=\"application\/ld+json\" class=\"yoast-schema-graph\">{\"@context\":\"https:\\\/\\\/schema.org\",\"@graph\":[{\"@type\":\"WebPage\",\"@id\":\"https:\\\/\\\/solida.com.es\\\/pt-br\\\/contato\\\/\",\"url\":\"https:\\\/\\\/solida.com.es\\\/pt-br\\\/contato\\\/\",\"name\":\"Contato - S\u00f3lida\",\"isPartOf\":{\"@id\":\"https:\\\/\\\/solida.com.es\\\/pt-br\\\/#website\"},\"primaryImageOfPage\":{\"@id\":\"https:\\\/\\\/solida.com.es\\\/pt-br\\\/contato\\\/#primaryimage\"},\"image\":{\"@id\":\"https:\\\/\\\/solida.com.es\\\/pt-br\\\/contato\\\/#primaryimage\"},\"thumbnailUrl\":\"https:\\\/\\\/solida.com.es\\\/wp-content\\\/uploads\\\/2022\\\/05\\\/quienes-somos-2.jpg\",\"datePublished\":\"2022-03-15T13:19:05+00:00\",\"dateModified\":\"2024-04-19T08:37:51+00:00\",\"breadcrumb\":{\"@id\":\"https:\\\/\\\/solida.com.es\\\/pt-br\\\/contato\\\/#breadcrumb\"},\"inLanguage\":\"pt-BR\",\"potentialAction\":[{\"@type\":\"ReadAction\",\"target\":[\"https:\\\/\\\/solida.com.es\\\/pt-br\\\/contato\\\/\"]}]},{\"@type\":\"ImageObject\",\"inLanguage\":\"pt-BR\",\"@id\":\"https:\\\/\\\/solida.com.es\\\/pt-br\\\/contato\\\/#primaryimage\",\"url\":\"https:\\\/\\\/solida.com.es\\\/wp-content\\\/uploads\\\/2022\\\/05\\\/quienes-somos-2.jpg\",\"contentUrl\":\"https:\\\/\\\/solida.com.es\\\/wp-content\\\/uploads\\\/2022\\\/05\\\/quienes-somos-2.jpg\",\"width\":2150,\"height\":1030},{\"@type\":\"BreadcrumbList\",\"@id\":\"https:\\\/\\\/solida.com.es\\\/pt-br\\\/contato\\\/#breadcrumb\",\"itemListElement\":[{\"@type\":\"ListItem\",\"position\":1,\"name\":\"Portada\",\"item\":\"https:\\\/\\\/solida.com.es\\\/pt-br\\\/\"},{\"@type\":\"ListItem\",\"position\":2,\"name\":\"Contato\"}]},{\"@type\":\"WebSite\",\"@id\":\"https:\\\/\\\/solida.com.es\\\/pt-br\\\/#website\",\"url\":\"https:\\\/\\\/solida.com.es\\\/pt-br\\\/\",\"name\":\"S\u00f3lida\",\"description\":\"Ingeniera especializada en renovables\",\"potentialAction\":[{\"@type\":\"SearchAction\",\"target\":{\"@type\":\"EntryPoint\",\"urlTemplate\":\"https:\\\/\\\/solida.com.es\\\/pt-br\\\/?s={search_term_string}\"},\"query-input\":{\"@type\":\"PropertyValueSpecification\",\"valueRequired\":true,\"valueName\":\"search_term_string\"}}],\"inLanguage\":\"pt-BR\"}]}<\/script>\n<!-- \/ Yoast SEO plugin. -->","yoast_head_json":{"title":"Contato - S\u00f3lida","robots":{"index":"index","follow":"follow","max-snippet":"max-snippet:-1","max-image-preview":"max-image-preview:large","max-video-preview":"max-video-preview:-1"},"canonical":"https:\/\/solida.com.es\/pt-br\/contato\/","og_locale":"pt_BR","og_type":"article","og_title":"Contato - S\u00f3lida","og_url":"https:\/\/solida.com.es\/pt-br\/contato\/","og_site_name":"S\u00f3lida","article_modified_time":"2024-04-19T08:37:51+00:00","og_image":[{"width":2150,"height":1030,"url":"https:\/\/solida.com.es\/wp-content\/uploads\/2022\/05\/quienes-somos-2.jpg","type":"image\/jpeg"}],"twitter_card":"summary_large_image","twitter_misc":{"Est. tempo de leitura":"2 minutos"},"schema":{"@context":"https:\/\/schema.org","@graph":[{"@type":"WebPage","@id":"https:\/\/solida.com.es\/pt-br\/contato\/","url":"https:\/\/solida.com.es\/pt-br\/contato\/","name":"Contato - S\u00f3lida","isPartOf":{"@id":"https:\/\/solida.com.es\/pt-br\/#website"},"primaryImageOfPage":{"@id":"https:\/\/solida.com.es\/pt-br\/contato\/#primaryimage"},"image":{"@id":"https:\/\/solida.com.es\/pt-br\/contato\/#primaryimage"},"thumbnailUrl":"https:\/\/solida.com.es\/wp-content\/uploads\/2022\/05\/quienes-somos-2.jpg","datePublished":"2022-03-15T13:19:05+00:00","dateModified":"2024-04-19T08:37:51+00:00","breadcrumb":{"@id":"https:\/\/solida.com.es\/pt-br\/contato\/#breadcrumb"},"inLanguage":"pt-BR","potentialAction":[{"@type":"ReadAction","target":["https:\/\/solida.com.es\/pt-br\/contato\/"]}]},{"@type":"ImageObject","inLanguage":"pt-BR","@id":"https:\/\/solida.com.es\/pt-br\/contato\/#primaryimage","url":"https:\/\/solida.com.es\/wp-content\/uploads\/2022\/05\/quienes-somos-2.jpg","contentUrl":"https:\/\/solida.com.es\/wp-content\/uploads\/2022\/05\/quienes-somos-2.jpg","width":2150,"height":1030},{"@type":"BreadcrumbList","@id":"https:\/\/solida.com.es\/pt-br\/contato\/#breadcrumb","itemListElement":[{"@type":"ListItem","position":1,"name":"Portada","item":"https:\/\/solida.com.es\/pt-br\/"},{"@type":"ListItem","position":2,"name":"Contato"}]},{"@type":"WebSite","@id":"https:\/\/solida.com.es\/pt-br\/#website","url":"https:\/\/solida.com.es\/pt-br\/","name":"S\u00f3lida","description":"Ingeniera especializada en renovables","potentialAction":[{"@type":"SearchAction","target":{"@type":"EntryPoint","urlTemplate":"https:\/\/solida.com.es\/pt-br\/?s={search_term_string}"},"query-input":{"@type":"PropertyValueSpecification","valueRequired":true,"valueName":"search_term_string"}}],"inLanguage":"pt-BR"}]}},"_links":{"self":[{"href":"https:\/\/solida.com.es\/pt-br\/wp-json\/wp\/v2\/pages\/7358","targetHints":{"allow":["GET"]}}],"collection":[{"href":"https:\/\/solida.com.es\/pt-br\/wp-json\/wp\/v2\/pages"}],"about":[{"href":"https:\/\/solida.com.es\/pt-br\/wp-json\/wp\/v2\/types\/page"}],"author":[{"embeddable":true,"href":"https:\/\/solida.com.es\/pt-br\/wp-json\/wp\/v2\/users\/3"}],"replies":[{"embeddable":true,"href":"https:\/\/solida.com.es\/pt-br\/wp-json\/wp\/v2\/comments?post=7358"}],"version-history":[{"count":1,"href":"https:\/\/solida.com.es\/pt-br\/wp-json\/wp\/v2\/pages\/7358\/revisions"}],"predecessor-version":[{"id":8088,"href":"https:\/\/solida.com.es\/pt-br\/wp-json\/wp\/v2\/pages\/7358\/revisions\/8088"}],"wp:featuredmedia":[{"embeddable":true,"href":"https:\/\/solida.com.es\/pt-br\/wp-json\/wp\/v2\/media\/4351"}],"wp:attachment":[{"href":"https:\/\/solida.com.es\/pt-br\/wp-json\/wp\/v2\/media?parent=7358"}],"curies":[{"name":"wp","href":"https:\/\/api.w.org\/{rel}","templated":true}]}}