{"id":7340,"date":"2022-03-07T19:23:19","date_gmt":"2022-03-07T18:23:19","guid":{"rendered":"https:\/\/solida.com.es\/consultoria-2\/"},"modified":"2025-09-01T12:42:19","modified_gmt":"2025-09-01T10:42:19","slug":"consultoria-2","status":"publish","type":"page","link":"https:\/\/solida.com.es\/pt-br\/consultoria-2\/","title":{"rendered":"Consultoria"},"content":{"rendered":"<section class=\"l-section wpb_row us_custom_519da1e6 height_auto full_height valign_bottom\"><div class=\"l-section-h i-cf\"><div class=\"g-cols vc_row via_flex valign_bottom type_default stacking_default\"><div class=\"vc_col-sm-8 wpb_column vc_column_container\"><div class=\"vc_column-inner\"><div class=\"wpb_wrapper\"><div class=\"wpb_text_column us_custom_6df4bc3a has_text_color\"><div class=\"wpb_wrapper\"><h1>Consultoria<\/h1>\n<\/div><\/div><div class=\"w-separator size_custom with_line width_default thick_1 style_solid color_secondary align_left\" style=\"height:4rem\"><div class=\"w-separator-h\"><\/div><\/div><\/div><\/div><\/div><div class=\"vc_col-sm-4 wpb_column vc_column_container\"><div class=\"vc_column-inner\"><div class=\"wpb_wrapper\"><\/div><\/div><\/div><\/div><\/div><\/section><section class=\"l-section wpb_row us_custom_be0599ae height_auto\"><div class=\"l-section-h i-cf\"><div class=\"g-cols vc_row via_flex valign_top type_default stacking_default\"><div class=\"vc_col-sm-12 wpb_column vc_column_container\"><div class=\"vc_column-inner\"><div class=\"wpb_wrapper\"><div class=\"g-cols wpb_row via_flex valign_top type_default stacking_default\"><div class=\"vc_col-sm-12 wpb_column vc_column_container\"><div class=\"vc_column-inner\"><div class=\"wpb_wrapper\"><div class=\"wpb_text_column us_custom_9b352e22\"><div class=\"wpb_wrapper\"><p style=\"text-align: center;\">O trabalho de consultoria para renov\u00e1veis precisa de <strong>uma equipe altamente preparada e qualificada nesse tipo de projeto,<\/strong> com conhecimento da realidade de cada mercado, regula\u00e7\u00e3o, tecnologia e uma vis\u00e3o global do neg\u00f3cio.<\/p>\n<\/div><\/div><\/div><\/div><\/div><\/div><div class=\"g-cols wpb_row us_custom_bec9bcbb hide_on_mobiles via_flex valign_top type_default stacking_default\"><div class=\"vc_col-sm-3\/5 wpb_column vc_column_container\"><div class=\"vc_column-inner\"><div class=\"wpb_wrapper\"><div class=\"wpb_text_column\"><div class=\"wpb_wrapper\"><p>Os <strong>300 profissionais <\/strong>que integram a equipe da S\u00d3LIDA <strong>dedicam-se exclusivamente a projetos de energias renov\u00e1veis e infraestruturas de interliga\u00e7\u00e3o \u00e0 rede.<\/strong> Isso se traduz em uma profunda especializa\u00e7\u00e3o e conhecimento t\u00e9cnico do setor em todas as suas fases.<\/p>\n<p>Em sintonia com o cliente, analisamos minuciosamente os riscos do projeto e fornecemos conclus\u00f5es com base em rigorosos crit\u00e9rios t\u00e9cnicos. Em todos os nossos projetos de consultoria oferecemos solu\u00e7\u00f5es de alto valor agregado, baseadas na expertise tecnol\u00f3gica de uma empresa de engenharia de primeira linha.<\/p>\n<\/div><\/div><div class=\"w-hwrapper us_custom_938809ae valign_top align_none\"><div class=\"w-text us_custom_5122fe06\"><span class=\"w-text-h\"><span class=\"w-text-value\">Due Diligence T\u00e9cnica<\/span><\/span><\/div><div class=\"w-text us_custom_5122fe06\"><span class=\"w-text-h\"><span class=\"w-text-value\">Lender\u00b4s Technical Advisor<\/span><\/span><\/div><div class=\"w-text us_custom_5122fe06\"><span class=\"w-text-h\"><span class=\"w-text-value\">Auditoria especializada<\/span><\/span><\/div><div class=\"w-text us_custom_5122fe06\"><span class=\"w-text-h\"><span class=\"w-text-value\">Contratos de assessoria t\u00e9cnica<\/span><\/span><\/div><\/div><div class=\"wpb_text_column\"><div class=\"wpb_wrapper\"><p><strong>Combinando uma perspectiva de engenharia e consultoria, somos um parceiro altamente confi\u00e1vel <\/strong> para o desenvolvimento e an\u00e1lise de projetos de energia renov\u00e1vel e infraestrutura el\u00e9trica.<\/p>\n<\/div><\/div><\/div><\/div><\/div><div class=\"vc_col-sm-2\/5 wpb_column vc_column_container\"><div class=\"vc_column-inner\"><div class=\"wpb_wrapper\"><div class=\"wpb_text_column us_custom_d9816485 has_text_color\"><div class=\"wpb_wrapper\"><p style=\"text-align: right;\"><strong>Somos assessores t\u00e9cnicos independentes<\/strong> e <strong>n\u00e3o conformistas<\/strong> h\u00e1 mais de 18 anos.<\/p>\n<\/div><\/div><\/div><\/div><\/div><\/div><div class=\"g-cols wpb_row us_custom_bec9bcbb hide_on_default hide_on_laptops hide_on_tablets via_flex valign_top type_default stacking_default\"><div class=\"vc_col-sm-12 wpb_column vc_column_container\"><div class=\"vc_column-inner\"><div class=\"wpb_wrapper\"><div class=\"wpb_text_column\"><div class=\"wpb_wrapper\"><p>Os <strong>300 profissionais <\/strong>que integram a equipe da S\u00d3LIDA <strong>dedicam-se exclusivamente a projetos de energias renov\u00e1veis e infraestruturas de interliga\u00e7\u00e3o \u00e0 rede.<\/strong> Isso se traduz em uma profunda especializa\u00e7\u00e3o e conhecimento t\u00e9cnico do setor em todas as suas fases.<\/p>\n<p>Em sintonia com o cliente, analisamos minuciosamente os riscos do projeto e fornecemos conclus\u00f5es com base em rigorosos crit\u00e9rios t\u00e9cnicos. Em todos os nossos projetos de consultoria oferecemos solu\u00e7\u00f5es de alto valor agregado, baseadas na expertise tecnol\u00f3gica de uma empresa de engenharia de primeira linha.<\/p>\n<\/div><\/div><div class=\"wpb_text_column us_custom_b28c1b9c has_text_color\"><div class=\"wpb_wrapper\"><p style=\"text-align: right;\"><strong>Somos assessores t\u00e9cnicos independentes<\/strong> e <strong>n\u00e3o conformistas<\/strong> h\u00e1 mais de 18 anos.<\/p>\n<\/div><\/div><div class=\"w-hwrapper us_custom_2e426560 valign_top align_none\"><div class=\"w-text us_custom_03433be4\"><span class=\"w-text-h\"><span class=\"w-text-value\">Due Diligence T\u00e9cnica<\/span><\/span><\/div><div class=\"w-text us_custom_03433be4\"><span class=\"w-text-h\"><span class=\"w-text-value\">Lender\u00b4s Technical Advisor<\/span><\/span><\/div><\/div><div class=\"w-hwrapper us_custom_938809ae valign_top align_none\"><div class=\"w-text us_custom_03433be4\"><span class=\"w-text-h\"><span class=\"w-text-value\">Auditoria<br \/>\nespecializada<\/span><\/span><\/div><div class=\"w-text us_custom_03433be4\"><span class=\"w-text-h\"><span class=\"w-text-value\">Contratos de assessoria t\u00e9cnica<\/span><\/span><\/div><\/div><div class=\"wpb_text_column\"><div class=\"wpb_wrapper\"><p><strong>Combinando uma perspectiva de engenharia e consultoria, somos um parceiro altamente confi\u00e1vel <\/strong> para o desenvolvimento e an\u00e1lise de projetos de energia renov\u00e1vel e infraestrutura el\u00e9trica.<\/p>\n<\/div><\/div><\/div><\/div><\/div><\/div><div class=\"g-cols wpb_row via_flex valign_top type_default stacking_default\"><div class=\"vc_col-sm-12 wpb_column vc_column_container\"><div class=\"vc_column-inner\"><div class=\"wpb_wrapper\"><div class=\"wpb_text_column us_custom_9b352e22\"><div class=\"wpb_wrapper\"><p>Trabalhamos como <strong>assessores t\u00e9cnicos em algumas das opera\u00e7\u00f5es mais importantes da Europa<\/strong>:<\/p>\n<\/div><\/div><div class=\"w-grid us_grid us_custom_6d149020 type_grid layout_1859 cols_3 preload_style_spinner\" id=\"us_grid_1\" style=\"--columns:3;--gap:1.5rem;\"><style>@media (max-width:1024px){#us_grid_1{--columns:2!important}}@media (max-width:600px){#us_grid_1{--columns:1!important}}.layout_1859 .w-grid-item-h{background:var(--color-content-bg);color:var(--color-content-heading);border-radius:0.3rem;box-shadow:0 0.03rem 0.06rem rgba(0,0,0,0.1),0 0.1rem 0.3rem rgba(0,0,0,0.1);transition-duration:0.3s}.no-touch .layout_1859 .w-grid-item-h:hover{box-shadow:0 0.12rem 0.24rem rgba(0,0,0,0.1),0 0.4rem 1.2rem rgba(0,0,0,0.15);z-index:4}.layout_1859 .usg_post_taxonomy_1{color:var(--color-content-heading)!important;font-weight:300!important;font-size:14px!important;line-height:16px!important}.layout_1859 .usg_post_title_1{color:inherit!important;font-weight:700!important;font-size:14px!important}.layout_1859 .usg_post_custom_field_1{max-width:60px!important;max-height:60px!important}.layout_1859 .usg_hwrapper_2{padding:15px 10px 12px 15px!important}.layout_1859 .usg_vwrapper_2{max-width:80%!important}.layout_1859 .usg_hwrapper_1{margin-bottom:0.5rem!important}.layout_1859 .usg_post_custom_field_3{font-weight:300!important;font-size:14px!important}.layout_1859 .usg_post_custom_field_4{font-weight:300!important;font-size:14px!important}@media (max-width:600px){.layout_1859 .usg_post_title_1{font-size:1.2rem!important}}<\/style><div class=\"w-grid-list\">\t<article class=\"w-grid-item size_1x1 post-7621 us_portfolio type-us_portfolio status-publish has-post-thumbnail hentry us_portfolio_category-armazenamento us_portfolio_category-eolica-pt us_portfolio_category-fotovoltaica-pt us_portfolio_category-hibridizacao us_portfolio_category-subestacoes-e-linhas ejecucion-52 zona-america-do-norte zona-america-do-sul zona-europa-pt cliente_tax-rbc-royal-bank cliente_tax-santander cliente_tax-vortex-energy\" data-id=\"7621\">\r\n\t\t<div class=\"w-grid-item-h\">\r\n\t\t\t\t\t\t<div class=\"w-post-elm post_image usg_post_image_1 has_ratio\"><a href=\"https:\/\/solida.com.es\/pt-br\/projetos\/portfolio-ignis\/\" aria-label=\"Portf\u00f3lio Ignis\"><img data-recalc-dims=\"1\" loading=\"lazy\" decoding=\"async\" width=\"667\" height=\"257\" src=\"https:\/\/i0.wp.com\/solida.com.es\/wp-content\/uploads\/2022\/05\/DD-Ignis.png?resize=667%2C257&#038;ssl=1\" class=\"attachment-full size-full wp-post-image\" alt=\"\" \/><\/a><div style=\"padding-bottom:56.25%\"><\/div><\/div><div class=\"w-hwrapper usg_hwrapper_2 align_left valign_top\" style=\"--hwrapper-gap:1rem\"><div class=\"w-post-elm post_custom_field usg_post_custom_field_1 type_text tecnologia_ico color_link_inherit has_height\"><span class=\"w-post-elm-value\"><img decoding=\"async\" src=\"\/wp-content\/uploads\/2022\/02\/fotovoltaica.png\"><\/span><\/div><div class=\"w-vwrapper usg_vwrapper_2 align_left valign_top\" style=\"--vwrapper-gap:0.3rem\"><div class=\"w-hwrapper usg_hwrapper_1 align_none valign_top\" style=\"--hwrapper-gap:1.20rem\"><div class=\"w-post-elm post_taxonomy usg_post_taxonomy_1 has_text_color style_simple\"><span class=\"term-215 term-armazenamento\">Armazenamento<\/span><b>, <\/b><span class=\"term-217 term-eolica-pt\">E\u00f3lica<\/span><b>, <\/b><span class=\"term-218 term-fotovoltaica-pt\">Fotovoltaica<\/span><b>, <\/b><span class=\"term-219 term-hibridizacao\">Hibridiza\u00e7\u00e3o<\/span><b>, <\/b><span class=\"term-220 term-subestacoes-e-linhas\">Subesta\u00e7\u00f5es e linhas<\/span><\/div><\/div><h2 class=\"w-post-elm post_title usg_post_title_1 has_text_color entry-title color_link_inherit\"><a href=\"https:\/\/solida.com.es\/pt-br\/projetos\/portfolio-ignis\/\">Portf\u00f3lio Ignis<\/a><\/h2><div class=\"w-hwrapper usg_hwrapper_3 align_none valign_top\"><div class=\"w-post-elm post_custom_field usg_post_custom_field_4 type_text mw color_link_inherit\"><span class=\"w-post-elm-value\">14000 MW<\/span><\/div><div class=\"w-post-elm post_custom_field usg_post_custom_field_3 type_text pais color_link_inherit\"><span class=\"w-post-elm-value\">Per\u00fa, USA<\/span><\/div><\/div><\/div><\/div>\t\t<\/div>\r\n\t\t\t<\/article>\r\n<\/div>\t<div class=\"w-grid-preloader\">\r\n\t\t<div class=\"g-preloader type_1\">\r\n\t\t\t<div><\/div>\r\n\t\t<\/div>\r\n\t<\/div>\r\n\t\t<div class=\"w-grid-json hidden\" onclick='return {&quot;action&quot;:&quot;us_ajax_grid&quot;,&quot;infinite_scroll&quot;:0,&quot;max_num_pages&quot;:1,&quot;pagination&quot;:&quot;none&quot;,&quot;template_vars&quot;:{&quot;columns&quot;:&quot;3&quot;,&quot;exclude_items&quot;:&quot;none&quot;,&quot;img_size&quot;:&quot;default&quot;,&quot;ignore_items_size&quot;:0,&quot;items_layout&quot;:&quot;1859&quot;,&quot;items_offset&quot;:&quot;1&quot;,&quot;load_animation&quot;:&quot;none&quot;,&quot;overriding_link&quot;:&quot;{\\&quot;url\\&quot;:\\&quot;\\&quot;}&quot;,&quot;post_id&quot;:0,&quot;query_args&quot;:{&quot;ignore_sticky_posts&quot;:1,&quot;post_type&quot;:&quot;any&quot;,&quot;post__in&quot;:[&quot;2567&quot;,&quot;2611&quot;,&quot;1376&quot;],&quot;posts_per_page&quot;:&quot;2&quot;},&quot;orderby_query_args&quot;:{&quot;orderby&quot;:{&quot;date&quot;:&quot;DESC&quot;}},&quot;type&quot;:&quot;grid&quot;,&quot;us_grid_post_type&quot;:&quot;ids&quot;,&quot;us_grid_ajax_index&quot;:1,&quot;us_grid_filter_query_string&quot;:null,&quot;us_grid_index&quot;:1,&quot;page_args&quot;:[],&quot;lang&quot;:&quot;pt-br&quot;}}'><\/div>\r\n\t<\/div><div class=\"w-btn-wrapper align_center\"><a class=\"w-btn us-btn-style_1 us_custom_6d149020\" title=\"Projetos\" href=\"https:\/\/solida.com.es\/pt-br\/experiencia-2\/#estudos-caso\"><span class=\"w-btn-label\">Ver mais projetos<\/span><\/a><\/div><div class=\"w-separator size_custom\" style=\"height:2rem\"><\/div><\/div><\/div><\/div><\/div><\/div><\/div><\/div><\/div><\/div><\/section><section class=\"l-section wpb_row us_custom_4f726e1a height_auto with_shape\"><div class=\"l-section-shape type_curve pos_top\" style=\"height:5vh;color:\"><svg xmlns=\"http:\/\/www.w3.org\/2000\/svg\" viewBox=\"0 0 64 8\" preserveAspectRatio=\"none\" width=\"100%\" height=\"100%\">\r\n\t<path fill=\"currentColor\" d=\"M64 8 L64 0 Q32 15.8 0 0 L0 8 Z\"\/>\r\n<\/svg><\/div><div class=\"l-section-h i-cf\"><div class=\"g-cols vc_row via_flex valign_top type_default stacking_default\"><div class=\"vc_col-sm-12 wpb_column vc_column_container\"><div class=\"vc_column-inner\"><div class=\"wpb_wrapper\"><\/div><\/div><\/div><\/div><\/div><\/section><section class=\"l-section wpb_row us_custom_c55da1b3 height_auto\"><div class=\"l-section-h i-cf\"><div class=\"g-cols vc_row via_flex valign_top type_default stacking_default\"><div class=\"vc_col-sm-8 wpb_column vc_column_container\"><div class=\"vc_column-inner\"><div class=\"wpb_wrapper\"><div class=\"wpb_text_column us_custom_6024076c\"><div class=\"wpb_wrapper\"><p style=\"text-align: left;\">Os destaques incluem <strong>os servi\u00e7os t\u00e9cnicos de Due Diligence para a compra\/financiamento de projetos renov\u00e1veis <\/strong> que a S\u00d3LIDA fornece aos promotores, fundos de investimento e institui\u00e7\u00f5es financeiras de prest\u00edgio reconhecido, essenciais para a tomada de decis\u00f5es importantes por nossos clientes, e que incluem, entre outros aspectos:<\/p>\n<\/div><\/div><div class=\"g-cols wpb_row us_custom_6d149020 via_flex valign_top type_default stacking_default\"><div class=\"vc_col-sm-6 wpb_column vc_column_container\"><div class=\"vc_column-inner\"><div class=\"wpb_wrapper\"><div class=\"wpb_text_column\"><div class=\"wpb_wrapper\"><ul class=\"lista2-chevron\" style=\"list-style-type: none;\">\n<li>An\u00e1lise de Red-flag.<\/li>\n<li>Avalia\u00e7\u00e3o do terreno.<\/li>\n<li>Revis\u00e3o da configura\u00e7\u00e3o t\u00e9cnica dos projetos.<\/li>\n<li>An\u00e1lise de produ\u00e7\u00e3o.<\/li>\n<li>An\u00e1lise de interconex\u00e3o el\u00e9trica.<\/li>\n<li>Urbanismo e meio ambiente.<\/li>\n<\/ul>\n<\/div><\/div><\/div><\/div><\/div><div class=\"vc_col-sm-6 wpb_column vc_column_container\"><div class=\"vc_column-inner\"><div class=\"wpb_wrapper\"><div class=\"wpb_text_column\"><div class=\"wpb_wrapper\"><ul class=\"lista2-chevron\" style=\"list-style-type: none;\">\n<li>Estimativa CAPEX\/OPEX.<\/li>\n<li>Revis\u00e3o de permiss\u00f5es.<\/li>\n<li>Revis\u00e3o t\u00e9cnica dos contratos (EPC, O&amp;M, PPA&#8230;)<\/li>\n<li>Cadeia de Suprimentos.<\/li>\n<li>Insumos do modelo financeiro.<\/li>\n<li>Matriz de Risco.<\/li>\n<\/ul>\n<\/div><\/div><\/div><\/div><\/div><\/div><div class=\"g-cols wpb_row us_custom_6d149020 via_flex valign_top type_default stacking_default\"><div class=\"vc_col-sm-12 wpb_column vc_column_container\"><div class=\"vc_column-inner\"><div class=\"wpb_wrapper\"><div class=\"wpb_text_column\"><div class=\"wpb_wrapper\"><p>Al\u00e9m disso, a S\u00d3LIDA participa como assessora t\u00e9cnica para interconex\u00e3o de rede, negocia\u00e7\u00e3o de contratos, resolu\u00e7\u00e3o de conflitos e auditorias especializadas.<\/p>\n<\/div><\/div><\/div><\/div><\/div><\/div><\/div><\/div><\/div><div class=\"vc_col-sm-4 wpb_column vc_column_container stretched\"><div class=\"vc_column-inner\"><div class=\"wpb_wrapper\"><div class=\"w-image us_custom_d5ed5b5e style_circle align_none\"><div class=\"w-image-h\"><img data-recalc-dims=\"1\" decoding=\"async\" width=\"800\" height=\"800\" src=\"https:\/\/i0.wp.com\/solida.com.es\/wp-content\/uploads\/2022\/05\/due-diligence.jpg?resize=800%2C800&#038;ssl=1\" class=\"attachment-full size-full\" alt=\"\" loading=\"lazy\" srcset=\"https:\/\/i0.wp.com\/solida.com.es\/wp-content\/uploads\/2022\/05\/due-diligence.jpg?w=800&amp;ssl=1 800w, https:\/\/i0.wp.com\/solida.com.es\/wp-content\/uploads\/2022\/05\/due-diligence.jpg?resize=300%2C300&amp;ssl=1 300w, https:\/\/i0.wp.com\/solida.com.es\/wp-content\/uploads\/2022\/05\/due-diligence.jpg?resize=150%2C150&amp;ssl=1 150w, https:\/\/i0.wp.com\/solida.com.es\/wp-content\/uploads\/2022\/05\/due-diligence.jpg?resize=400%2C400&amp;ssl=1 400w\" sizes=\"auto, (max-width: 800px) 100vw, 800px\" \/><\/div><\/div><\/div><\/div><\/div><\/div><\/div><\/section><section class=\"l-section wpb_row us_custom_644bdfac height_auto\"><div class=\"l-section-h i-cf\"><div class=\"g-cols vc_row via_flex valign_top type_default stacking_default\"><div class=\"vc_col-sm-12 wpb_column vc_column_container\"><div class=\"vc_column-inner\"><div class=\"wpb_wrapper\"><\/div><\/div><\/div><\/div><\/div><\/section><section class=\"l-section wpb_row us_custom_8e377705 height_auto\"><div class=\"l-section-h i-cf\"><div class=\"g-cols vc_row via_flex valign_middle type_default stacking_default\"><div class=\"vc_col-sm-12 wpb_column vc_column_container\"><div class=\"vc_column-inner\"><div class=\"wpb_wrapper\"><div class=\"g-cols wpb_row us_custom_ec9218fc via_flex valign_middle type_default stacking_default\"><div class=\"vc_col-sm-12 wpb_column vc_column_container\"><div class=\"vc_column-inner us_custom_b56fd83a\"><div class=\"wpb_wrapper\"><div class=\"w-hwrapper valign_middle align_none\"><div class=\"w-btn-wrapper align_left\"><a class=\"w-btn us-btn-style_8 us_custom_ddf4769f\" title=\"Engenharia\" href=\"https:\/\/solida.com.es\/pt-br\/engenharia\/\"><span class=\"w-btn-label\">&lt; Ir a Engenharia<\/span><\/a><\/div><div class=\"w-btn-wrapper align_right\"><a class=\"w-btn us-btn-style_8 us_custom_8a807db1\" title=\"Gest\u00e3o da constru\u00e7\u00e3o\" href=\"https:\/\/solida.com.es\/pt-br\/gestao-da-construcao\/\"><span class=\"w-btn-label\">Ir a Gest. Constru\u00e7\u00e3o &gt;<\/span><\/a><\/div><\/div><\/div><\/div><\/div><\/div><\/div><\/div><\/div><\/div><\/div><\/section>\n","protected":false},"excerpt":{"rendered":"","protected":false},"author":3,"featured_media":0,"parent":0,"menu_order":0,"comment_status":"closed","ping_status":"closed","template":"","meta":{"footnotes":""},"class_list":["post-7340","page","type-page","status-publish","hentry"],"yoast_head":"<!-- This site is optimized with the Yoast SEO plugin v27.4 - https:\/\/yoast.com\/product\/yoast-seo-wordpress\/ -->\n<title>Assessores t\u00e9cnicos - Consultoria em energia renov\u00e1vel - S\u00d3LIDA<\/title>\n<meta name=\"description\" content=\"Consultoria em energia renov\u00e1vel, na qual nos diferenciamos por oferecer o conhecimento tecnol\u00f3gico de engenharia de alto n\u00edvel.\" \/>\n<meta name=\"robots\" content=\"index, follow, max-snippet:-1, max-image-preview:large, max-video-preview:-1\" \/>\n<link rel=\"canonical\" href=\"https:\/\/solida.com.es\/pt-br\/consultoria-2\/\" \/>\n<meta property=\"og:locale\" content=\"pt_BR\" \/>\n<meta property=\"og:type\" content=\"article\" \/>\n<meta property=\"og:title\" content=\"Assessores t\u00e9cnicos e n\u00e3o-conformistas - Consultoria em projetos renov\u00e1veis S\u00d3LIDA\" \/>\n<meta property=\"og:description\" content=\"Somos assessores t\u00e9cnicos independentes e n\u00e3o conformistas h\u00e1 mais de 15 anos.\" \/>\n<meta property=\"og:url\" content=\"https:\/\/solida.com.es\/pt-br\/consultoria-2\/\" \/>\n<meta property=\"og:site_name\" content=\"S\u00f3lida\" \/>\n<meta property=\"article:modified_time\" content=\"2025-09-01T10:42:19+00:00\" \/>\n<meta property=\"og:image\" content=\"https:\/\/solida.com.es\/wp-content\/uploads\/2022\/06\/Logotipo_Solida_Sin_Tagline_RGB_Positivo_Color_Alta-1024x322.png\" \/>\n<meta name=\"twitter:card\" content=\"summary_large_image\" \/>\n<meta name=\"twitter:title\" content=\"Assessores t\u00e9cnicos e n\u00e3o-conformistas - Consultoria em projetos renov\u00e1veis\" \/>\n<meta name=\"twitter:description\" content=\"Somos assessores t\u00e9cnicos independentes e n\u00e3o conformistas h\u00e1 mais de 15 anos.\" \/>\n<meta name=\"twitter:image\" content=\"https:\/\/solida.com.es\/wp-content\/uploads\/2022\/06\/Logotipo_Solida_Sin_Tagline_RGB_Positivo_Color_Alta-1024x322.png\" \/>\n<meta name=\"twitter:label1\" content=\"Est. tempo de leitura\" \/>\n\t<meta name=\"twitter:data1\" content=\"3 minutos\" \/>\n<script type=\"application\/ld+json\" class=\"yoast-schema-graph\">{\"@context\":\"https:\\\/\\\/schema.org\",\"@graph\":[{\"@type\":\"WebPage\",\"@id\":\"https:\\\/\\\/solida.com.es\\\/pt-br\\\/consultoria-2\\\/\",\"url\":\"https:\\\/\\\/solida.com.es\\\/pt-br\\\/consultoria-2\\\/\",\"name\":\"Assessores t\u00e9cnicos - Consultoria em energia renov\u00e1vel - S\u00d3LIDA\",\"isPartOf\":{\"@id\":\"https:\\\/\\\/solida.com.es\\\/pt-br\\\/#website\"},\"datePublished\":\"2022-03-07T18:23:19+00:00\",\"dateModified\":\"2025-09-01T10:42:19+00:00\",\"description\":\"Consultoria em energia renov\u00e1vel, na qual nos diferenciamos por oferecer o conhecimento tecnol\u00f3gico de engenharia de alto n\u00edvel.\",\"breadcrumb\":{\"@id\":\"https:\\\/\\\/solida.com.es\\\/pt-br\\\/consultoria-2\\\/#breadcrumb\"},\"inLanguage\":\"pt-BR\",\"potentialAction\":[{\"@type\":\"ReadAction\",\"target\":[\"https:\\\/\\\/solida.com.es\\\/pt-br\\\/consultoria-2\\\/\"]}]},{\"@type\":\"BreadcrumbList\",\"@id\":\"https:\\\/\\\/solida.com.es\\\/pt-br\\\/consultoria-2\\\/#breadcrumb\",\"itemListElement\":[{\"@type\":\"ListItem\",\"position\":1,\"name\":\"Portada\",\"item\":\"https:\\\/\\\/solida.com.es\\\/pt-br\\\/\"},{\"@type\":\"ListItem\",\"position\":2,\"name\":\"Consultoria\"}]},{\"@type\":\"WebSite\",\"@id\":\"https:\\\/\\\/solida.com.es\\\/pt-br\\\/#website\",\"url\":\"https:\\\/\\\/solida.com.es\\\/pt-br\\\/\",\"name\":\"S\u00f3lida\",\"description\":\"Ingeniera especializada en renovables\",\"potentialAction\":[{\"@type\":\"SearchAction\",\"target\":{\"@type\":\"EntryPoint\",\"urlTemplate\":\"https:\\\/\\\/solida.com.es\\\/pt-br\\\/?s={search_term_string}\"},\"query-input\":{\"@type\":\"PropertyValueSpecification\",\"valueRequired\":true,\"valueName\":\"search_term_string\"}}],\"inLanguage\":\"pt-BR\"}]}<\/script>\n<!-- \/ Yoast SEO plugin. -->","yoast_head_json":{"title":"Assessores t\u00e9cnicos - Consultoria em energia renov\u00e1vel - S\u00d3LIDA","description":"Consultoria em energia renov\u00e1vel, na qual nos diferenciamos por oferecer o conhecimento tecnol\u00f3gico de engenharia de alto n\u00edvel.","robots":{"index":"index","follow":"follow","max-snippet":"max-snippet:-1","max-image-preview":"max-image-preview:large","max-video-preview":"max-video-preview:-1"},"canonical":"https:\/\/solida.com.es\/pt-br\/consultoria-2\/","og_locale":"pt_BR","og_type":"article","og_title":"Assessores t\u00e9cnicos e n\u00e3o-conformistas - Consultoria em projetos renov\u00e1veis S\u00d3LIDA","og_description":"Somos assessores t\u00e9cnicos independentes e n\u00e3o conformistas h\u00e1 mais de 15 anos.","og_url":"https:\/\/solida.com.es\/pt-br\/consultoria-2\/","og_site_name":"S\u00f3lida","article_modified_time":"2025-09-01T10:42:19+00:00","og_image":[{"url":"https:\/\/solida.com.es\/wp-content\/uploads\/2022\/06\/Logotipo_Solida_Sin_Tagline_RGB_Positivo_Color_Alta-1024x322.png","type":"","width":"","height":""}],"twitter_card":"summary_large_image","twitter_title":"Assessores t\u00e9cnicos e n\u00e3o-conformistas - Consultoria em projetos renov\u00e1veis","twitter_description":"Somos assessores t\u00e9cnicos independentes e n\u00e3o conformistas h\u00e1 mais de 15 anos.","twitter_image":"https:\/\/solida.com.es\/wp-content\/uploads\/2022\/06\/Logotipo_Solida_Sin_Tagline_RGB_Positivo_Color_Alta-1024x322.png","twitter_misc":{"Est. tempo de leitura":"3 minutos"},"schema":{"@context":"https:\/\/schema.org","@graph":[{"@type":"WebPage","@id":"https:\/\/solida.com.es\/pt-br\/consultoria-2\/","url":"https:\/\/solida.com.es\/pt-br\/consultoria-2\/","name":"Assessores t\u00e9cnicos - Consultoria em energia renov\u00e1vel - S\u00d3LIDA","isPartOf":{"@id":"https:\/\/solida.com.es\/pt-br\/#website"},"datePublished":"2022-03-07T18:23:19+00:00","dateModified":"2025-09-01T10:42:19+00:00","description":"Consultoria em energia renov\u00e1vel, na qual nos diferenciamos por oferecer o conhecimento tecnol\u00f3gico de engenharia de alto n\u00edvel.","breadcrumb":{"@id":"https:\/\/solida.com.es\/pt-br\/consultoria-2\/#breadcrumb"},"inLanguage":"pt-BR","potentialAction":[{"@type":"ReadAction","target":["https:\/\/solida.com.es\/pt-br\/consultoria-2\/"]}]},{"@type":"BreadcrumbList","@id":"https:\/\/solida.com.es\/pt-br\/consultoria-2\/#breadcrumb","itemListElement":[{"@type":"ListItem","position":1,"name":"Portada","item":"https:\/\/solida.com.es\/pt-br\/"},{"@type":"ListItem","position":2,"name":"Consultoria"}]},{"@type":"WebSite","@id":"https:\/\/solida.com.es\/pt-br\/#website","url":"https:\/\/solida.com.es\/pt-br\/","name":"S\u00f3lida","description":"Ingeniera especializada en renovables","potentialAction":[{"@type":"SearchAction","target":{"@type":"EntryPoint","urlTemplate":"https:\/\/solida.com.es\/pt-br\/?s={search_term_string}"},"query-input":{"@type":"PropertyValueSpecification","valueRequired":true,"valueName":"search_term_string"}}],"inLanguage":"pt-BR"}]}},"_links":{"self":[{"href":"https:\/\/solida.com.es\/pt-br\/wp-json\/wp\/v2\/pages\/7340","targetHints":{"allow":["GET"]}}],"collection":[{"href":"https:\/\/solida.com.es\/pt-br\/wp-json\/wp\/v2\/pages"}],"about":[{"href":"https:\/\/solida.com.es\/pt-br\/wp-json\/wp\/v2\/types\/page"}],"author":[{"embeddable":true,"href":"https:\/\/solida.com.es\/pt-br\/wp-json\/wp\/v2\/users\/3"}],"replies":[{"embeddable":true,"href":"https:\/\/solida.com.es\/pt-br\/wp-json\/wp\/v2\/comments?post=7340"}],"version-history":[{"count":3,"href":"https:\/\/solida.com.es\/pt-br\/wp-json\/wp\/v2\/pages\/7340\/revisions"}],"predecessor-version":[{"id":9927,"href":"https:\/\/solida.com.es\/pt-br\/wp-json\/wp\/v2\/pages\/7340\/revisions\/9927"}],"wp:attachment":[{"href":"https:\/\/solida.com.es\/pt-br\/wp-json\/wp\/v2\/media?parent=7340"}],"curies":[{"name":"wp","href":"https:\/\/api.w.org\/{rel}","templated":true}]}}