{"id":7081,"date":"2018-06-20T13:14:30","date_gmt":"2018-06-20T11:14:30","guid":{"rendered":"https:\/\/solida.com.es\/ambiente-salute-sicurezza-e-qualita\/"},"modified":"2023-05-31T15:11:25","modified_gmt":"2023-05-31T13:11:25","slug":"ambiente-salute-sicurezza-e-qualita","status":"publish","type":"page","link":"https:\/\/solida.com.es\/it\/ambiente-salute-sicurezza-e-qualita\/","title":{"rendered":"Ambiente, salute, sicurezza e qualit\u00e0"},"content":{"rendered":"<h1>Politica di Qualit\u00e0, Ambientale, Sicurezza e Salute<\/h1>\n<p><strong>SOLIDA ENERGIE RINNOVABILI<\/strong> \u00e8 una societ\u00e0 indipendente, fondata nel 2007, che fornisce servizi ad alto valore aggiunto nel settore delle energie rinnovabili. Il nostro obiettivo futuro \u00e8 quello di raggiungere una posizione di leadership nel campo dei &#8220;Servizi di ingegneria e consulenza per impianti di generazione di energia e reti elettriche&#8221;. Gestione e supervisione di impianti di energia rinnovabile&#8221;.<\/p>\n<p>Con questo obiettivo, la nostra filosofia \u00e8 quella di offrire servizi con i pi\u00f9 alti livelli di qualit\u00e0, protezione dell&#8217;ambiente, salute e sicurezza sul lavoro, incorporando, come valori differenzianti, la capacit\u00e0 di risposta, l&#8217;alta qualificazione dei nostri professionisti, la capacit\u00e0 e la competenza tecnica attraverso l&#8217;incorporazione di attrezzature e infrastrutture di alto livello, rendendoci un&#8217;organizzazione che incorpora i valori di una grande azienda che gestisce le proprie risorse in modo efficace ed efficiente.<\/p>\n<p>Per raggiungere gli obiettivi prefissati, la Direzione si impegna a dedicare tutto il suo potenziale economico, tecnologico e umano a questo compito, in modo che l&#8217;organizzazione dell&#8217;azienda, la sua politica di investimenti, lo sviluppo di nuovi metodi e le risorse umane siano orientati principalmente a soddisfare le esigenze dei nostri stakeholder e soggetti alle linee guida stabilite dalla Direzione di<strong> SOLIDA ENERGIE RINNOVABILI.<\/strong><\/p>\n<p>I nostri impegni sono:<\/p>\n<ul>\n<li>Soddisfare pienamente le esigenze dei nostri clienti e delle altre parti interessate, per le quali \u00e8 necessario il pieno coinvolgimento di dipendenti e fornitori.<\/li>\n<li>Creare e mantenere una cultura della qualit\u00e0 e della protezione ambientale, compresa la prevenzione dell&#8217;inquinamento e altri impegni specifici relativi al contesto dell&#8217;organizzazione, che sia assunta da tutti i dipendenti e che costituisca la base della nostra attivit\u00e0.<\/li>\n<li>Garantire condizioni di lavoro sicure e salutari per la prevenzione degli infortuni sul lavoro e dei danni alla salute.<\/li>\n<li>Eliminare i pericoli e ridurre i rischi per la salute e la sicurezza sul lavoro.<\/li>\n<li>Orientare i nostri sforzi verso un miglioramento continuo del nostro sistema di gestione della qualit\u00e0 e dell&#8217;ambiente migliorando le prestazioni, la qualit\u00e0 dei nostri servizi e l&#8217;efficienza dei nostri processi, in modo che la reattivit\u00e0 e l&#8217;adattabilit\u00e0 di SOLIDA ENERGIE RINNOVABILI superino le aspettative del mercato.<\/li>\n<li>Consultazione e partecipazione dei lavoratori e, laddove esistono, dei rappresentanti dei lavoratori.<\/li>\n<li>Rispettare tutti i requisiti legali e di altro tipo.<\/li>\n<li>Servire da quadro di riferimento per la definizione degli obiettivi di qualit\u00e0, ambiente, salute e sicurezza.<\/li>\n<li>Garantire ai dipendenti il livello di formazione, la motivazione e i mezzi tecnici necessari per uno sviluppo efficiente delle loro attivit\u00e0.<\/li>\n<\/ul>\n<p>&lt;br\/ &gt;Questa politica appropriata alla nostra organizzazione \u00e8 comunicata e compresa dal personale, che si impegna a partecipare e a impegnarsi nella gestione della qualit\u00e0, dell&#8217;ambiente e della salute e sicurezza.<\/p>\n<p>La Direzione di <strong>SOLIDA ENERGIE RINNOVABILI<\/strong> rivedr\u00e0 e aggiorner\u00e0 periodicamente questa politica attraverso un processo di miglioramento continuo.<\/p>\n<p>Gennaio 2023<\/p>\n","protected":false},"excerpt":{"rendered":"<p>Politica di Qualit\u00e0, Ambientale, Sicurezza e Salute SOLIDA ENERGIE RINNOVABILI \u00e8 una societ\u00e0 indipendente, fondata nel 2007, che fornisce servizi ad alto valore aggiunto nel settore delle energie rinnovabili. Il nostro obiettivo futuro \u00e8 quello di raggiungere una posizione di leadership nel campo dei &#8220;Servizi di ingegneria e consulenza per impianti di generazione di energia&#8230;<\/p>\n","protected":false},"author":3,"featured_media":5828,"parent":0,"menu_order":0,"comment_status":"closed","ping_status":"closed","template":"","meta":{"footnotes":""},"class_list":["post-7081","page","type-page","status-publish","has-post-thumbnail","hentry"],"yoast_head":"<!-- This site is optimized with the Yoast SEO plugin v27.5 - https:\/\/yoast.com\/product\/yoast-seo-wordpress\/ -->\n<title>Ambiente, salute, sicurezza e qualit\u00e0 - S\u00f3lida<\/title>\n<meta name=\"robots\" content=\"index, follow, max-snippet:-1, max-image-preview:large, max-video-preview:-1\" \/>\n<link rel=\"canonical\" href=\"https:\/\/solida.com.es\/it\/ambiente-salute-sicurezza-e-qualita\/\" \/>\n<meta property=\"og:locale\" content=\"it_IT\" \/>\n<meta property=\"og:type\" content=\"article\" \/>\n<meta property=\"og:title\" content=\"Ambiente, salute, sicurezza e qualit\u00e0 - S\u00f3lida\" \/>\n<meta property=\"og:description\" content=\"Politica di Qualit\u00e0, Ambientale, Sicurezza e Salute SOLIDA ENERGIE RINNOVABILI \u00e8 una societ\u00e0 indipendente, fondata nel 2007, che fornisce servizi ad alto valore aggiunto nel settore delle energie rinnovabili. Il nostro obiettivo futuro \u00e8 quello di raggiungere una posizione di leadership nel campo dei &#8220;Servizi di ingegneria e consulenza per impianti di generazione di energia...\" \/>\n<meta property=\"og:url\" content=\"https:\/\/solida.com.es\/it\/ambiente-salute-sicurezza-e-qualita\/\" \/>\n<meta property=\"og:site_name\" content=\"S\u00f3lida\" \/>\n<meta property=\"article:modified_time\" content=\"2023-05-31T13:11:25+00:00\" \/>\n<meta property=\"og:image\" content=\"https:\/\/solida.com.es\/wp-content\/uploads\/2017\/06\/header-post-infra.jpg\" \/>\n\t<meta property=\"og:image:width\" content=\"2000\" \/>\n\t<meta property=\"og:image:height\" content=\"225\" \/>\n\t<meta property=\"og:image:type\" content=\"image\/jpeg\" \/>\n<meta name=\"twitter:card\" content=\"summary_large_image\" \/>\n<meta name=\"twitter:label1\" content=\"Tempo di lettura stimato\" \/>\n\t<meta name=\"twitter:data1\" content=\"2 minuti\" \/>\n<script type=\"application\/ld+json\" class=\"yoast-schema-graph\">{\"@context\":\"https:\\\/\\\/schema.org\",\"@graph\":[{\"@type\":\"WebPage\",\"@id\":\"https:\\\/\\\/solida.com.es\\\/it\\\/ambiente-salute-sicurezza-e-qualita\\\/\",\"url\":\"https:\\\/\\\/solida.com.es\\\/it\\\/ambiente-salute-sicurezza-e-qualita\\\/\",\"name\":\"Ambiente, salute, sicurezza e qualit\u00e0 - S\u00f3lida\",\"isPartOf\":{\"@id\":\"https:\\\/\\\/solida.com.es\\\/it\\\/#website\"},\"primaryImageOfPage\":{\"@id\":\"https:\\\/\\\/solida.com.es\\\/it\\\/ambiente-salute-sicurezza-e-qualita\\\/#primaryimage\"},\"image\":{\"@id\":\"https:\\\/\\\/solida.com.es\\\/it\\\/ambiente-salute-sicurezza-e-qualita\\\/#primaryimage\"},\"thumbnailUrl\":\"https:\\\/\\\/solida.com.es\\\/wp-content\\\/uploads\\\/2017\\\/06\\\/header-post-infra.jpg\",\"datePublished\":\"2018-06-20T11:14:30+00:00\",\"dateModified\":\"2023-05-31T13:11:25+00:00\",\"breadcrumb\":{\"@id\":\"https:\\\/\\\/solida.com.es\\\/it\\\/ambiente-salute-sicurezza-e-qualita\\\/#breadcrumb\"},\"inLanguage\":\"it-IT\",\"potentialAction\":[{\"@type\":\"ReadAction\",\"target\":[\"https:\\\/\\\/solida.com.es\\\/it\\\/ambiente-salute-sicurezza-e-qualita\\\/\"]}]},{\"@type\":\"ImageObject\",\"inLanguage\":\"it-IT\",\"@id\":\"https:\\\/\\\/solida.com.es\\\/it\\\/ambiente-salute-sicurezza-e-qualita\\\/#primaryimage\",\"url\":\"https:\\\/\\\/solida.com.es\\\/wp-content\\\/uploads\\\/2017\\\/06\\\/header-post-infra.jpg\",\"contentUrl\":\"https:\\\/\\\/solida.com.es\\\/wp-content\\\/uploads\\\/2017\\\/06\\\/header-post-infra.jpg\",\"width\":2000,\"height\":225},{\"@type\":\"BreadcrumbList\",\"@id\":\"https:\\\/\\\/solida.com.es\\\/it\\\/ambiente-salute-sicurezza-e-qualita\\\/#breadcrumb\",\"itemListElement\":[{\"@type\":\"ListItem\",\"position\":1,\"name\":\"Portada\",\"item\":\"https:\\\/\\\/solida.com.es\\\/it\\\/\"},{\"@type\":\"ListItem\",\"position\":2,\"name\":\"Ambiente, salute, sicurezza e qualit\u00e0\"}]},{\"@type\":\"WebSite\",\"@id\":\"https:\\\/\\\/solida.com.es\\\/it\\\/#website\",\"url\":\"https:\\\/\\\/solida.com.es\\\/it\\\/\",\"name\":\"S\u00f3lida\",\"description\":\"Ingeniera especializada en renovables\",\"potentialAction\":[{\"@type\":\"SearchAction\",\"target\":{\"@type\":\"EntryPoint\",\"urlTemplate\":\"https:\\\/\\\/solida.com.es\\\/it\\\/?s={search_term_string}\"},\"query-input\":{\"@type\":\"PropertyValueSpecification\",\"valueRequired\":true,\"valueName\":\"search_term_string\"}}],\"inLanguage\":\"it-IT\"}]}<\/script>\n<!-- \/ Yoast SEO plugin. -->","yoast_head_json":{"title":"Ambiente, salute, sicurezza e qualit\u00e0 - S\u00f3lida","robots":{"index":"index","follow":"follow","max-snippet":"max-snippet:-1","max-image-preview":"max-image-preview:large","max-video-preview":"max-video-preview:-1"},"canonical":"https:\/\/solida.com.es\/it\/ambiente-salute-sicurezza-e-qualita\/","og_locale":"it_IT","og_type":"article","og_title":"Ambiente, salute, sicurezza e qualit\u00e0 - S\u00f3lida","og_description":"Politica di Qualit\u00e0, Ambientale, Sicurezza e Salute SOLIDA ENERGIE RINNOVABILI \u00e8 una societ\u00e0 indipendente, fondata nel 2007, che fornisce servizi ad alto valore aggiunto nel settore delle energie rinnovabili. Il nostro obiettivo futuro \u00e8 quello di raggiungere una posizione di leadership nel campo dei &#8220;Servizi di ingegneria e consulenza per impianti di generazione di energia...","og_url":"https:\/\/solida.com.es\/it\/ambiente-salute-sicurezza-e-qualita\/","og_site_name":"S\u00f3lida","article_modified_time":"2023-05-31T13:11:25+00:00","og_image":[{"width":2000,"height":225,"url":"https:\/\/solida.com.es\/wp-content\/uploads\/2017\/06\/header-post-infra.jpg","type":"image\/jpeg"}],"twitter_card":"summary_large_image","twitter_misc":{"Tempo di lettura stimato":"2 minuti"},"schema":{"@context":"https:\/\/schema.org","@graph":[{"@type":"WebPage","@id":"https:\/\/solida.com.es\/it\/ambiente-salute-sicurezza-e-qualita\/","url":"https:\/\/solida.com.es\/it\/ambiente-salute-sicurezza-e-qualita\/","name":"Ambiente, salute, sicurezza e qualit\u00e0 - S\u00f3lida","isPartOf":{"@id":"https:\/\/solida.com.es\/it\/#website"},"primaryImageOfPage":{"@id":"https:\/\/solida.com.es\/it\/ambiente-salute-sicurezza-e-qualita\/#primaryimage"},"image":{"@id":"https:\/\/solida.com.es\/it\/ambiente-salute-sicurezza-e-qualita\/#primaryimage"},"thumbnailUrl":"https:\/\/solida.com.es\/wp-content\/uploads\/2017\/06\/header-post-infra.jpg","datePublished":"2018-06-20T11:14:30+00:00","dateModified":"2023-05-31T13:11:25+00:00","breadcrumb":{"@id":"https:\/\/solida.com.es\/it\/ambiente-salute-sicurezza-e-qualita\/#breadcrumb"},"inLanguage":"it-IT","potentialAction":[{"@type":"ReadAction","target":["https:\/\/solida.com.es\/it\/ambiente-salute-sicurezza-e-qualita\/"]}]},{"@type":"ImageObject","inLanguage":"it-IT","@id":"https:\/\/solida.com.es\/it\/ambiente-salute-sicurezza-e-qualita\/#primaryimage","url":"https:\/\/solida.com.es\/wp-content\/uploads\/2017\/06\/header-post-infra.jpg","contentUrl":"https:\/\/solida.com.es\/wp-content\/uploads\/2017\/06\/header-post-infra.jpg","width":2000,"height":225},{"@type":"BreadcrumbList","@id":"https:\/\/solida.com.es\/it\/ambiente-salute-sicurezza-e-qualita\/#breadcrumb","itemListElement":[{"@type":"ListItem","position":1,"name":"Portada","item":"https:\/\/solida.com.es\/it\/"},{"@type":"ListItem","position":2,"name":"Ambiente, salute, sicurezza e qualit\u00e0"}]},{"@type":"WebSite","@id":"https:\/\/solida.com.es\/it\/#website","url":"https:\/\/solida.com.es\/it\/","name":"S\u00f3lida","description":"Ingeniera especializada en renovables","potentialAction":[{"@type":"SearchAction","target":{"@type":"EntryPoint","urlTemplate":"https:\/\/solida.com.es\/it\/?s={search_term_string}"},"query-input":{"@type":"PropertyValueSpecification","valueRequired":true,"valueName":"search_term_string"}}],"inLanguage":"it-IT"}]}},"_links":{"self":[{"href":"https:\/\/solida.com.es\/it\/wp-json\/wp\/v2\/pages\/7081","targetHints":{"allow":["GET"]}}],"collection":[{"href":"https:\/\/solida.com.es\/it\/wp-json\/wp\/v2\/pages"}],"about":[{"href":"https:\/\/solida.com.es\/it\/wp-json\/wp\/v2\/types\/page"}],"author":[{"embeddable":true,"href":"https:\/\/solida.com.es\/it\/wp-json\/wp\/v2\/users\/3"}],"replies":[{"embeddable":true,"href":"https:\/\/solida.com.es\/it\/wp-json\/wp\/v2\/comments?post=7081"}],"version-history":[{"count":0,"href":"https:\/\/solida.com.es\/it\/wp-json\/wp\/v2\/pages\/7081\/revisions"}],"wp:featuredmedia":[{"embeddable":true,"href":"https:\/\/solida.com.es\/it\/wp-json\/wp\/v2\/media\/5828"}],"wp:attachment":[{"href":"https:\/\/solida.com.es\/it\/wp-json\/wp\/v2\/media?parent=7081"}],"curies":[{"name":"wp","href":"https:\/\/api.w.org\/{rel}","templated":true}]}}