{"id":6654,"date":"2021-03-25T16:57:01","date_gmt":"2021-03-25T15:57:01","guid":{"rendered":"https:\/\/solida.com.es\/politica-della-privacy\/"},"modified":"2023-05-31T15:53:29","modified_gmt":"2023-05-31T13:53:29","slug":"politica-della-privacy","status":"publish","type":"page","link":"https:\/\/solida.com.es\/it\/politica-della-privacy\/","title":{"rendered":"Politica della privacy"},"content":{"rendered":"<h1>Politica della privacy<\/h1>\n<p>Nel rispetto dei principi di legalit\u00e0, lealt\u00e0 e trasparenza, Le forniamo la presente Informativa sulla Privacy.<\/p>\n<p><strong>Chi \u00e8 responsabile del trattamento dei vostri dati?<\/strong><\/p>\n<p>RESPONSABILE SOLIDA ENERGIE RINNOVABILI SRL<br \/>\nPIVA 16985741004<br \/>\nINDIRIZZO DELL&#8217;AZIENDA Viale Luca Gaurico 93<br \/>\nCONTATTO Email: solida@solidarinnovabili.it<\/p>\n<p><strong>Per quale scopo trattiamo i vostri dati personali?<\/strong><\/p>\n<p>SOLIDA ENERGIE RINNOVABILI SRL, a seconda della categoria di interessati in questione, trattiamo le informazioni che ci fornite con le seguenti finalit\u00e0:<\/p>\n<p><strong>FORNITORI<\/strong>\u00a0per gestire il rapporto commerciale e\/o professionale.<\/p>\n<p><b>CANDIDATI <\/b>per gestire il processo di selezione del personale.<\/p>\n<p><b>UTENTI WEB <\/b>per gestire l&#8217;analisi dei vostri dati di navigazione.<\/p>\n<p><strong><br \/>\nFINALIT\u00c0 DEL TRATTAMENTO PER GLI INTERESSATI<\/strong><\/p>\n<p><strong>POTENZIALI CLIENTI<\/strong> Per gestire il potenziale rapporto commerciale e\/o professionale, gestire l&#8217;invio delle informazioni richieste e\/o risolvere i quesiti posti, fornire offerte di nostri servizi e\/o prodotti di loro interesse.<\/p>\n<p><strong>CLIENTI<\/strong> Per gestire il rapporto commerciale e\/o professionale, fornire offerte di nostri servizi e\/o prodotti di vostro interesse.<\/p>\n<p><strong>Qual \u00e8 la base giuridica del trattamento dei Suoi dati?<\/strong><\/p>\n<p>La base giuridica del trattamento dei Suoi dati personali, a seconda della categoria di interessati, pu\u00f2 essere:<\/p>\n<p><strong>FORNITORI<\/strong> Art. 6.1.b GDPR: esecuzione di un contratto di cui l&#8217;interessato \u00e8 parte.<\/p>\n<p><strong>CANDIDATI<\/strong> Art. 6.1.a GDPR: consenso dell&#8217;interessato stesso.<\/p>\n<p><strong>UTENTI WEB<\/strong> 6.1.a GDPR: consenso dell&#8217;interessato stesso.<\/p>\n<p><strong>SOGGETTI INTERESSATI BASE GIURIDICA<\/strong><\/p>\n<p><strong>CLIENTI POTENZIALI<\/strong><\/p>\n<ul>\n<li>Art. 6.1.b GDPR: applicazione, su richiesta dell&#8217;interessato, di misure precontrattuali (preventivi, moduli d&#8217;ordine, offerte di servizi, ecc.).<\/li>\n<li>Art. 6.1.f GDPR: interesse legittimo (invio di informazioni richieste, risposta a quesiti posti&#8230;).<\/li>\n<li>Art. 6.1.a GDPR: consenso dell&#8217;interessato (offerta di servizi e\/o prodotti).<\/li>\n<li>Art. 6.1.b GDPR: esecuzione di un contratto di cui l&#8217;interessato \u00e8 parte.<\/li>\n<\/ul>\n<p>I dati che vi richiediamo sono adeguati, pertinenti e strettamente necessari e in nessun caso siete obbligati a fornirli, ma il loro mancato conferimento pu\u00f2 pregiudicare lo scopo del servizio o l&#8217;impossibilit\u00e0 di fornirlo.<\/p>\n<p><strong>Legislazione applicabile<\/strong><\/p>\n<p>Il rapporto tra SOLIDA e l&#8217;Utente \u00e8 regolato dalla legge ITALIANA. Per la risoluzione di qualsiasi controversia che possa sorgere tra SOLIDA e l&#8217;Utente, entrambe le parti, rinunciando espressamente a qualsiasi altra giurisdizione che possa corrispondere loro, si sottomettono alla giurisdizione delle Corti e dei Tribunali della citt\u00e0 di Roma.<\/p>\n<p><strong>Per quanto tempo conserveremo i vostri dati personali?<\/strong><\/p>\n<p>I vostri dati saranno conservati per il tempo minimo necessario per la corretta erogazione del servizio offerto, nonch\u00e9 per adempiere alle responsabilit\u00e0 che possono derivare dallo stesso e da qualsiasi altro obbligo di legge.<\/p>\n<p><strong>A quali destinatari saranno comunicati i Suoi dati?<\/strong><\/p>\n<p>SOLIDA ENERGIE RINNOVABILI SRL, per la corretta erogazione dei servizi, potr\u00e0 comunicare i Suoi dati a:<\/p>\n<p>Societ\u00e0 di corriere<\/p>\n<p>Inoltre, La informiamo che alcuni dati, in virt\u00f9 della normativa vigente o del rapporto contrattuale che SOLIDA ENERGIE RINNOVABILI SRL intrattiene, potranno essere comunicati a:<\/p>\n<p>Banche e istituti finanziari per l&#8217;incasso dei servizi contrattati e\/o dei prodotti acquistati.<\/p>\n<p>Pubbliche amministrazioni competenti nei settori in cui opera SOLIDA ENERGIE RINNOVABILI SRL , qualora ci\u00f2 sia previsto dalla normativa vigente.<\/p>\n<p><strong>Quali sono i vostri diritti quando ci fornite i vostri dati?<\/strong><\/p>\n<p>I diritti di protezione dei dati che gli interessati possono esercitare, se del caso, sono:<\/p>\n<ul>\n<li>Diritto di richiedere l&#8217;accesso ai dati personali che lo riguardano.<\/li>\n<li>Diritto di rettifica o cancellazione.<\/li>\n<li>Diritto di opposizione.<\/li>\n<li>Il diritto di richiedere la limitazione del trattamento.<\/li>\n<li>Il diritto alla portabilit\u00e0 dei dati.<\/li>\n<li>Diritto di non essere oggetto di decisioni basate esclusivamente sul trattamento automatizzato dei dati.<\/li>\n<li>I titolari dei dati personali ottenuti possono esercitare i propri diritti di protezione dei dati personali inviando una comunicazione scritta alla sede legale di <strong>SOLIDA ENERGIE RINNOVABILI SRL<\/strong> o all&#8217;indirizzo di posta elettronica fornito a tale scopo, <strong>solida@solidarinnovabili.it<\/strong>.<\/li>\n<\/ul>\n<p>Modelli, moduli e ulteriori informazioni sui diritti sono disponibili sul sito web dell&#8217;autorit\u00e0 di controllo nazionale, Garante per la protezione dei dati , di seguito GPDP, www.garanteprivacy.it<\/p>\n<p><strong>Posso ritirare il mio consenso?<\/strong><\/p>\n<p>Avete la possibilit\u00e0 e il diritto di revocare il consenso per qualsiasi scopo specifico concesso in quel momento, senza pregiudicare la liceit\u00e0 del trattamento basato sul consenso prima della sua revoca.<\/p>\n<p><strong>Dove posso presentare un reclamo se ritengo che i miei dati non siano trattati correttamente?<\/strong><\/p>\n<p>Se qualsiasi interessato ritiene che i propri dati non vengano trattati correttamente da SOLIDA ENERGIE RINNOVABILI SRL o che le richieste non vengano elaborate correttamente, i dati verranno trattati da SOLIDA ENERGIE RINNOVABILI SRL. Se un interessato ritiene che i suoi dati non siano trattati correttamente da SOLIDA ENERGIE RINNOVABILI SRL o che le richieste di esercizio dei suoi diritti non siano state evase in modo soddisfacente, pu\u00f2 presentare un reclamo alla corrispondente autorit\u00e0 di protezione dei dati, GDPD indicata nel territorio nazionale.<\/p>\n<p><strong>Sicurezza e aggiornamento dei dati personali<\/strong><\/p>\n<p>Al fine di salvaguardare la sicurezza dei vostri dati personali, vi informiamo che abbiamo adottato tutte le misure tecniche e organizzative necessarie per garantire la sicurezza dei dati personali forniti. Ci\u00f2 al fine di impedirne l&#8217;alterazione, la perdita e\/o il trattamento o l&#8217;accesso non autorizzato, come previsto dalla legge, sebbene non esista una sicurezza assoluta.<\/p>\n<p>Per poter mantenere aggiornati i vostri dati personali, \u00e8 importante che ci informiate ogni qualvolta si verifichi una modifica degli stessi.<\/p>\n<p><strong>Riservatezza<\/strong><\/p>\n<p>SOLIDA ENERGIE RINNOVABILI SRL vi informa che i vostri dati saranno trattati con la massima cura e riservatezza da tutto il personale coinvolto in qualsiasi fase del trattamento. Non trasferiremo o comunicheremo i vostri dati a terzi, tranne nei casi previsti dalla legge o a meno che l&#8217;interessato non ci abbia espressamente autorizzato a farlo<\/p>\n","protected":false},"excerpt":{"rendered":"<p>Politica della privacy Nel rispetto dei principi di legalit\u00e0, lealt\u00e0 e trasparenza, Le forniamo la presente Informativa sulla Privacy. Chi \u00e8 responsabile del trattamento dei vostri dati? RESPONSABILE SOLIDA ENERGIE RINNOVABILI SRL PIVA 16985741004 INDIRIZZO DELL&#8217;AZIENDA Viale Luca Gaurico 93 CONTATTO Email: solida@solidarinnovabili.it Per quale scopo trattiamo i vostri dati personali? SOLIDA ENERGIE RINNOVABILI SRL,&#8230;<\/p>\n","protected":false},"author":3,"featured_media":5828,"parent":0,"menu_order":0,"comment_status":"closed","ping_status":"closed","template":"","meta":{"footnotes":""},"class_list":["post-6654","page","type-page","status-publish","has-post-thumbnail","hentry"],"yoast_head":"<!-- This site is optimized with the Yoast SEO plugin v27.4 - https:\/\/yoast.com\/product\/yoast-seo-wordpress\/ -->\n<title>Politica della privacy - S\u00f3lida<\/title>\n<meta name=\"robots\" content=\"index, follow, max-snippet:-1, max-image-preview:large, max-video-preview:-1\" \/>\n<link rel=\"canonical\" href=\"https:\/\/solida.com.es\/it\/politica-della-privacy\/\" \/>\n<meta property=\"og:locale\" content=\"it_IT\" \/>\n<meta property=\"og:type\" content=\"article\" \/>\n<meta property=\"og:title\" content=\"Politica della privacy - S\u00f3lida\" \/>\n<meta property=\"og:description\" content=\"Politica della privacy Nel rispetto dei principi di legalit\u00e0, lealt\u00e0 e trasparenza, Le forniamo la presente Informativa sulla Privacy. Chi \u00e8 responsabile del trattamento dei vostri dati? RESPONSABILE SOLIDA ENERGIE RINNOVABILI SRL PIVA 16985741004 INDIRIZZO DELL&#8217;AZIENDA Viale Luca Gaurico 93 CONTATTO Email: solida@solidarinnovabili.it Per quale scopo trattiamo i vostri dati personali? SOLIDA ENERGIE RINNOVABILI SRL,...\" \/>\n<meta property=\"og:url\" content=\"https:\/\/solida.com.es\/it\/politica-della-privacy\/\" \/>\n<meta property=\"og:site_name\" content=\"S\u00f3lida\" \/>\n<meta property=\"article:modified_time\" content=\"2023-05-31T13:53:29+00:00\" \/>\n<meta property=\"og:image\" content=\"https:\/\/solida.com.es\/wp-content\/uploads\/2017\/06\/header-post-infra.jpg\" \/>\n\t<meta property=\"og:image:width\" content=\"2000\" \/>\n\t<meta property=\"og:image:height\" content=\"225\" \/>\n\t<meta property=\"og:image:type\" content=\"image\/jpeg\" \/>\n<meta name=\"twitter:card\" content=\"summary_large_image\" \/>\n<meta name=\"twitter:label1\" content=\"Tempo di lettura stimato\" \/>\n\t<meta name=\"twitter:data1\" content=\"4 minuti\" \/>\n<script type=\"application\/ld+json\" class=\"yoast-schema-graph\">{\"@context\":\"https:\\\/\\\/schema.org\",\"@graph\":[{\"@type\":\"WebPage\",\"@id\":\"https:\\\/\\\/solida.com.es\\\/it\\\/politica-della-privacy\\\/\",\"url\":\"https:\\\/\\\/solida.com.es\\\/it\\\/politica-della-privacy\\\/\",\"name\":\"Politica della privacy - S\u00f3lida\",\"isPartOf\":{\"@id\":\"https:\\\/\\\/solida.com.es\\\/it\\\/#website\"},\"primaryImageOfPage\":{\"@id\":\"https:\\\/\\\/solida.com.es\\\/it\\\/politica-della-privacy\\\/#primaryimage\"},\"image\":{\"@id\":\"https:\\\/\\\/solida.com.es\\\/it\\\/politica-della-privacy\\\/#primaryimage\"},\"thumbnailUrl\":\"https:\\\/\\\/solida.com.es\\\/wp-content\\\/uploads\\\/2017\\\/06\\\/header-post-infra.jpg\",\"datePublished\":\"2021-03-25T15:57:01+00:00\",\"dateModified\":\"2023-05-31T13:53:29+00:00\",\"breadcrumb\":{\"@id\":\"https:\\\/\\\/solida.com.es\\\/it\\\/politica-della-privacy\\\/#breadcrumb\"},\"inLanguage\":\"it-IT\",\"potentialAction\":[{\"@type\":\"ReadAction\",\"target\":[\"https:\\\/\\\/solida.com.es\\\/it\\\/politica-della-privacy\\\/\"]}]},{\"@type\":\"ImageObject\",\"inLanguage\":\"it-IT\",\"@id\":\"https:\\\/\\\/solida.com.es\\\/it\\\/politica-della-privacy\\\/#primaryimage\",\"url\":\"https:\\\/\\\/solida.com.es\\\/wp-content\\\/uploads\\\/2017\\\/06\\\/header-post-infra.jpg\",\"contentUrl\":\"https:\\\/\\\/solida.com.es\\\/wp-content\\\/uploads\\\/2017\\\/06\\\/header-post-infra.jpg\",\"width\":2000,\"height\":225},{\"@type\":\"BreadcrumbList\",\"@id\":\"https:\\\/\\\/solida.com.es\\\/it\\\/politica-della-privacy\\\/#breadcrumb\",\"itemListElement\":[{\"@type\":\"ListItem\",\"position\":1,\"name\":\"Portada\",\"item\":\"https:\\\/\\\/solida.com.es\\\/it\\\/\"},{\"@type\":\"ListItem\",\"position\":2,\"name\":\"Politica della privacy\"}]},{\"@type\":\"WebSite\",\"@id\":\"https:\\\/\\\/solida.com.es\\\/it\\\/#website\",\"url\":\"https:\\\/\\\/solida.com.es\\\/it\\\/\",\"name\":\"S\u00f3lida\",\"description\":\"Ingeniera especializada en renovables\",\"potentialAction\":[{\"@type\":\"SearchAction\",\"target\":{\"@type\":\"EntryPoint\",\"urlTemplate\":\"https:\\\/\\\/solida.com.es\\\/it\\\/?s={search_term_string}\"},\"query-input\":{\"@type\":\"PropertyValueSpecification\",\"valueRequired\":true,\"valueName\":\"search_term_string\"}}],\"inLanguage\":\"it-IT\"}]}<\/script>\n<!-- \/ Yoast SEO plugin. -->","yoast_head_json":{"title":"Politica della privacy - S\u00f3lida","robots":{"index":"index","follow":"follow","max-snippet":"max-snippet:-1","max-image-preview":"max-image-preview:large","max-video-preview":"max-video-preview:-1"},"canonical":"https:\/\/solida.com.es\/it\/politica-della-privacy\/","og_locale":"it_IT","og_type":"article","og_title":"Politica della privacy - S\u00f3lida","og_description":"Politica della privacy Nel rispetto dei principi di legalit\u00e0, lealt\u00e0 e trasparenza, Le forniamo la presente Informativa sulla Privacy. Chi \u00e8 responsabile del trattamento dei vostri dati? RESPONSABILE SOLIDA ENERGIE RINNOVABILI SRL PIVA 16985741004 INDIRIZZO DELL&#8217;AZIENDA Viale Luca Gaurico 93 CONTATTO Email: solida@solidarinnovabili.it Per quale scopo trattiamo i vostri dati personali? SOLIDA ENERGIE RINNOVABILI SRL,...","og_url":"https:\/\/solida.com.es\/it\/politica-della-privacy\/","og_site_name":"S\u00f3lida","article_modified_time":"2023-05-31T13:53:29+00:00","og_image":[{"width":2000,"height":225,"url":"https:\/\/solida.com.es\/wp-content\/uploads\/2017\/06\/header-post-infra.jpg","type":"image\/jpeg"}],"twitter_card":"summary_large_image","twitter_misc":{"Tempo di lettura stimato":"4 minuti"},"schema":{"@context":"https:\/\/schema.org","@graph":[{"@type":"WebPage","@id":"https:\/\/solida.com.es\/it\/politica-della-privacy\/","url":"https:\/\/solida.com.es\/it\/politica-della-privacy\/","name":"Politica della privacy - S\u00f3lida","isPartOf":{"@id":"https:\/\/solida.com.es\/it\/#website"},"primaryImageOfPage":{"@id":"https:\/\/solida.com.es\/it\/politica-della-privacy\/#primaryimage"},"image":{"@id":"https:\/\/solida.com.es\/it\/politica-della-privacy\/#primaryimage"},"thumbnailUrl":"https:\/\/solida.com.es\/wp-content\/uploads\/2017\/06\/header-post-infra.jpg","datePublished":"2021-03-25T15:57:01+00:00","dateModified":"2023-05-31T13:53:29+00:00","breadcrumb":{"@id":"https:\/\/solida.com.es\/it\/politica-della-privacy\/#breadcrumb"},"inLanguage":"it-IT","potentialAction":[{"@type":"ReadAction","target":["https:\/\/solida.com.es\/it\/politica-della-privacy\/"]}]},{"@type":"ImageObject","inLanguage":"it-IT","@id":"https:\/\/solida.com.es\/it\/politica-della-privacy\/#primaryimage","url":"https:\/\/solida.com.es\/wp-content\/uploads\/2017\/06\/header-post-infra.jpg","contentUrl":"https:\/\/solida.com.es\/wp-content\/uploads\/2017\/06\/header-post-infra.jpg","width":2000,"height":225},{"@type":"BreadcrumbList","@id":"https:\/\/solida.com.es\/it\/politica-della-privacy\/#breadcrumb","itemListElement":[{"@type":"ListItem","position":1,"name":"Portada","item":"https:\/\/solida.com.es\/it\/"},{"@type":"ListItem","position":2,"name":"Politica della privacy"}]},{"@type":"WebSite","@id":"https:\/\/solida.com.es\/it\/#website","url":"https:\/\/solida.com.es\/it\/","name":"S\u00f3lida","description":"Ingeniera especializada en renovables","potentialAction":[{"@type":"SearchAction","target":{"@type":"EntryPoint","urlTemplate":"https:\/\/solida.com.es\/it\/?s={search_term_string}"},"query-input":{"@type":"PropertyValueSpecification","valueRequired":true,"valueName":"search_term_string"}}],"inLanguage":"it-IT"}]}},"_links":{"self":[{"href":"https:\/\/solida.com.es\/it\/wp-json\/wp\/v2\/pages\/6654","targetHints":{"allow":["GET"]}}],"collection":[{"href":"https:\/\/solida.com.es\/it\/wp-json\/wp\/v2\/pages"}],"about":[{"href":"https:\/\/solida.com.es\/it\/wp-json\/wp\/v2\/types\/page"}],"author":[{"embeddable":true,"href":"https:\/\/solida.com.es\/it\/wp-json\/wp\/v2\/users\/3"}],"replies":[{"embeddable":true,"href":"https:\/\/solida.com.es\/it\/wp-json\/wp\/v2\/comments?post=6654"}],"version-history":[{"count":0,"href":"https:\/\/solida.com.es\/it\/wp-json\/wp\/v2\/pages\/6654\/revisions"}],"wp:featuredmedia":[{"embeddable":true,"href":"https:\/\/solida.com.es\/it\/wp-json\/wp\/v2\/media\/5828"}],"wp:attachment":[{"href":"https:\/\/solida.com.es\/it\/wp-json\/wp\/v2\/media?parent=6654"}],"curies":[{"name":"wp","href":"https:\/\/api.w.org\/{rel}","templated":true}]}}