{"id":6651,"date":"2018-02-16T13:12:34","date_gmt":"2018-02-16T12:12:34","guid":{"rendered":"https:\/\/solida.com.es\/politica-dei-cookies\/"},"modified":"2023-05-31T15:41:06","modified_gmt":"2023-05-31T13:41:06","slug":"politica-dei-cookies","status":"publish","type":"page","link":"https:\/\/solida.com.es\/it\/politica-dei-cookies\/","title":{"rendered":"Politica dei Cookies"},"content":{"rendered":"<h1>Politica dei Cookies<\/h1>\n<p><strong>Cosa sono i cookies?<\/strong><\/p>\n<p>Il sito web di <strong>SOLIDA ENERGIE RINNOVABILI SRL<\/strong> (di seguito il Sito) utilizza i cookie. I cookie sono file inviati a un browser da un server web per registrare le attivit\u00e0 dell&#8217;utente su un determinato sito web. Lo scopo principale dei cookie \u00e8 quello di fornire all&#8217;utente un accesso pi\u00f9 rapido ai servizi selezionati. Inoltre, i cookie personalizzano i servizi offerti dal Sito web, fornendo e offrendo a ciascun utente informazioni che lo interessano o che potrebbero interessarlo, in base all&#8217;uso che fa dei servizi.<\/p>\n<p>Il Sito utilizza i cookie per personalizzare e facilitare al massimo l&#8217;esperienza di navigazione dell&#8217;utente. I cookie sono associati esclusivamente a un utente anonimo e al suo computer e non forniscono riferimenti che consentano di dedurre i dati personali dell&#8217;utente. L&#8217;utente pu\u00f2 configurare il proprio browser in modo da notificare e rifiutare l&#8217;installazione dei cookie inviati dal Web, senza che ci\u00f2 influisca sulla possibilit\u00e0 di accedere ai contenuti del sito. Tuttavia, desideriamo sottolineare che, in ogni caso, la qualit\u00e0 del funzionamento del sito web potrebbe diminuire.<\/p>\n<p>Questo sito web utilizza Google Analytics, un servizio di analisi web fornito da Google. Google Analytics utilizza dei &#8220;cookie&#8221;, file di testo che vengono depositati sul vostro computer per consentire al sito web di analizzare come gli utenti utilizzano il sito. Le informazioni generate dal cookie sull&#8217;utilizzo del sito web da parte dell&#8217;utente (compreso il suo indirizzo IP) verranno trasmesse e memorizzate da Google su un server negli Stati Uniti. Google utilizzer\u00e0 queste informazioni per nostro conto allo scopo di tracciare il vostro utilizzo del sito web, compilare report sulle attivit\u00e0 del sito web per gli operatori del sito web e fornire altri servizi relativi alle attivit\u00e0 del sito web e all&#8217;utilizzo di Internet.<\/p>\n<p>Gli utenti registrati, che si registrano o che effettuano il login, potranno usufruire di servizi pi\u00f9 personalizzati e mirati, grazie alla combinazione dei dati memorizzati nei cookie con i dati personali utilizzati al momento della registrazione. Questi utenti autorizzano espressamente l&#8217;uso di queste informazioni per il suddetto scopo, fatto salvo il loro diritto di rifiutare o disabilitare l&#8217;uso dei cookie.<\/p>\n<p>Allo stesso modo, il sito web sar\u00e0 in grado di conoscere tutti i servizi richiesti dagli utenti, in modo da poter fornire o offrire informazioni adeguate ai gusti e alle preferenze di ciascun utente.<\/p>\n<p><strong>Quali tipi di cookies esistono?<\/strong><\/p>\n<p>I cookie, in base alla loro permanenza, possono essere suddivisi in :<\/p>\n<p>Cookie di sessione che scadono quando l&#8217;utente chiude il browser.<\/p>\n<p>I cookie persistenti scadono a seconda del raggiungimento dello scopo per cui sono utilizzati (ad esempio, per consentire all&#8217;utente di rimanere identificato nei Servizi) o quando vengono cancellati manualmente.<\/p>\n<p><strong>A seconda del Proprietario, possono essere suddivisi in:<\/strong><\/p>\n<p>Cookie propri Sono quelli che vengono inviati al terminale dell&#8217;utente da un computer o da un dominio gestito dall&#8217;editore stesso e dal quale viene fornito il servizio richiesto dall&#8217;utente.<\/p>\n<p>Cookie di terze parti Sono quelli inviati al terminale dell&#8217;utente da un computer o dominio non gestito dall&#8217;editore, ma da un&#8217;altra entit\u00e0 che elabora i dati ottenuti attraverso i cookie.<\/p>\n<p>Inoltre, in base al loro scopo, i cookie possono essere classificati come segue:<\/p>\n<p>Cookie di prestazione Questo tipo di cookie ricorda le preferenze dell&#8217;utente per gli strumenti presenti nei servizi, in modo da non dover riconfigurare il servizio a ogni visita. A titolo di esempio, questo tipo include:<\/p>\n<ul>\n<li>Impostazioni del volume per i lettori video o audio.<\/li>\n<li>Velocit\u00e0 di streaming video compatibile con il vostro browser.<\/li>\n<\/ul>\n<p><strong>Cookies di geo-localizzazione<\/strong><\/p>\n<p>Geo-localizzazione Questi cookie vengono utilizzati per sapere in quale paese vi trovate quando richiedete un servizio. Questo cookie \u00e8 completamente anonimo e viene utilizzato solo per indirizzare i contenuti verso la posizione dell&#8217;utente.<\/p>\n<p>Cookie di registrazione I cookie di registrazione vengono generati una volta che l&#8217;utente si \u00e8 registrato o ha successivamente effettuato l&#8217;accesso e vengono utilizzati per identificare l&#8217;utente nei servizi per i seguenti scopi:<\/p>\n<ul>\n<li>Mantenere l&#8217;identificazione dell&#8217;utente in modo che, se si chiude un servizio, il browser o il computer e in un altro momento o in un altro giorno si accede nuovamente a quel servizio, l&#8217;utente continuer\u00e0 a essere identificato, facilitando cos\u00ec la navigazione senza doversi identificare nuovamente. Questa funzionalit\u00e0 pu\u00f2 essere eliminata se l&#8217;utente fa clic sulla funzionalit\u00e0 &#8220;chiudi sessione&#8221;, in modo che questo cookie venga cancellato e la prossima volta che l&#8217;utente accede al servizio dovr\u00e0 effettuare il login per essere identificato.<\/li>\n<li>Verificare se l&#8217;utente \u00e8 autorizzato ad accedere a determinati servizi, ad esempio per partecipare a un concorso.<\/li>\n<\/ul>\n<p>Cookie analitici Ogni volta che un Utente visita un servizio, uno strumento di un fornitore esterno genera un Cookie analitico sul computer dell&#8217;Utente. Questo cookie, che viene generato solo durante la visita, verr\u00e0 utilizzato durante le future visite ai servizi web per identificare in modo anonimo il visitatore. I principali obiettivi perseguiti sono:<\/p>\n<ul>\n<li>Consentire l&#8217;identificazione anonima degli utenti che navigano attraverso il &#8220;Cookie&#8221; (identifica i browser e i dispositivi, non le persone) e quindi il conteggio approssimativo del numero di visitatori e del loro andamento nel tempo.<\/li>\n<li>\u00a0Identificare in modo anonimo i contenuti pi\u00f9 visitati e quindi pi\u00f9 attraenti per gli utenti.<\/li>\n<li>Sapere se l&#8217;utente che accede al sito \u00e8 nuovo o un visitatore abituale.<\/li>\n<\/ul>\n<p>Importante: a meno che l&#8217;utente non decida di registrarsi per un servizio Web, il &#8220;cookie&#8221; non sar\u00e0 mai associato a dati personali che possano identificarlo. Questi cookie saranno utilizzati solo a fini statistici per ottimizzare l&#8217;esperienza dell&#8217;utente sul sito.<\/p>\n<p>Cookie di pubblicit\u00e0 comportamentale Questo tipo di &#8220;Cookie&#8221; consente di estendere le informazioni degli annunci pubblicitari mostrati a ciascun utente anonimo nei Servizi Web. Tra le altre cose, memorizzano la durata o la frequenza di visualizzazione delle posizioni pubblicitarie, l&#8217;interazione con esse o i modelli di navigazione e\/o condivisione dell&#8217;utente, in quanto contribuiscono a creare un profilo di interesse pubblicitario. In questo modo, consentono di offrire pubblicit\u00e0 in linea con gli interessi dell&#8217;utente.<\/p>\n<p>Cookie pubblicitari di terze parti Oltre alla pubblicit\u00e0 gestita dal Sito nei suoi Servizi, il Sito offre ai suoi inserzionisti la possibilit\u00e0 di servire annunci attraverso terze parti (&#8220;AdServer&#8221;). In questo modo, queste terze parti possono memorizzare i cookie inviati dai Servizi Web dai browser degli Utenti, nonch\u00e9 accedere ai dati in essi memorizzati.<\/p>\n<p><strong>Quali cookies utilizziamo?<\/strong><\/p>\n<p>Cookies di terze parti<\/p>\n<p>Nome Tipo Dominio Scadenza Funzione<\/p>\n<p>2 anni Raccoglie i dati sul numero di volte che un utente ha visitato il sito web, nonch\u00e9 le date della prima e dell&#8217;ultima visita. Utilizzato da Google Analytics.<\/p>\n<p>1 giorno Registra un timestamp con l&#8217;ora esatta in cui l&#8217;utente \u00e8 entrato nel sito web. Utilizzato da Google Analytics per calcolare la durata della visita a un sito web.<\/p>\n<p>Sessione Registra un timestamp con l&#8217;ora esatta in cui l&#8217;utente lascia il sito web. Utilizzato da Google Analytics per calcolare la durata della visita a un sito web.<\/p>\n<p>1 giorno Utilizzato per accelerare la velocit\u00e0 delle richieste del server.<\/p>\n<p>Utilizzato per memorizzare i dati delle variabili personalizzate a livello di visitatore.<\/p>\n<p>Raccoglie dati sulla provenienza dell&#8217;utente, sul motore di ricerca utilizzato, sul link cliccato e sul termine di ricerca utilizzato. Utilizzato da Google Analytics.<\/p>\n<p>2 anni Registra un ID univoco che viene utilizzato per generare dati statistici sull&#8217;utilizzo del sito web da parte del visitatore. Utilizzato da Google Analytics.<\/p>\n<p>_gat Analytics.solida.com.es 1 giorno Utilizzato da Google Analytics per monitorare il tasso di richiesta.<\/p>\n<p>_gid Analytics.solida.com.es 1 giorno Registra un ID univoco che viene utilizzato per generare dati statistici sull&#8217;utilizzo del sito web da parte del visitatore.<\/p>\n<p><strong>Come disattivare i cookies?<\/strong><\/p>\n<p>Di solito \u00e8 possibile smettere di accettare i cookie del browser o di accettare i cookie di un determinato servizio.<\/p>\n<p>Tutti i browser moderni consentono di modificare le impostazioni dei cookie. Queste impostazioni si trovano solitamente nel menu &#8220;opzioni&#8221; o &#8220;preferenze&#8221; del browser. \u00c8 inoltre possibile configurare il proprio browser o il proprio gestore di posta elettronica, nonch\u00e9 installare plug-in gratuiti per evitare che i Web Bug vengano scaricati quando si apre un&#8217;e-mail.<\/p>\n<p>Il Web offre una guida all&#8217;Utente sui passaggi per accedere al menu per la configurazione dei cookie e, se del caso, della navigazione privata in ciascuno dei principali browser:<\/p>\n<ul>\n<li>Gestione dei cookie in Mozilla Firefox<\/li>\n<li>Gestione dei cookie in ChromeGestione dei cookie in Internet Explorer<\/li>\n<li>Gestione dei cookie in Safari<\/li>\n<li>Gestione dei cookie in Opera<\/li>\n<\/ul>\n<p><strong>Possono esserci modifiche alla Politica sui cookies?<\/strong><\/p>\n<p>Il Sito Web pu\u00f2 modificare la presente Politica sui cookie in base a requisiti legislativi o normativi, o con l&#8217;obiettivo di adattare questa politica alle istruzioni emanate dall&#8217;Agenzia spagnola per la protezione dei dati, pertanto si consiglia agli utenti di visitarla periodicamente.<\/p>\n<p>In caso di modifiche significative alla presente Politica sui cookie, queste verranno comunicate agli utenti attraverso il sito web o tramite e-mail agli utenti registrati.<\/p>\n","protected":false},"excerpt":{"rendered":"<p>Politica dei Cookies Cosa sono i cookies? Il sito web di SOLIDA ENERGIE RINNOVABILI SRL (di seguito il Sito) utilizza i cookie. I cookie sono file inviati a un browser da un server web per registrare le attivit\u00e0 dell&#8217;utente su un determinato sito web. Lo scopo principale dei cookie \u00e8 quello di fornire all&#8217;utente un&#8230;<\/p>\n","protected":false},"author":3,"featured_media":5828,"parent":0,"menu_order":0,"comment_status":"closed","ping_status":"closed","template":"","meta":{"footnotes":""},"class_list":["post-6651","page","type-page","status-publish","has-post-thumbnail","hentry"],"yoast_head":"<!-- This site is optimized with the Yoast SEO plugin v27.4 - https:\/\/yoast.com\/product\/yoast-seo-wordpress\/ -->\n<title>Politica dei Cookies - S\u00f3lida<\/title>\n<meta name=\"robots\" content=\"index, follow, max-snippet:-1, max-image-preview:large, max-video-preview:-1\" \/>\n<link rel=\"canonical\" href=\"https:\/\/solida.com.es\/it\/politica-dei-cookies\/\" \/>\n<meta property=\"og:locale\" content=\"it_IT\" \/>\n<meta property=\"og:type\" content=\"article\" \/>\n<meta property=\"og:title\" content=\"Politica dei Cookies - S\u00f3lida\" \/>\n<meta property=\"og:description\" content=\"Politica dei Cookies Cosa sono i cookies? Il sito web di SOLIDA ENERGIE RINNOVABILI SRL (di seguito il Sito) utilizza i cookie. I cookie sono file inviati a un browser da un server web per registrare le attivit\u00e0 dell&#8217;utente su un determinato sito web. Lo scopo principale dei cookie \u00e8 quello di fornire all&#8217;utente un...\" \/>\n<meta property=\"og:url\" content=\"https:\/\/solida.com.es\/it\/politica-dei-cookies\/\" \/>\n<meta property=\"og:site_name\" content=\"S\u00f3lida\" \/>\n<meta property=\"article:modified_time\" content=\"2023-05-31T13:41:06+00:00\" \/>\n<meta property=\"og:image\" content=\"https:\/\/solida.com.es\/wp-content\/uploads\/2017\/06\/header-post-infra.jpg\" \/>\n\t<meta property=\"og:image:width\" content=\"2000\" \/>\n\t<meta property=\"og:image:height\" content=\"225\" \/>\n\t<meta property=\"og:image:type\" content=\"image\/jpeg\" \/>\n<meta name=\"twitter:card\" content=\"summary_large_image\" \/>\n<meta name=\"twitter:label1\" content=\"Tempo di lettura stimato\" \/>\n\t<meta name=\"twitter:data1\" content=\"7 minuti\" \/>\n<script type=\"application\/ld+json\" class=\"yoast-schema-graph\">{\"@context\":\"https:\\\/\\\/schema.org\",\"@graph\":[{\"@type\":\"WebPage\",\"@id\":\"https:\\\/\\\/solida.com.es\\\/it\\\/politica-dei-cookies\\\/\",\"url\":\"https:\\\/\\\/solida.com.es\\\/it\\\/politica-dei-cookies\\\/\",\"name\":\"Politica dei Cookies - S\u00f3lida\",\"isPartOf\":{\"@id\":\"https:\\\/\\\/solida.com.es\\\/it\\\/#website\"},\"primaryImageOfPage\":{\"@id\":\"https:\\\/\\\/solida.com.es\\\/it\\\/politica-dei-cookies\\\/#primaryimage\"},\"image\":{\"@id\":\"https:\\\/\\\/solida.com.es\\\/it\\\/politica-dei-cookies\\\/#primaryimage\"},\"thumbnailUrl\":\"https:\\\/\\\/solida.com.es\\\/wp-content\\\/uploads\\\/2017\\\/06\\\/header-post-infra.jpg\",\"datePublished\":\"2018-02-16T12:12:34+00:00\",\"dateModified\":\"2023-05-31T13:41:06+00:00\",\"breadcrumb\":{\"@id\":\"https:\\\/\\\/solida.com.es\\\/it\\\/politica-dei-cookies\\\/#breadcrumb\"},\"inLanguage\":\"it-IT\",\"potentialAction\":[{\"@type\":\"ReadAction\",\"target\":[\"https:\\\/\\\/solida.com.es\\\/it\\\/politica-dei-cookies\\\/\"]}]},{\"@type\":\"ImageObject\",\"inLanguage\":\"it-IT\",\"@id\":\"https:\\\/\\\/solida.com.es\\\/it\\\/politica-dei-cookies\\\/#primaryimage\",\"url\":\"https:\\\/\\\/solida.com.es\\\/wp-content\\\/uploads\\\/2017\\\/06\\\/header-post-infra.jpg\",\"contentUrl\":\"https:\\\/\\\/solida.com.es\\\/wp-content\\\/uploads\\\/2017\\\/06\\\/header-post-infra.jpg\",\"width\":2000,\"height\":225},{\"@type\":\"BreadcrumbList\",\"@id\":\"https:\\\/\\\/solida.com.es\\\/it\\\/politica-dei-cookies\\\/#breadcrumb\",\"itemListElement\":[{\"@type\":\"ListItem\",\"position\":1,\"name\":\"Portada\",\"item\":\"https:\\\/\\\/solida.com.es\\\/it\\\/\"},{\"@type\":\"ListItem\",\"position\":2,\"name\":\"Politica dei Cookies\"}]},{\"@type\":\"WebSite\",\"@id\":\"https:\\\/\\\/solida.com.es\\\/it\\\/#website\",\"url\":\"https:\\\/\\\/solida.com.es\\\/it\\\/\",\"name\":\"S\u00f3lida\",\"description\":\"Ingeniera especializada en renovables\",\"potentialAction\":[{\"@type\":\"SearchAction\",\"target\":{\"@type\":\"EntryPoint\",\"urlTemplate\":\"https:\\\/\\\/solida.com.es\\\/it\\\/?s={search_term_string}\"},\"query-input\":{\"@type\":\"PropertyValueSpecification\",\"valueRequired\":true,\"valueName\":\"search_term_string\"}}],\"inLanguage\":\"it-IT\"}]}<\/script>\n<!-- \/ Yoast SEO plugin. -->","yoast_head_json":{"title":"Politica dei Cookies - S\u00f3lida","robots":{"index":"index","follow":"follow","max-snippet":"max-snippet:-1","max-image-preview":"max-image-preview:large","max-video-preview":"max-video-preview:-1"},"canonical":"https:\/\/solida.com.es\/it\/politica-dei-cookies\/","og_locale":"it_IT","og_type":"article","og_title":"Politica dei Cookies - S\u00f3lida","og_description":"Politica dei Cookies Cosa sono i cookies? Il sito web di SOLIDA ENERGIE RINNOVABILI SRL (di seguito il Sito) utilizza i cookie. I cookie sono file inviati a un browser da un server web per registrare le attivit\u00e0 dell&#8217;utente su un determinato sito web. Lo scopo principale dei cookie \u00e8 quello di fornire all&#8217;utente un...","og_url":"https:\/\/solida.com.es\/it\/politica-dei-cookies\/","og_site_name":"S\u00f3lida","article_modified_time":"2023-05-31T13:41:06+00:00","og_image":[{"width":2000,"height":225,"url":"https:\/\/solida.com.es\/wp-content\/uploads\/2017\/06\/header-post-infra.jpg","type":"image\/jpeg"}],"twitter_card":"summary_large_image","twitter_misc":{"Tempo di lettura stimato":"7 minuti"},"schema":{"@context":"https:\/\/schema.org","@graph":[{"@type":"WebPage","@id":"https:\/\/solida.com.es\/it\/politica-dei-cookies\/","url":"https:\/\/solida.com.es\/it\/politica-dei-cookies\/","name":"Politica dei Cookies - S\u00f3lida","isPartOf":{"@id":"https:\/\/solida.com.es\/it\/#website"},"primaryImageOfPage":{"@id":"https:\/\/solida.com.es\/it\/politica-dei-cookies\/#primaryimage"},"image":{"@id":"https:\/\/solida.com.es\/it\/politica-dei-cookies\/#primaryimage"},"thumbnailUrl":"https:\/\/solida.com.es\/wp-content\/uploads\/2017\/06\/header-post-infra.jpg","datePublished":"2018-02-16T12:12:34+00:00","dateModified":"2023-05-31T13:41:06+00:00","breadcrumb":{"@id":"https:\/\/solida.com.es\/it\/politica-dei-cookies\/#breadcrumb"},"inLanguage":"it-IT","potentialAction":[{"@type":"ReadAction","target":["https:\/\/solida.com.es\/it\/politica-dei-cookies\/"]}]},{"@type":"ImageObject","inLanguage":"it-IT","@id":"https:\/\/solida.com.es\/it\/politica-dei-cookies\/#primaryimage","url":"https:\/\/solida.com.es\/wp-content\/uploads\/2017\/06\/header-post-infra.jpg","contentUrl":"https:\/\/solida.com.es\/wp-content\/uploads\/2017\/06\/header-post-infra.jpg","width":2000,"height":225},{"@type":"BreadcrumbList","@id":"https:\/\/solida.com.es\/it\/politica-dei-cookies\/#breadcrumb","itemListElement":[{"@type":"ListItem","position":1,"name":"Portada","item":"https:\/\/solida.com.es\/it\/"},{"@type":"ListItem","position":2,"name":"Politica dei Cookies"}]},{"@type":"WebSite","@id":"https:\/\/solida.com.es\/it\/#website","url":"https:\/\/solida.com.es\/it\/","name":"S\u00f3lida","description":"Ingeniera especializada en renovables","potentialAction":[{"@type":"SearchAction","target":{"@type":"EntryPoint","urlTemplate":"https:\/\/solida.com.es\/it\/?s={search_term_string}"},"query-input":{"@type":"PropertyValueSpecification","valueRequired":true,"valueName":"search_term_string"}}],"inLanguage":"it-IT"}]}},"_links":{"self":[{"href":"https:\/\/solida.com.es\/it\/wp-json\/wp\/v2\/pages\/6651","targetHints":{"allow":["GET"]}}],"collection":[{"href":"https:\/\/solida.com.es\/it\/wp-json\/wp\/v2\/pages"}],"about":[{"href":"https:\/\/solida.com.es\/it\/wp-json\/wp\/v2\/types\/page"}],"author":[{"embeddable":true,"href":"https:\/\/solida.com.es\/it\/wp-json\/wp\/v2\/users\/3"}],"replies":[{"embeddable":true,"href":"https:\/\/solida.com.es\/it\/wp-json\/wp\/v2\/comments?post=6651"}],"version-history":[{"count":0,"href":"https:\/\/solida.com.es\/it\/wp-json\/wp\/v2\/pages\/6651\/revisions"}],"wp:featuredmedia":[{"embeddable":true,"href":"https:\/\/solida.com.es\/it\/wp-json\/wp\/v2\/media\/5828"}],"wp:attachment":[{"href":"https:\/\/solida.com.es\/it\/wp-json\/wp\/v2\/media?parent=6651"}],"curies":[{"name":"wp","href":"https:\/\/api.w.org\/{rel}","templated":true}]}}